{"id":970,"date":"2024-04-15T22:22:54","date_gmt":"2024-04-15T22:22:54","guid":{"rendered":"https:\/\/swissbeautypro.com\/?post_type=product&#038;p=970"},"modified":"2025-12-16T08:11:31","modified_gmt":"2025-12-16T08:11:31","slug":"beta-carotene-floral","status":"publish","type":"product","link":"https:\/\/swissbeautypro.com\/de\/produkt\/beta-carotene-floral\/","title":{"rendered":"BETA-CAROTENE FLORAL"},"content":{"rendered":"<p><span style=\"color: #000000;\"><strong>VORTEILE:<\/strong><\/span><\/p>\n<p class=\" translation-block\">Wirkt beruhigend auf gereizte Haut, Hauptinhaltsstoff ist Beta-Carotin, das in Vitamin A (Retinol) \numgewandelt wird. <br>\n\u2022 Beschleunigt den Zellumsatz, die Kollagenproduktion und die Schlie\u00dfung der Poren. <br>\n\u2022 Begrenzt die \u00dcberproduktion von Melanin. <br>\n\u2022 Ceramide sorgen f\u00fcr eine konstante Feuchtigkeitszufuhr und lassen die Haut gesund und \nstrahlend aussehen.<\/p>\n<p><strong><span style=\"color: #000000;\">HAUTTYPEN\/HAUTPROBLEME:<\/span><\/strong><\/p>\n<p class=\" translation-block\">Ideal f\u00fcr reife Haut mit Mimikfalten, Mattigkeit und \nungleichm\u00e4\u00dfiger Textur, R\u00f6tungen, strapazierter Haut und Ekzemen.<\/p>\n<p><span style=\"color: #000000;\"><strong>AKTIVE INHALTSSTOFFE:<\/strong><\/span><\/p>\n<p class=\" translation-block\">\u2022 Bio-Hafermehl. <br>\n\u2022 Bio-Calendula. <br>\n\u2022 Ceramide<\/p>\n<p><span style=\"color: #000000;\"><strong>ZUTATEN:<\/strong><\/span><\/p>\n<p class=\" translation-block\">Organic Calendula &amp; Ceramides, Potassium Alginate, Sodium Alginate, Organic Whole Grain Oat<br>\r\nFlour, Organic White Rice Flour, Glucose, Silika, Organic White Willow Bark Powder, Organic<br>\r\nCalendula (Calendula officinalis) POWDER, SODIUM HYALURONATE, CERAMIDES<br>\r\n(TRITICUM VULGARE) EXTRACT Providing Glycolipids, Phytoceramides and<br>\r\nGlycosylCheremides), Calcium Sulfate, Potassium, Magnesium, Sodium Chloride, Bicarbonate,<br>\r\nSodium Pyrophosphate, Organic Calendula (Calendula officinalis) Oil, Fragrance.<\/p>\n<p><span style=\"color: #000000;\"><strong>ANWENDUNG<\/strong><\/span><\/p>\n<p>\u2022 50 ml des Produkts mit 40 ml Wasser mischen.<br \/>\n\u2022 Auf die zu behandelnde Hautoberfl\u00e4che auftragen.<br \/>\n\u2022 20 Minuten einwirken lassen und abnehmen.<\/p>\n<p><span style=\"color: #000000;\"><strong>ANWENDUNGEN:<\/strong><\/span><\/p>\n<p>Gesicht: 17 Anwendungen<br \/>\nGesicht und Hals: 10 Anwendungen.<\/p>\n<p><span style=\"color: #000000;\"><strong>MENGE:<\/strong><\/span><\/p>\n<p>500gr<\/p>","protected":false},"excerpt":{"rendered":"<p><span style=\"color: #000000;\">Lieferung 2-3 Werktage<\/span><\/p>","protected":false},"featured_media":971,"comment_status":"open","ping_status":"closed","template":"","meta":[],"product_cat":[114,71,115,116,117,70,120,122,125],"product_tag":[94,74,82,77,76,81,80,79],"class_list":{"0":"post-970","1":"product","2":"type-product","3":"status-publish","4":"has-post-thumbnail","6":"product_brand-esthemax","7":"product_cat-dull-skin","8":"product_cat-hydrojelly-mask","9":"product_cat-irritated-skin","10":"product_cat-led-lamp","11":"product_cat-mature-skin","12":"product_cat-products","13":"product_cat-redness","14":"product_cat-sensitive-skin","15":"product_cat-wrinkles","16":"product_tag-anti-ageing","17":"product_tag-dull-skin","18":"product_tag-irritated-skin","19":"product_tag-led-lamp","20":"product_tag-mature-skin","21":"product_tag-redness","22":"product_tag-sensitive-skin","23":"product_tag-wrinkles","25":"first","26":"outofstock","27":"taxable","28":"shipping-taxable","29":"product-type-simple"},"_links":{"self":[{"href":"https:\/\/swissbeautypro.com\/de\/wp-json\/wp\/v2\/product\/970","targetHints":{"allow":["GET"]}}],"collection":[{"href":"https:\/\/swissbeautypro.com\/de\/wp-json\/wp\/v2\/product"}],"about":[{"href":"https:\/\/swissbeautypro.com\/de\/wp-json\/wp\/v2\/types\/product"}],"replies":[{"embeddable":true,"href":"https:\/\/swissbeautypro.com\/de\/wp-json\/wp\/v2\/comments?post=970"}],"version-history":[{"count":7,"href":"https:\/\/swissbeautypro.com\/de\/wp-json\/wp\/v2\/product\/970\/revisions"}],"predecessor-version":[{"id":2948,"href":"https:\/\/swissbeautypro.com\/de\/wp-json\/wp\/v2\/product\/970\/revisions\/2948"}],"wp:featuredmedia":[{"embeddable":true,"href":"https:\/\/swissbeautypro.com\/de\/wp-json\/wp\/v2\/media\/971"}],"wp:attachment":[{"href":"https:\/\/swissbeautypro.com\/de\/wp-json\/wp\/v2\/media?parent=970"}],"wp:term":[{"taxonomy":"product_cat","embeddable":true,"href":"https:\/\/swissbeautypro.com\/de\/wp-json\/wp\/v2\/product_cat?post=970"},{"taxonomy":"product_tag","embeddable":true,"href":"https:\/\/swissbeautypro.com\/de\/wp-json\/wp\/v2\/product_tag?post=970"}],"curies":[{"name":"wp","href":"https:\/\/api.w.org\/{rel}","templated":true}]}}