{"id":989,"date":"2024-04-15T22:53:25","date_gmt":"2024-04-15T22:53:25","guid":{"rendered":"https:\/\/swissbeautypro.com\/?post_type=product&#038;p=989"},"modified":"2026-03-10T21:29:32","modified_gmt":"2026-03-10T21:29:32","slug":"cica-complexion-care","status":"publish","type":"product","link":"https:\/\/swissbeautypro.com\/de\/produkt\/cica-complexion-care\/","title":{"rendered":"CICA COMPLEXION CARE"},"content":{"rendered":"<p><span style=\"color: #000000;\"><strong>VORTEILE:<\/strong><\/span><\/p>\n<p class=\" translation-block\">\u2022 F\u00f6rdert die Durchblutung von Hautl\u00e4sionen oder Wunden und beg\u00fcnstigt so den \nHeilungsprozess. <br>\n\u2022 Verringert die Bildung von Narbengewebe und verbessert die Elastizit\u00e4t der Haut. <br>\n\u2022 Stimuliert die Kollagensynthese, wodurch das Auftreten von oberfl\u00e4chlichen und tiefen \nFalten reduziert wird. <br>\n\u2022 Enth\u00e4lt antiseptische Eigenschaften. <br>\n\u2022 Diese Formel mildert das Erscheinungsbild von Hautunreinheiten und stellt die Gesundheit \nund Vitalit\u00e4t der Haut wieder her, indem sie den Zellerneuerungsprozess f\u00f6rdert.<\/p>\n<p><span style=\"color: #000000;\"><strong>HAUTTYPEN\/HAUTPROBLEME:<\/strong> <\/span><\/p>\n<p class=\" translation-block\">Empfindliche Haut mit Unreinheiten, Patienten, die zu Akne neigen, mit Akne<br>\nNarben oder Hautwunden.mit Aknenarben oder Hautwunden.<\/p>\n<p><span style=\"color: #000000;\"><strong>AKTIVE INHALTSSTOFFE:<\/strong><\/span><\/p>\n<p class=\" translation-block\">Bio-Jasmin: Enth\u00e4lt antiseptische Eigenschaften (antiviral, antibiotisch und antimykotisch), \ndie ihn ideal f\u00fcr die Wundheilung, Vorbeugung und Behandlung von Hautinfektionen \nmachen. Seine erstaunlichen Eigenschaften reduzieren Entz\u00fcndungen, R\u00f6tungen und \nSchmerzen. \n<br>\nCentella asiatica: Repariert und reduziert Narben. Behandelt Akne und beruhigt \nempfindliche und gereizte Haut. F\u00f6rdert die Zellregeneration.<\/p>\n<p><span style=\"color: #000000;\"><strong>ZUTATEN:<\/strong><\/span><\/p>\n<p class=\" translation-block\">Potassium Alginate, Sodium Alginate, Organic Whole Grain Oat Flour, * Organic White Rice Flour,<br>\r\nGlucose, Silika, * Organic White Willow Bark Powder, * Organic Jasmine (Jasminum) Powder, *<br>\r\nOrganic Gotu Kola (Centella Asiatica), Calcium Sulfate, PhytonAdione (Vitamin K), Sodium<br>\r\nHyaluronate, Potassium, Magnesium, Sodium, Chloride, Bicarbonate, Sodium Pyrophosphate, *<br>\r\nOrganic Jasmine (Jasminum) Oil, Fragrance.<\/p>\n<p><span style=\"color: #000000;\"><strong>ANWENDUNG<\/strong><\/span><\/p>\n<p>\u2022 50 ml des Produkts mit 40 ml Wasser mischen.<br \/>\n\u2022 Auf die zu behandelnde Hautoberfl\u00e4che auftragen.<br \/>\n\u2022 20 Minuten einwirken lassen und abnehmen.<\/p>\n<p><span style=\"color: #000000;\"><strong>ANWENDUNGEN:<\/strong><\/span><\/p>\n<p>Gesicht: 17 Anwendungen<br \/>\nGesicht und Hals: 10 Anwendungen.<\/p>\n<p><span style=\"color: #000000;\"><strong>MENGE:<\/strong><\/span><\/p>\n<p>500gr<\/p>","protected":false},"excerpt":{"rendered":"<p><span style=\"color: #000000;\">Lieferung 2-3 Werktage<\/span><\/p>","protected":false},"featured_media":990,"comment_status":"open","ping_status":"closed","template":"","meta":[],"product_cat":[107,112,71,116,70,122],"product_tag":[86,94,83,77,80],"class_list":{"0":"post-989","1":"product","2":"type-product","3":"status-publish","4":"has-post-thumbnail","6":"product_brand-esthemax","7":"product_cat-acne","8":"product_cat-blemishes","9":"product_cat-hydrojelly-mask","10":"product_cat-led-lamp","11":"product_cat-products","12":"product_cat-sensitive-skin","13":"product_tag-acne","14":"product_tag-anti-ageing","15":"product_tag-blemishes","16":"product_tag-led-lamp","17":"product_tag-sensitive-skin","19":"first","20":"outofstock","21":"taxable","22":"shipping-taxable","23":"product-type-simple"},"_links":{"self":[{"href":"https:\/\/swissbeautypro.com\/de\/wp-json\/wp\/v2\/product\/989","targetHints":{"allow":["GET"]}}],"collection":[{"href":"https:\/\/swissbeautypro.com\/de\/wp-json\/wp\/v2\/product"}],"about":[{"href":"https:\/\/swissbeautypro.com\/de\/wp-json\/wp\/v2\/types\/product"}],"replies":[{"embeddable":true,"href":"https:\/\/swissbeautypro.com\/de\/wp-json\/wp\/v2\/comments?post=989"}],"version-history":[{"count":5,"href":"https:\/\/swissbeautypro.com\/de\/wp-json\/wp\/v2\/product\/989\/revisions"}],"predecessor-version":[{"id":2944,"href":"https:\/\/swissbeautypro.com\/de\/wp-json\/wp\/v2\/product\/989\/revisions\/2944"}],"wp:featuredmedia":[{"embeddable":true,"href":"https:\/\/swissbeautypro.com\/de\/wp-json\/wp\/v2\/media\/990"}],"wp:attachment":[{"href":"https:\/\/swissbeautypro.com\/de\/wp-json\/wp\/v2\/media?parent=989"}],"wp:term":[{"taxonomy":"product_cat","embeddable":true,"href":"https:\/\/swissbeautypro.com\/de\/wp-json\/wp\/v2\/product_cat?post=989"},{"taxonomy":"product_tag","embeddable":true,"href":"https:\/\/swissbeautypro.com\/de\/wp-json\/wp\/v2\/product_tag?post=989"}],"curies":[{"name":"wp","href":"https:\/\/api.w.org\/{rel}","templated":true}]}}