{"id":997,"date":"2024-04-15T23:00:01","date_gmt":"2024-04-15T23:00:01","guid":{"rendered":"https:\/\/swissbeautypro.com\/?post_type=product&#038;p=997"},"modified":"2026-01-20T22:04:35","modified_gmt":"2026-01-20T22:04:35","slug":"egyptian-rose","status":"publish","type":"product","link":"https:\/\/swissbeautypro.com\/de\/produkt\/egyptian-rose\/","title":{"rendered":"EGYPTIAN ROSE"},"content":{"rendered":"<p><span style=\"color: #000000;\"><strong>VORTEILE:<\/strong><\/span><\/p>\n<p class=\" translation-block\">Die \u00e4gyptische Rosenmaske enth\u00e4lt acht Arten von Rosenbl\u00e4ttern, die die Haut den ganzen Tag \u00fcber \nmit Feuchtigkeit versorgen. Die Haut beginnt, ihre Festigkeit und Geschmeidigkeit \nzur\u00fcckzugewinnen, w\u00e4hrend das Auftreten von feinen Linien und Falten zu reduzieren. <br>\n\u2022 Hellt die Haut auf. \n\u2022 H\u00e4lt die Haut mit Feuchtigkeit versorgt. <br>\n\u2022 Stellt die Festigkeit der Haut wieder her und mildert gleichzeitig das Erscheinungsbild feiner \nLinien. <br>\n\u2022 Reduziert die Hyperpigmentierung der Haut und sorgt f\u00fcr eine gleichm\u00e4\u00dfigere Hautfarbe.<\/p>\n<p><span style=\"color: #000000;\"><strong>HAUTTYPEN\/HAUTPROBLEME:<\/strong> <\/span><\/p>\n<p class=\" translation-block\">Alle Hauttypen, reife Haut, ungleichm\u00e4\u00dfiger Hautton.<\/p>\n<p><span style=\"color: #000000;\"><strong>AKTIVE INHALTSSTOFFE:<\/strong><\/span><\/p>\n<p>Bio-Rosenbl\u00fctenknospenpulver.<\/p>\n<p><span style=\"color: #000000;\"><strong>ZUTATEN:<\/strong><\/span><\/p>\n<p class=\" translation-block\">Organic Rose Petals (Vitamin C) and Organic Rose Buds, Potassium Alginate, Sodium Alginate, \nOrganic Whole Grain Oat Flour, Organic White Rice Flou, Glucose, Silika, Organic White Willow \nBark Powder, Organic Rose Petals, Red Rose Buds and Petals (Pink Centifolia) Powder, Calcium \nsulfate, potassium, magnesium, sodium, chloride, bicarbonate, sodium pyrophosphate, fragrance.<\/p>\n<p><span style=\"color: #000000;\"><strong>ANWENDUNG<\/strong><\/span><\/p>\n<p class=\" translation-block\">\u2022 Mischen Sie 50 ml des Produkts mit 40 ml Wasser.<br>\n\u2022 Auf die zu behandelnde Hautoberfl\u00e4che auftragen.<br>\n\u2022 20 Minuten einwirken lassen und entfernen.<\/p>\n<p><span style=\"color: #000000;\"><strong>ANWENDUNGEN:<\/strong><\/span><\/p>\n<p>Gesicht: 17 Anwendungen<\/p>\n<p>Gesicht und Hals: 10 Anwendungen.<\/p>\n<p><span style=\"color: #000000;\"><strong>MENGE:<\/strong> <\/span><\/p>\n<p>500gr<\/p>","protected":false},"excerpt":{"rendered":"<p><span style=\"color: #000000;\">Lieferung 2-3 Werktage<\/span><\/p>","protected":false},"featured_media":999,"comment_status":"open","ping_status":"closed","template":"","meta":[],"product_cat":[109,113,114,116,70,71],"product_tag":[87,94,73,74,77],"class_list":{"0":"post-997","1":"product","2":"type-product","3":"status-publish","4":"has-post-thumbnail","6":"product_brand-esthemax","7":"product_cat-all-skin-types","8":"product_cat-dry-skin","9":"product_cat-dull-skin","10":"product_cat-led-lamp","11":"product_cat-products","12":"product_cat-hydrojelly-mask","13":"product_tag-all-skin-types","14":"product_tag-anti-ageing","15":"product_tag-dry-skin","16":"product_tag-dull-skin","17":"product_tag-led-lamp","19":"first","20":"outofstock","21":"taxable","22":"shipping-taxable","23":"product-type-simple"},"_links":{"self":[{"href":"https:\/\/swissbeautypro.com\/de\/wp-json\/wp\/v2\/product\/997","targetHints":{"allow":["GET"]}}],"collection":[{"href":"https:\/\/swissbeautypro.com\/de\/wp-json\/wp\/v2\/product"}],"about":[{"href":"https:\/\/swissbeautypro.com\/de\/wp-json\/wp\/v2\/types\/product"}],"replies":[{"embeddable":true,"href":"https:\/\/swissbeautypro.com\/de\/wp-json\/wp\/v2\/comments?post=997"}],"version-history":[{"count":5,"href":"https:\/\/swissbeautypro.com\/de\/wp-json\/wp\/v2\/product\/997\/revisions"}],"predecessor-version":[{"id":2942,"href":"https:\/\/swissbeautypro.com\/de\/wp-json\/wp\/v2\/product\/997\/revisions\/2942"}],"wp:featuredmedia":[{"embeddable":true,"href":"https:\/\/swissbeautypro.com\/de\/wp-json\/wp\/v2\/media\/999"}],"wp:attachment":[{"href":"https:\/\/swissbeautypro.com\/de\/wp-json\/wp\/v2\/media?parent=997"}],"wp:term":[{"taxonomy":"product_cat","embeddable":true,"href":"https:\/\/swissbeautypro.com\/de\/wp-json\/wp\/v2\/product_cat?post=997"},{"taxonomy":"product_tag","embeddable":true,"href":"https:\/\/swissbeautypro.com\/de\/wp-json\/wp\/v2\/product_tag?post=997"}],"curies":[{"name":"wp","href":"https:\/\/api.w.org\/{rel}","templated":true}]}}