{"id":2303,"date":"2024-06-10T23:38:15","date_gmt":"2024-06-10T23:38:15","guid":{"rendered":"https:\/\/swissbeautypro.com\/?post_type=product&#038;p=2303"},"modified":"2026-02-25T20:36:09","modified_gmt":"2026-02-25T20:36:09","slug":"fluide-concentre-53-plus","status":"publish","type":"product","link":"https:\/\/swissbeautypro.com\/en\/product\/fluide-concentre-53-plus\/","title":{"rendered":"Fluide Concentr\u00e9 53 Plus"},"content":{"rendered":"<p><span style=\"color: #000000;\"><strong>ACTION<\/strong><\/span><\/p>\n<p>\u2022 normalizes sebum production<br \/>\n\u2022 unclogs and tightens pores<br \/>\n\u2022 improves skin immunity<br \/>\n\u2022 soothes inflammation<br \/>\n\u2022 promotes healing<\/p>\n<p><span style=\"color: #000000;\"><strong>SKIN TYPES\/CONCERNS:<\/strong> <\/span><\/p>\n<p>Oily Skin, Blemishes, Acne prone skin<\/p>\n<p><strong><span style=\"color: #000000;\">ACTIVE INGREDIENTS<\/span><\/strong><\/p>\n<p>Lactoferrin; Lactoperoxidase; extracts of Laminaria, Thyme, Chinese date (Z\u00edz\u00edphus juj\u00faba),<br \/>\nEnantia chlorantha; Glucose oxidase; Panthenol<\/p>\n<p><strong><span style=\"color: #000000;\">HOW TO USE:<\/span><\/strong><\/p>\n<p>\u2022 Cleanse the skin with LK mousse or milk.<br \/>\n\u2022 Tone it by wiping it with a cotton pad moistened with tonic (lotion).<br \/>\n\u2022 Apply 1 dose of Fluid Concentr\u00e9 53 Plus and allow it to soak in.<br \/>\n\u2022 Then apply a dose of your favorite LK cream after mixing it on your palm with 1-3 drops of Linda<br \/>\nKristel active serum<br \/>\n\u2022 Use in the morning and\/or evening.<\/p>\n<p><strong><span style=\"color: #000000;\">AMOUNT:<\/span> <\/strong><\/p>\n<p>30 ML<\/p>\n<p><em><strong><span style=\"color: #ff99cc;\">Sell Linda Kristel products in your salon and ensure great home care results for your clients.<\/span><\/strong><\/em><\/p>\n","protected":false},"excerpt":{"rendered":"<p><span style=\"color: #000000;\">Delivery 2-3 business days<\/span><\/p>\n","protected":false},"featured_media":2304,"comment_status":"open","ping_status":"closed","template":"","meta":[],"product_cat":[95],"product_tag":[86,83,88],"class_list":{"0":"post-2303","1":"product","2":"type-product","3":"status-publish","4":"has-post-thumbnail","6":"product_brand-linda-kristel","7":"product_cat-serums","8":"product_tag-acne","9":"product_tag-blemishes","10":"product_tag-oily-skin","12":"first","13":"instock","14":"taxable","15":"shipping-taxable","16":"product-type-simple"},"_links":{"self":[{"href":"https:\/\/swissbeautypro.com\/en\/wp-json\/wp\/v2\/product\/2303","targetHints":{"allow":["GET"]}}],"collection":[{"href":"https:\/\/swissbeautypro.com\/en\/wp-json\/wp\/v2\/product"}],"about":[{"href":"https:\/\/swissbeautypro.com\/en\/wp-json\/wp\/v2\/types\/product"}],"replies":[{"embeddable":true,"href":"https:\/\/swissbeautypro.com\/en\/wp-json\/wp\/v2\/comments?post=2303"}],"version-history":[{"count":4,"href":"https:\/\/swissbeautypro.com\/en\/wp-json\/wp\/v2\/product\/2303\/revisions"}],"predecessor-version":[{"id":2848,"href":"https:\/\/swissbeautypro.com\/en\/wp-json\/wp\/v2\/product\/2303\/revisions\/2848"}],"wp:featuredmedia":[{"embeddable":true,"href":"https:\/\/swissbeautypro.com\/en\/wp-json\/wp\/v2\/media\/2304"}],"wp:attachment":[{"href":"https:\/\/swissbeautypro.com\/en\/wp-json\/wp\/v2\/media?parent=2303"}],"wp:term":[{"taxonomy":"product_cat","embeddable":true,"href":"https:\/\/swissbeautypro.com\/en\/wp-json\/wp\/v2\/product_cat?post=2303"},{"taxonomy":"product_tag","embeddable":true,"href":"https:\/\/swissbeautypro.com\/en\/wp-json\/wp\/v2\/product_tag?post=2303"}],"curies":[{"name":"wp","href":"https:\/\/api.w.org\/{rel}","templated":true}]}}