{"id":2324,"date":"2024-06-11T00:41:58","date_gmt":"2024-06-11T00:41:58","guid":{"rendered":"https:\/\/swissbeautypro.com\/?post_type=product&#038;p=2324"},"modified":"2025-11-24T02:27:51","modified_gmt":"2025-11-24T02:27:51","slug":"creme-peau-lisse","status":"publish","type":"product","link":"https:\/\/swissbeautypro.com\/en\/product\/creme-peau-lisse\/","title":{"rendered":"Creme Peau Lisse"},"content":{"rendered":"<p><span style=\"color: #000000;\"><strong>ACTION<\/strong><\/span><\/p>\n<p>\u2022 evens out the complexion and mattifies the skin<br \/>\n\u2022 normalizes sebum production<br \/>\n\u2022 tightens pores, promotes healing<br \/>\n\u2022 promotes the natural balance of the skin microflora<\/p>\n<p><span style=\"color: #000000;\"><strong>SKIN TYPES\/CONCERNS:<\/strong> <\/span><\/p>\n<p>Oily Skin, Blemishes, Acne<\/p>\n<p><strong><span style=\"color: #000000;\">ACTIVE INGREDIENTS<\/span><\/strong><\/p>\n<p>Zinc oxide; extracts of Propolis, Sophora japonica, Pineapple, Burdock, Silver birch, Enantia<br \/>\nchlorantha, Chinese date (Z\u00edz\u00edphus juj\u00faba), Papaya, Thyme; Vitamin F; complex of essential oils<\/p>\n<p><strong><span style=\"color: #000000;\">HOW TO USE:<\/span><\/strong><\/p>\n<p>\u2022 Cleanse the skin with LK mousse or milk.<br \/>\n\u2022 Tone it by wiping it with a cotton pad moistened with tonic (lotion).<br \/>\n\u2022 Apply a dose of Peau Lisse cream with patting movements after mixing it on your palm with 1-3<br \/>\ndrops of Linda Kristel active serum.<br \/>\n\u2022 Use in the morning and\/or evening.<\/p>\n<p><strong><span style=\"color: #000000;\">AMOUNT:<\/span> <\/strong><\/p>\n<p>50 ML<\/p>\n<p><em><strong><span style=\"color: #ff99cc;\">Sell Linda Kristel products in your salon and ensure great home care results for your clients.<\/span><\/strong><\/em><\/p>\n","protected":false},"excerpt":{"rendered":"<p><span style=\"color: #000000;\">Delivery 2-3 business days<\/span><\/p>\n","protected":false},"featured_media":2326,"comment_status":"open","ping_status":"closed","template":"","meta":[],"product_cat":[141],"product_tag":[86,83,88],"class_list":{"0":"post-2324","1":"product","2":"type-product","3":"status-publish","4":"has-post-thumbnail","6":"product_brand-linda-kristel","7":"product_cat-face-creams","8":"product_tag-acne","9":"product_tag-blemishes","10":"product_tag-oily-skin","12":"first","13":"instock","14":"taxable","15":"shipping-taxable","16":"product-type-simple"},"_links":{"self":[{"href":"https:\/\/swissbeautypro.com\/en\/wp-json\/wp\/v2\/product\/2324","targetHints":{"allow":["GET"]}}],"collection":[{"href":"https:\/\/swissbeautypro.com\/en\/wp-json\/wp\/v2\/product"}],"about":[{"href":"https:\/\/swissbeautypro.com\/en\/wp-json\/wp\/v2\/types\/product"}],"replies":[{"embeddable":true,"href":"https:\/\/swissbeautypro.com\/en\/wp-json\/wp\/v2\/comments?post=2324"}],"version-history":[{"count":3,"href":"https:\/\/swissbeautypro.com\/en\/wp-json\/wp\/v2\/product\/2324\/revisions"}],"predecessor-version":[{"id":2842,"href":"https:\/\/swissbeautypro.com\/en\/wp-json\/wp\/v2\/product\/2324\/revisions\/2842"}],"wp:featuredmedia":[{"embeddable":true,"href":"https:\/\/swissbeautypro.com\/en\/wp-json\/wp\/v2\/media\/2326"}],"wp:attachment":[{"href":"https:\/\/swissbeautypro.com\/en\/wp-json\/wp\/v2\/media?parent=2324"}],"wp:term":[{"taxonomy":"product_cat","embeddable":true,"href":"https:\/\/swissbeautypro.com\/en\/wp-json\/wp\/v2\/product_cat?post=2324"},{"taxonomy":"product_tag","embeddable":true,"href":"https:\/\/swissbeautypro.com\/en\/wp-json\/wp\/v2\/product_tag?post=2324"}],"curies":[{"name":"wp","href":"https:\/\/api.w.org\/{rel}","templated":true}]}}