{"id":3627,"date":"2026-04-28T21:54:48","date_gmt":"2026-04-28T21:54:48","guid":{"rendered":"https:\/\/swissbeautypro.com\/?page_id=3627"},"modified":"2026-05-01T15:16:44","modified_gmt":"2026-05-01T15:16:44","slug":"coockie-policy","status":"publish","type":"page","link":"https:\/\/swissbeautypro.com\/fr\/coockie-policy\/","title":{"rendered":"Politique De Cookies De"},"content":{"rendered":"<div data-elementor-type=\"wp-page\" data-elementor-id=\"3627\" class=\"elementor elementor-3627\" data-elementor-post-type=\"page\">\n\t\t\t\t\t\t<section class=\"elementor-section elementor-top-section elementor-element elementor-element-69d33cd elementor-section-boxed elementor-section-height-default elementor-section-height-default\" data-id=\"69d33cd\" data-element_type=\"section\" data-settings=\"{&quot;_ha_eqh_enable&quot;:false}\">\n\t\t\t\t\t\t<div class=\"elementor-container elementor-column-gap-default\">\n\t\t\t\t\t<div class=\"elementor-column elementor-col-100 elementor-top-column elementor-element elementor-element-bf5d752\" data-id=\"bf5d752\" data-element_type=\"column\">\n\t\t\t<div class=\"elementor-widget-wrap elementor-element-populated\">\n\t\t\t\t\t\t<section class=\"elementor-section elementor-inner-section elementor-element elementor-element-8a64904 elementor-section-boxed elementor-section-height-default elementor-section-height-default\" data-id=\"8a64904\" data-element_type=\"section\" data-settings=\"{&quot;_ha_eqh_enable&quot;:false}\">\n\t\t\t\t\t\t<div class=\"elementor-container elementor-column-gap-default\">\n\t\t\t\t\t<div class=\"elementor-column elementor-col-100 elementor-inner-column elementor-element elementor-element-039f094\" data-id=\"039f094\" data-element_type=\"column\">\n\t\t\t<div class=\"elementor-widget-wrap elementor-element-populated\">\n\t\t\t\t\t\t<div class=\"elementor-element elementor-element-b3a883c elementor-widget elementor-widget-text-editor\" data-id=\"b3a883c\" data-element_type=\"widget\" data-widget_type=\"text-editor.default\">\n\t\t\t\t<div class=\"elementor-widget-container\">\n\t\t\t<style>\/*! elementor - v3.20.0 - 26-03-2024 *\/\n.elementor-widget-text-editor.elementor-drop-cap-view-stacked .elementor-drop-cap{background-color:#69727d;color:#fff}.elementor-widget-text-editor.elementor-drop-cap-view-framed .elementor-drop-cap{color:#69727d;border:3px solid;background-color:transparent}.elementor-widget-text-editor:not(.elementor-drop-cap-view-default) .elementor-drop-cap{margin-top:8px}.elementor-widget-text-editor:not(.elementor-drop-cap-view-default) .elementor-drop-cap-letter{width:1em;height:1em}.elementor-widget-text-editor .elementor-drop-cap{float:left;text-align:center;line-height:1;font-size:50px}.elementor-widget-text-editor .elementor-drop-cap-letter{display:inline-block}<\/style>\t\t\t\t<p class=\" translation-block\"><strong>Derni\u00e8re mise \u00e0 jour : <\/strong>14 avril 2026<\/p>\n\n<h2>1. Introduction<\/h2>\n<p>\nLe pr\u00e9sent document informe les Utilisateurs sur les technologies qui aident Swissbeautypro \u00e0 atteindre les\nfinalit\u00e9s d\u00e9crites ci-dessous.\n<\/p>\n<p>\nCes technologies permettent au Responsable du traitement d\u2019acc\u00e9der \u00e0 des informations et de les stocker (par\nexemple en utilisant un Cookie) ou d\u2019utiliser des ressources (par exemple en ex\u00e9cutant un script) sur\nl\u2019appareil d\u2019un Utilisateur lorsqu\u2019il interagit avec Swissbeautypro.\n<\/p>\n<p>\nPar souci de simplicit\u00e9, toutes ces technologies sont d\u00e9finies dans ce document comme des \u00ab Trackers \u00bb, sauf\nlorsqu\u2019il existe une raison de les diff\u00e9rencier.\n<\/p>\n<p>\nPar exemple, bien que les Cookies puissent \u00eatre utilis\u00e9s \u00e0 la fois sur des navigateurs web et mobiles, il serait\ninexact de parler de Cookies dans le contexte des applications mobiles, car il s\u2019agit de Trackers bas\u00e9s sur le\nnavigateur. Pour cette raison, dans ce document, le terme Cookies est utilis\u00e9 uniquement lorsqu\u2019il se r\u00e9f\u00e8re\nsp\u00e9cifiquement \u00e0 ce type particulier de Tracker.\n<\/p>\n<p>\nCertaines des finalit\u00e9s pour lesquelles les Trackers sont utilis\u00e9s peuvent n\u00e9cessiter le consentement de\nl\u2019Utilisateur. Lorsque le consentement est donn\u00e9, il peut \u00eatre librement retir\u00e9 \u00e0 tout moment en suivant les\ninstructions fournies dans ce document.\n<\/p>\n\n<h2>2. Types de Trackers utilis\u00e9s<\/h2>\n<p>Swissbeautypro utilise :<\/p>\n<ul>\n    <li>Trackers de premi\u00e8re partie (g\u00e9r\u00e9s directement par le Responsable du traitement)<\/li>\n    <li>Trackers de tiers (services fournis par des prestataires externes)<\/li>\n<\/ul>\n<p>\nLa validit\u00e9 et les dur\u00e9es de conservation des Trackers peuvent varier en fonction de leur configuration.\nCertains expirent \u00e0 la fin de la session de navigation de l\u2019Utilisateur.\n<\/p>\n\n<h2>3. Comment Swissbeautypro utilise les Trackers<\/h2>\n\n<h3>3.1 Trackers n\u00e9cessaires<\/h3>\n<p>\nSwissbeautypro utilise des Cookies dits \u00ab techniques \u00bb et d\u2019autres Trackers similaires pour effectuer des\nactivit\u00e9s strictement n\u00e9cessaires au fonctionnement ou \u00e0 la fourniture du Service.\n<\/p>\n<p>Ceux-ci incluent :<\/p>\n<ul>\n    <li>fonctionnement du site web<\/li>\n    <li>s\u00e9curit\u00e9<\/li>\n    <li>gestion des sessions<\/li>\n    <li>authentification des utilisateurs (connexion WordPress)<\/li>\n<\/ul>\n<p>Ces Trackers ne n\u00e9cessitent pas le consentement de l\u2019Utilisateur.<\/p>\n\n<h3>3.2 Trackers fonctionnels<\/h3>\n<p>\nCes Trackers permettent \u00e0 Swissbeautypro de m\u00e9moriser les pr\u00e9f\u00e9rences des Utilisateurs et d\u2019am\u00e9liorer\nl\u2019exp\u00e9rience globale de navigation.\n<\/p>\n\n<h3>3.3 Trackers d\u2019analyse<\/h3>\n<p>Swissbeautypro peut utiliser des services d\u2019analyse tels que :<\/p>\n<ul>\n    <li>Google Analytics<\/li>\n<\/ul>\n<p>\nGoogle Analytics est utilis\u00e9 pour collecter des donn\u00e9es agr\u00e9g\u00e9es et anonymis\u00e9es sur la mani\u00e8re dont les\nUtilisateurs interagissent avec le site web.\n<\/p>\n<p>Les donn\u00e9es collect\u00e9es peuvent inclure :<\/p>\n<ul>\n    <li>pages visit\u00e9es<\/li>\n    <li>temps pass\u00e9 sur les pages<\/li>\n    <li>interactions<\/li>\n    <li>localisation approximative<\/li>\n<\/ul>\n<p>Swissbeautypro peut activer l\u2019anonymisation de l\u2019adresse IP lorsque cela est possible.<\/p>\n<p>\nLes donn\u00e9es collect\u00e9es par Google Analytics peuvent \u00eatre transf\u00e9r\u00e9es et trait\u00e9es en dehors de la Suisse et de\nl\u2019Espace \u00e9conomique europ\u00e9en (par exemple aux \u00c9tats-Unis).\n<\/p>\n<p>Les Utilisateurs peuvent en savoir plus en consultant la politique de confidentialit\u00e9 de Google.<\/p>\n<p><em>*Ces Trackers n\u00e9cessitent le consentement de l\u2019Utilisateur.<\/em><\/p>\n\n<h3>3.4 Trackers li\u00e9s aux paiements<\/h3>\n<p>Lors des transactions, Swissbeautypro utilise des prestataires de paiement tiers :<\/p>\n<ul>\n    <li>Stripe<\/li>\n    <li>PayPal<\/li>\n    <li>Google Pay<\/li>\n<\/ul>\n<p>Ces prestataires agissent en tant que responsables du traitement ind\u00e9pendants.<\/p>\n<p>\nIls peuvent collecter et traiter les donn\u00e9es des Utilisateurs conform\u00e9ment \u00e0 leurs propres politiques de\nconfidentialit\u00e9.\n<\/p>\n<p>\nSwissbeautypro ne stocke pas les informations compl\u00e8tes de paiement telles que les num\u00e9ros de carte de\ncr\u00e9dit.\n<\/p>\n\n<h2>4. Gestion du consentement<\/h2>\n<p>Lors de la premi\u00e8re visite, un bandeau cookies est pr\u00e9sent\u00e9 aux Utilisateurs leur permettant de :<\/p>\n<ul>\n    <li>accepter tous les Trackers<\/li>\n    <li>refuser les Trackers non essentiels<\/li>\n    <li>personnaliser leurs pr\u00e9f\u00e9rences<\/li>\n<\/ul>\n<p>\nLe consentement est enregistr\u00e9 et peut \u00eatre modifi\u00e9 ou retir\u00e9 \u00e0 tout moment.\n<\/p>\n<p>Les Utilisateurs peuvent modifier leurs pr\u00e9f\u00e9rences en :<\/p>\n<ul>\n    <li>acc\u00e9dant aux param\u00e8tres des cookies sur le site web<\/li>\n    <li>supprimant les cookies dans leur navigateur<\/li>\n<\/ul>\n\n<h2>5. Comment d\u00e9sactiver les cookies<\/h2>\n<p>\nLes Utilisateurs peuvent g\u00e9rer ou d\u00e9sactiver les Cookies directement via les param\u00e8tres de leur navigateur.\n<\/p>\n<p>Ci-dessous les navigateurs les plus courants :<\/p>\n<ul>\n    <li>Google Chrome<\/li>\n    <li>Mozilla Firefox<\/li>\n    <li>Apple Safari<\/li>\n    <li>Microsoft Edge<\/li>\n<\/ul>\n<p>\nLes Utilisateurs peuvent \u00e9galement supprimer \u00e0 tout moment les Cookies pr\u00e9c\u00e9demment stock\u00e9s.\n<\/p>\n<p><em>La d\u00e9sactivation des Cookies n\u00e9cessaires peut affecter le fonctionnement de Swissbeautypro.<\/em><\/p>\n\n<h2>6. Responsable du traitement<\/h2>\n<p>\nSASIN Family Office SA<br>\nVia Arogno 11<br>\n6816 Bissone<br>\nEmail: info@swissbeautypro.com\n<\/p>\n\n<h2>7. Base juridique<\/h2>\n<p>L\u2019utilisation des Trackers repose sur :<\/p>\n<ul>\n    <li>l\u2019int\u00e9r\u00eat l\u00e9gitime (cookies n\u00e9cessaires)<\/li>\n    <li>le consentement de l\u2019Utilisateur (cookies analytiques et non essentiels)<\/li>\n<\/ul>\n\n<h2>8. D\u00e9finitions et r\u00e9f\u00e9rences juridiques<\/h2>\n\n<p><strong>Donn\u00e9es personnelles (ou Donn\u00e9es)<\/strong><br>\nToute information permettant d\u2019identifier directement ou indirectement une personne physique.\n<\/p>\n\n<p><strong>Donn\u00e9es d\u2019utilisation<\/strong><br>\nInformations collect\u00e9es automatiquement via Swissbeautypro, incluant les adresses IP, les donn\u00e9es du\nnavigateur, l\u2019heure de la requ\u00eate, les pages visit\u00e9es et d\u2019autres donn\u00e9es techniques.\n<\/p>\n\n<p><strong>Utilisateur<\/strong><br>\nLa personne utilisant Swissbeautypro qui, sauf indication contraire, correspond \u00e0 la personne concern\u00e9e.\n<\/p>\n\n<p><strong>Personne concern\u00e9e<\/strong><br>\nLa personne physique \u00e0 laquelle se rapportent les Donn\u00e9es personnelles.\n<\/p>\n\n<p><strong>Sous-traitant<\/strong><br>\nLa personne physique ou morale qui traite les Donn\u00e9es personnelles pour le compte du Responsable du\ntraitement.\n<\/p>\n\n<p><strong>Responsable du traitement<\/strong><br>\nL\u2019entit\u00e9 qui d\u00e9termine les finalit\u00e9s et les moyens du traitement des Donn\u00e9es personnelles.\n<\/p>\n\n<p><strong>Swissbeautypro (ou cette Application)<\/strong><br>\nLa plateforme par laquelle les Donn\u00e9es personnelles de l\u2019Utilisateur sont collect\u00e9es et trait\u00e9es.\n<\/p>\n\n<p><strong>Service<\/strong><br>\nLe service fourni par Swissbeautypro.\n<\/p>\n\n<p><strong>Cookie<\/strong><br>\nPetits ensembles de donn\u00e9es stock\u00e9s dans le navigateur de l\u2019Utilisateur.\n<\/p>\n\n<p><strong>Tracker<\/strong><br>\nToute technologie permettant le suivi des Utilisateurs, comme les Cookies, scripts ou identifiants.\n<\/p>\n\n<h2>9. Informations l\u00e9gales<\/h2>\n<p>\nLa pr\u00e9sente politique a \u00e9t\u00e9 r\u00e9dig\u00e9e sur la base du droit suisse de la protection des donn\u00e9es (nLPD) et, le cas\n\u00e9ch\u00e9ant, du R\u00e8glement g\u00e9n\u00e9ral sur la protection des donn\u00e9es (RGPD).\n<\/p>\n<p>\nCette politique s\u2019applique exclusivement \u00e0 Swissbeautypro sauf indication contraire dans ce document.\n<\/p>\n\t\t\t\t\t\t<\/div>\n\t\t\t\t<\/div>\n\t\t\t\t\t<\/div>\n\t\t<\/div>\n\t\t\t\t\t<\/div>\n\t\t<\/section>\n\t\t\t\t\t<\/div>\n\t\t<\/div>\n\t\t\t\t\t<\/div>\n\t\t<\/section>\n\t\t\t\t<\/div>","protected":false},"excerpt":{"rendered":"<p>Last update: 14 April 2026 1. Introduction This document informs Users about the technologies that help Swissbeautypro achieve the purposes described below. Such technologies allow the Owner to access and<\/p>","protected":false},"author":1,"featured_media":0,"parent":0,"menu_order":0,"comment_status":"closed","ping_status":"closed","template":"","meta":{"footnotes":""},"class_list":["post-3627","page","type-page","status-publish","hentry"],"_links":{"self":[{"href":"https:\/\/swissbeautypro.com\/fr\/wp-json\/wp\/v2\/pages\/3627","targetHints":{"allow":["GET"]}}],"collection":[{"href":"https:\/\/swissbeautypro.com\/fr\/wp-json\/wp\/v2\/pages"}],"about":[{"href":"https:\/\/swissbeautypro.com\/fr\/wp-json\/wp\/v2\/types\/page"}],"author":[{"embeddable":true,"href":"https:\/\/swissbeautypro.com\/fr\/wp-json\/wp\/v2\/users\/1"}],"replies":[{"embeddable":true,"href":"https:\/\/swissbeautypro.com\/fr\/wp-json\/wp\/v2\/comments?post=3627"}],"version-history":[{"count":13,"href":"https:\/\/swissbeautypro.com\/fr\/wp-json\/wp\/v2\/pages\/3627\/revisions"}],"predecessor-version":[{"id":3659,"href":"https:\/\/swissbeautypro.com\/fr\/wp-json\/wp\/v2\/pages\/3627\/revisions\/3659"}],"wp:attachment":[{"href":"https:\/\/swissbeautypro.com\/fr\/wp-json\/wp\/v2\/media?parent=3627"}],"curies":[{"name":"wp","href":"https:\/\/api.w.org\/{rel}","templated":true}]}}