{"id":817,"date":"2024-04-09T01:38:24","date_gmt":"2024-04-09T01:38:24","guid":{"rendered":"https:\/\/swissbeautypro.com\/?page_id=817"},"modified":"2025-02-17T18:08:14","modified_gmt":"2025-02-17T18:08:14","slug":"about-us","status":"publish","type":"page","link":"https:\/\/swissbeautypro.com\/fr\/about-us\/","title":{"rendered":"\u00c0 PROPOS"},"content":{"rendered":"<div data-elementor-type=\"wp-page\" data-elementor-id=\"817\" class=\"elementor elementor-817\" data-elementor-post-type=\"page\">\n\t\t\t\t\t\t<section class=\"elementor-section elementor-top-section elementor-element elementor-element-2d6f2d4 elementor-section-full_width elementor-section-height-default elementor-section-height-default\" data-id=\"2d6f2d4\" data-element_type=\"section\" data-settings=\"{&quot;_ha_eqh_enable&quot;:false}\">\n\t\t\t\t\t\t<div class=\"elementor-container elementor-column-gap-default\">\n\t\t\t\t\t<div class=\"elementor-column elementor-col-100 elementor-top-column elementor-element elementor-element-9474033\" data-id=\"9474033\" data-element_type=\"column\">\n\t\t\t<div class=\"elementor-widget-wrap elementor-element-populated\">\n\t\t\t\t\t\t<section class=\"elementor-section elementor-inner-section elementor-element elementor-element-f648443 elementor-section-full_width elementor-section-height-default elementor-section-height-default\" data-id=\"f648443\" data-element_type=\"section\" data-settings=\"{&quot;_ha_eqh_enable&quot;:false}\">\n\t\t\t\t\t\t<div class=\"elementor-container elementor-column-gap-default\">\n\t\t\t\t\t<div class=\"elementor-column elementor-col-100 elementor-inner-column elementor-element elementor-element-6323228\" data-id=\"6323228\" data-element_type=\"column\">\n\t\t\t<div class=\"elementor-widget-wrap elementor-element-populated\">\n\t\t\t\t\t\t<div class=\"elementor-element elementor-element-b1d4bc2 elementor-widget elementor-widget-image\" data-id=\"b1d4bc2\" data-element_type=\"widget\" data-widget_type=\"image.default\">\n\t\t\t\t<div class=\"elementor-widget-container\">\n\t\t\t<style>\/*! elementor - v3.20.0 - 26-03-2024 *\/\n.elementor-widget-image{text-align:center}.elementor-widget-image a{display:inline-block}.elementor-widget-image a img[src$=\".svg\"]{width:48px}.elementor-widget-image img{vertical-align:middle;display:inline-block}<\/style>\t\t\t\t\t\t\t\t\t\t<img fetchpriority=\"high\" decoding=\"async\" width=\"615\" height=\"402\" src=\"https:\/\/swissbeautypro.com\/wp-content\/uploads\/2024\/04\/re-Ivory-Black-Luxury-Minimalist-Personal-Name-Logo.png\" class=\"attachment-full size-full wp-image-746\" alt=\"\" srcset=\"https:\/\/swissbeautypro.com\/wp-content\/uploads\/2024\/04\/re-Ivory-Black-Luxury-Minimalist-Personal-Name-Logo.png 615w, https:\/\/swissbeautypro.com\/wp-content\/uploads\/2024\/04\/re-Ivory-Black-Luxury-Minimalist-Personal-Name-Logo-480x314.png 480w\" sizes=\"(max-width: 615px) 100vw, 615px\" \/>\t\t\t\t\t\t\t\t\t\t\t\t\t<\/div>\n\t\t\t\t<\/div>\n\t\t\t\t<div class=\"elementor-element elementor-element-ab9dc2d elementor-widget elementor-widget-heading\" data-id=\"ab9dc2d\" data-element_type=\"widget\" data-widget_type=\"heading.default\">\n\t\t\t\t<div class=\"elementor-widget-container\">\n\t\t\t<style>\/*! elementor - v3.20.0 - 26-03-2024 *\/\n.elementor-heading-title{padding:0;margin:0;line-height:1}.elementor-widget-heading .elementor-heading-title[class*=elementor-size-]>a{color:inherit;font-size:inherit;line-height:inherit}.elementor-widget-heading .elementor-heading-title.elementor-size-small{font-size:15px}.elementor-widget-heading .elementor-heading-title.elementor-size-medium{font-size:19px}.elementor-widget-heading .elementor-heading-title.elementor-size-large{font-size:29px}.elementor-widget-heading .elementor-heading-title.elementor-size-xl{font-size:39px}.elementor-widget-heading .elementor-heading-title.elementor-size-xxl{font-size:59px}<\/style><h2 class=\"elementor-heading-title elementor-size-default\">DE PROFESSIONNELS \u00c0 PROFESSIONNELS \n<\/h2>\t\t<\/div>\n\t\t\t\t<\/div>\n\t\t\t\t<div class=\"elementor-element elementor-element-034203d elementor-widget__width-initial elementor-widget elementor-widget-text-editor\" data-id=\"034203d\" data-element_type=\"widget\" data-widget_type=\"text-editor.default\">\n\t\t\t\t<div class=\"elementor-widget-container\">\n\t\t\t<style>\/*! elementor - v3.20.0 - 26-03-2024 *\/\n.elementor-widget-text-editor.elementor-drop-cap-view-stacked .elementor-drop-cap{background-color:#69727d;color:#fff}.elementor-widget-text-editor.elementor-drop-cap-view-framed .elementor-drop-cap{color:#69727d;border:3px solid;background-color:transparent}.elementor-widget-text-editor:not(.elementor-drop-cap-view-default) .elementor-drop-cap{margin-top:8px}.elementor-widget-text-editor:not(.elementor-drop-cap-view-default) .elementor-drop-cap-letter{width:1em;height:1em}.elementor-widget-text-editor .elementor-drop-cap{float:left;text-align:center;line-height:1;font-size:50px}.elementor-widget-text-editor .elementor-drop-cap-letter{display:inline-block}<\/style>\t\t\t\tSwiss Beauty Pro est le fournisseur de produits de soins de la peau professionnels en Suisse. Nous proposons une s\u00e9lection\ncompl\u00e8te de produits de soins haut de gamme sp\u00e9cialement con\u00e7us pour un usage professionnel. Notre gamme comprend des\nnettoyants, des exfoliants, des hydratants, des s\u00e9rums, des masques et des traitements formul\u00e9s avec des ingr\u00e9dients avanc\u00e9s\npour r\u00e9pondre efficacement \u00e0 divers probl\u00e8mes de peau. Que vos clients recherchent des solutions hydratantes, anti-\u00e2ge,\n\u00e9claircissantes ou sp\u00e9cifiques \u00e0 un probl\u00e8me, Swiss Beauty Pro propose des produits de premier ordre pour r\u00e9pondre \u00e0 leurs\nbesoins et d\u00e9passer leurs attentes.\t\t\t\t\t\t<\/div>\n\t\t\t\t<\/div>\n\t\t\t\t<div class=\"elementor-element elementor-element-da35fc3 elementor-widget__width-initial elementor-widget elementor-widget-text-editor\" data-id=\"da35fc3\" data-element_type=\"widget\" data-widget_type=\"text-editor.default\">\n\t\t\t\t<div class=\"elementor-widget-container\">\n\t\t\t\t\t\t\tNotre devise \u00ab De professionnels \u00e0 professionnels \u00bb refl\u00e8te notre engagement \u00e0 r\u00e9pondre aux besoins des professionnels de la\nbeaut\u00e9 avec des produits con\u00e7us par des experts pour des experts. Chez Swiss Beauty Pro, nous comprenons l'importance de\nsolutions de soins de la peau fiables et de haute qualit\u00e9 pour offrir des r\u00e9sultats exceptionnels aux clients. Notre devise refl\u00e8te\nnotre engagement \u00e0 fournir aux professionnels les outils dont ils ont besoin pour exceller dans leur m\u00e9tier, leur permettant\nainsi de proposer des traitements et des exp\u00e9riences de soins de la peau de qualit\u00e9 sup\u00e9rieure.\t\t\t\t\t\t<\/div>\n\t\t\t\t<\/div>\n\t\t\t\t<div class=\"elementor-element elementor-element-96866a6 elementor-widget elementor-widget-heading\" data-id=\"96866a6\" data-element_type=\"widget\" data-widget_type=\"heading.default\">\n\t\t\t\t<div class=\"elementor-widget-container\">\n\t\t\t<h2 class=\"elementor-heading-title elementor-size-default\">D\u00c9COUVREZ NOS MARQUES : <\/h2>\t\t<\/div>\n\t\t\t\t<\/div>\n\t\t\t\t\t<\/div>\n\t\t<\/div>\n\t\t\t\t\t<\/div>\n\t\t<\/section>\n\t\t\t\t<section class=\"elementor-section elementor-inner-section elementor-element elementor-element-5188d82 elementor-section-content-middle elementor-section-boxed elementor-section-height-default elementor-section-height-default\" data-id=\"5188d82\" data-element_type=\"section\" data-settings=\"{&quot;_ha_eqh_enable&quot;:false}\">\n\t\t\t\t\t\t<div class=\"elementor-container elementor-column-gap-default\">\n\t\t\t\t\t<div class=\"elementor-column elementor-col-33 elementor-inner-column elementor-element elementor-element-198c49a\" data-id=\"198c49a\" data-element_type=\"column\">\n\t\t\t<div class=\"elementor-widget-wrap elementor-element-populated\">\n\t\t\t\t\t\t<div class=\"elementor-element elementor-element-4e2c54f elementor-widget elementor-widget-image\" data-id=\"4e2c54f\" data-element_type=\"widget\" data-widget_type=\"image.default\">\n\t\t\t\t<div class=\"elementor-widget-container\">\n\t\t\t\t\t\t\t\t\t\t\t\t\t\t<a href=\"https:\/\/swissbeautypro.com\/en\/esthemax-products\/\">\n\t\t\t\t\t\t\t<img decoding=\"async\" width=\"330\" height=\"133\" src=\"https:\/\/swissbeautypro.com\/wp-content\/uploads\/2024\/05\/Capture-1.png\" class=\"attachment-full size-full wp-image-1628\" alt=\"\" \/>\t\t\t\t\t\t\t\t<\/a>\n\t\t\t\t\t\t\t\t\t\t\t\t\t<\/div>\n\t\t\t\t<\/div>\n\t\t\t\t\t<\/div>\n\t\t<\/div>\n\t\t\t\t<div class=\"elementor-column elementor-col-33 elementor-inner-column elementor-element elementor-element-f8f1b96\" data-id=\"f8f1b96\" data-element_type=\"column\">\n\t\t\t<div class=\"elementor-widget-wrap elementor-element-populated\">\n\t\t\t\t\t\t<div class=\"elementor-element elementor-element-f5c4707 elementor-widget elementor-widget-image\" data-id=\"f5c4707\" data-element_type=\"widget\" data-widget_type=\"image.default\">\n\t\t\t\t<div class=\"elementor-widget-container\">\n\t\t\t\t\t\t\t\t\t\t\t\t\t\t<a href=\"https:\/\/swissbeautypro.com\/linda-kristel\/\">\n\t\t\t\t\t\t\t<img decoding=\"async\" width=\"165\" height=\"125\" src=\"https:\/\/swissbeautypro.com\/wp-content\/uploads\/2024\/05\/Capture-1-1.png\" class=\"attachment-large size-large wp-image-1629\" alt=\"\" \/>\t\t\t\t\t\t\t\t<\/a>\n\t\t\t\t\t\t\t\t\t\t\t\t\t<\/div>\n\t\t\t\t<\/div>\n\t\t\t\t\t<\/div>\n\t\t<\/div>\n\t\t\t\t<div class=\"elementor-column elementor-col-33 elementor-inner-column elementor-element elementor-element-f79938a\" data-id=\"f79938a\" data-element_type=\"column\">\n\t\t\t<div class=\"elementor-widget-wrap elementor-element-populated\">\n\t\t\t\t\t\t<div class=\"elementor-element elementor-element-c9f8cec elementor-widget elementor-widget-image\" data-id=\"c9f8cec\" data-element_type=\"widget\" data-widget_type=\"image.default\">\n\t\t\t\t<div class=\"elementor-widget-container\">\n\t\t\t\t\t\t\t\t\t\t\t\t\t\t<a href=\"https:\/\/swissbeautypro.com\/en\/product\/tesla-med-ion-stream-680-pro\/\">\n\t\t\t\t\t\t\t<img loading=\"lazy\" decoding=\"async\" width=\"6817\" height=\"1520\" src=\"https:\/\/swissbeautypro.com\/wp-content\/uploads\/2025\/02\/Tesla-Med-DE.png\" class=\"attachment-full size-full wp-image-3387\" alt=\"\" srcset=\"https:\/\/swissbeautypro.com\/wp-content\/uploads\/2025\/02\/Tesla-Med-DE.png 6817w, https:\/\/swissbeautypro.com\/wp-content\/uploads\/2025\/02\/Tesla-Med-DE-480x107.png 480w, https:\/\/swissbeautypro.com\/wp-content\/uploads\/2025\/02\/Tesla-Med-DE-1024x228.png 1024w, https:\/\/swissbeautypro.com\/wp-content\/uploads\/2025\/02\/Tesla-Med-DE-768x171.png 768w, https:\/\/swissbeautypro.com\/wp-content\/uploads\/2025\/02\/Tesla-Med-DE-1536x342.png 1536w, https:\/\/swissbeautypro.com\/wp-content\/uploads\/2025\/02\/Tesla-Med-DE-2048x457.png 2048w, https:\/\/swissbeautypro.com\/wp-content\/uploads\/2025\/02\/Tesla-Med-DE-18x4.png 18w, https:\/\/swissbeautypro.com\/wp-content\/uploads\/2025\/02\/Tesla-Med-DE-800x178.png 800w\" sizes=\"(max-width: 6817px) 100vw, 6817px\" \/>\t\t\t\t\t\t\t\t<\/a>\n\t\t\t\t\t\t\t\t\t\t\t\t\t<\/div>\n\t\t\t\t<\/div>\n\t\t\t\t\t<\/div>\n\t\t<\/div>\n\t\t\t\t\t<\/div>\n\t\t<\/section>\n\t\t\t\t<section class=\"elementor-section elementor-inner-section elementor-element elementor-element-4e78df0 elementor-hidden-desktop elementor-hidden-tablet elementor-hidden-mobile elementor-section-boxed elementor-section-height-default elementor-section-height-default\" data-id=\"4e78df0\" data-element_type=\"section\" data-settings=\"{&quot;_ha_eqh_enable&quot;:false}\">\n\t\t\t\t\t\t<div class=\"elementor-container elementor-column-gap-default\">\n\t\t\t\t\t<div class=\"elementor-column elementor-col-25 elementor-inner-column elementor-element elementor-element-cb7d3b3\" data-id=\"cb7d3b3\" data-element_type=\"column\">\n\t\t\t<div class=\"elementor-widget-wrap\">\n\t\t\t\t\t\t\t<\/div>\n\t\t<\/div>\n\t\t\t\t<div class=\"elementor-column elementor-col-25 elementor-inner-column elementor-element elementor-element-a8c4575\" data-id=\"a8c4575\" data-element_type=\"column\">\n\t\t\t<div class=\"elementor-widget-wrap elementor-element-populated\">\n\t\t\t\t\t\t<div class=\"elementor-element elementor-element-67f9978 elementor-widget elementor-widget-image\" data-id=\"67f9978\" data-element_type=\"widget\" data-widget_type=\"image.default\">\n\t\t\t\t<div class=\"elementor-widget-container\">\n\t\t\t\t\t\t\t\t\t\t\t\t\t\t<a href=\"https:\/\/swissbeautypro.com\/esthemax\/\">\n\t\t\t\t\t\t\t<img loading=\"lazy\" decoding=\"async\" width=\"330\" height=\"133\" src=\"https:\/\/swissbeautypro.com\/wp-content\/uploads\/2024\/04\/Capture.png\" class=\"attachment-large size-large wp-image-823\" alt=\"\" \/>\t\t\t\t\t\t\t\t<\/a>\n\t\t\t\t\t\t\t\t\t\t\t\t\t<\/div>\n\t\t\t\t<\/div>\n\t\t\t\t\t<\/div>\n\t\t<\/div>\n\t\t\t\t<div class=\"elementor-column elementor-col-25 elementor-inner-column elementor-element elementor-element-c7da252\" data-id=\"c7da252\" data-element_type=\"column\">\n\t\t\t<div class=\"elementor-widget-wrap elementor-element-populated\">\n\t\t\t\t\t\t<div class=\"elementor-element elementor-element-2f034b2 elementor-widget elementor-widget-image\" data-id=\"2f034b2\" data-element_type=\"widget\" data-widget_type=\"image.default\">\n\t\t\t\t<div class=\"elementor-widget-container\">\n\t\t\t\t\t\t\t\t\t\t\t\t\t\t<a href=\"https:\/\/swissbeautypro.com\/linda-kristel\/\">\n\t\t\t\t\t\t\t<img loading=\"lazy\" decoding=\"async\" width=\"165\" height=\"125\" src=\"https:\/\/swissbeautypro.com\/wp-content\/uploads\/2024\/04\/Capture-1.png\" class=\"attachment-large size-large wp-image-822\" alt=\"\" \/>\t\t\t\t\t\t\t\t<\/a>\n\t\t\t\t\t\t\t\t\t\t\t\t\t<\/div>\n\t\t\t\t<\/div>\n\t\t\t\t\t<\/div>\n\t\t<\/div>\n\t\t\t\t<div class=\"elementor-column elementor-col-25 elementor-inner-column elementor-element elementor-element-8b0879f\" data-id=\"8b0879f\" data-element_type=\"column\">\n\t\t\t<div class=\"elementor-widget-wrap\">\n\t\t\t\t\t\t\t<\/div>\n\t\t<\/div>\n\t\t\t\t\t<\/div>\n\t\t<\/section>\n\t\t\t\t\t<\/div>\n\t\t<\/div>\n\t\t\t\t\t<\/div>\n\t\t<\/section>\n\t\t\t\t<\/div>","protected":false},"excerpt":{"rendered":"<p>FROM PROFESSIONALS TO PROFESSIONALS Swiss Beauty Pro is the supplier of professional skin care products in Switzerland. We offer a comprehensive selection of premium skincare products specifically designed for professional<\/p>","protected":false},"author":1,"featured_media":0,"parent":0,"menu_order":0,"comment_status":"closed","ping_status":"closed","template":"elementor_header_footer","meta":{"footnotes":""},"class_list":["post-817","page","type-page","status-publish","hentry"],"_links":{"self":[{"href":"https:\/\/swissbeautypro.com\/fr\/wp-json\/wp\/v2\/pages\/817","targetHints":{"allow":["GET"]}}],"collection":[{"href":"https:\/\/swissbeautypro.com\/fr\/wp-json\/wp\/v2\/pages"}],"about":[{"href":"https:\/\/swissbeautypro.com\/fr\/wp-json\/wp\/v2\/types\/page"}],"author":[{"embeddable":true,"href":"https:\/\/swissbeautypro.com\/fr\/wp-json\/wp\/v2\/users\/1"}],"replies":[{"embeddable":true,"href":"https:\/\/swissbeautypro.com\/fr\/wp-json\/wp\/v2\/comments?post=817"}],"version-history":[{"count":90,"href":"https:\/\/swissbeautypro.com\/fr\/wp-json\/wp\/v2\/pages\/817\/revisions"}],"predecessor-version":[{"id":3396,"href":"https:\/\/swissbeautypro.com\/fr\/wp-json\/wp\/v2\/pages\/817\/revisions\/3396"}],"wp:attachment":[{"href":"https:\/\/swissbeautypro.com\/fr\/wp-json\/wp\/v2\/media?parent=817"}],"curies":[{"name":"wp","href":"https:\/\/api.w.org\/{rel}","templated":true}]}}