{"id":1005,"date":"2024-04-15T23:18:12","date_gmt":"2024-04-15T23:18:12","guid":{"rendered":"https:\/\/swissbeautypro.com\/?post_type=product&#038;p=1005"},"modified":"2026-01-27T07:47:46","modified_gmt":"2026-01-27T07:47:46","slug":"illuminating-orange","status":"publish","type":"product","link":"https:\/\/swissbeautypro.com\/fr\/produit\/illuminating-orange\/","title":{"rendered":"ILLUMINATING ORANGE"},"content":{"rendered":"<p><span style=\"color: #000000;\"><strong>DESCRIPTION:<\/strong><\/span><\/p>\n<p class=\" translation-block\">L'orange contient de l'acide citrique et de la vitamine C qui sont d'excellents d\u00e9pigmentants qui \nn'irritent pas la peau gr\u00e2ce \u00e0 leurs effets apaisants naturels. <br>\n\u2022 Sa formule augmente l'\u00e9clat et la luminosit\u00e9 de la peau.  <br>\n\u2022 Le glutathion acc\u00e9l\u00e8re la dissipation de la m\u00e9lanine de la peau en inhibant la coloration \nfonc\u00e9e caus\u00e9e par la tyrosinase. <br>\n\u2022 Contient de la niacinamide (vitamine B3) qui inhibe le transfert des m\u00e9lanosomes vers \nl\u2019\u00e9piderme<\/p>\n<p><span style=\"color: #000000;\"><strong>TYPE DE PEAU \/ PR\u00c9OCCUPATIONS CUTAN\u00c9ES :<\/strong> <\/span><\/p>\n<p>Peau hyperpigment\u00e9e, teint terne, texture\/ton irr\u00e9gulier, \nacn\u00e9.<\/p>\n<p><span style=\"color: #000000;\"><strong>INGR\u00c9DIENTS ACTIFS :<\/strong><\/span><\/p>\n<p>\u2022 Farine d'avoine biologique.<br \/>\n\u2022 Farine de riz biologique.<br \/>\nPoudre d'\u00e9corce d'orange biologique.<br \/>\nGlutathion<\/p>\n<p><span style=\"color: #000000;\"><strong>INGR\u00c9DIENTS:<\/strong><\/span><\/p>\n<p class=\" translation-block\">Peel orange (vitamine C) et glutathion, alginate de potassium, alginate de sodium, farine d'avoine \u00e0 \ngrains entiers bio, farine de riz blanc biologique, glucose, silika, bio \u00e0 saules blancs en poudre \nd'\u00e9corce de saule biologique, poudre d'orange organique (citrus sinensis) poudre, niacinamide, \nglutathion, sodium Hyaluronate, sulfate de calcium, potassium, magn\u00e9sium, sodium, chlorure, \nbicarbonate, pyrophosphate de sodium, orange douce (citrus sinensis) huile, parfum.<\/p>\n<p><span style=\"color: #000000;\"><strong>MODE D\u2019EMPLOI :<\/strong><\/span><\/p>\n<p class=\" translation-block\">\u2022 M\u00e9langer 50 ml de produit avec 40 ml d'eau.<br>\n\u2022 Appliquer sur la surface cutan\u00e9e \u00e0 traiter.<br>\n\u2022 Laisser agir 20 minutes et retirer.<\/p>\n<p><span style=\"color: #000000;\"><strong>APPLICAZIONI:<\/strong><\/span><\/p>\n<p>Visage : 17 applications.<br \/>\nViso e collo: 10 applicazioni<\/p>\n<p><strong><span style=\"color: #000000;\">CONTENU:<\/span> <\/strong><\/p>\n<p>500gr<\/p>","protected":false},"excerpt":{"rendered":"<p><span style=\"color: #000000;\">Livraison 2-3 jours ouvrables<\/span><\/p>","protected":false},"featured_media":1006,"comment_status":"open","ping_status":"closed","template":"","meta":[],"product_cat":[114,116,119,70,71],"product_tag":[74,77,84],"class_list":{"0":"post-1005","1":"product","2":"type-product","3":"status-publish","4":"has-post-thumbnail","6":"product_brand-esthemax","7":"product_cat-dull-skin","8":"product_cat-led-lamp","9":"product_cat-pigmentation","10":"product_cat-products","11":"product_cat-hydrojelly-mask","12":"product_tag-dull-skin","13":"product_tag-led-lamp","14":"product_tag-pigmentation","16":"first","17":"outofstock","18":"taxable","19":"shipping-taxable","20":"product-type-simple"},"_links":{"self":[{"href":"https:\/\/swissbeautypro.com\/fr\/wp-json\/wp\/v2\/product\/1005","targetHints":{"allow":["GET"]}}],"collection":[{"href":"https:\/\/swissbeautypro.com\/fr\/wp-json\/wp\/v2\/product"}],"about":[{"href":"https:\/\/swissbeautypro.com\/fr\/wp-json\/wp\/v2\/types\/product"}],"replies":[{"embeddable":true,"href":"https:\/\/swissbeautypro.com\/fr\/wp-json\/wp\/v2\/comments?post=1005"}],"version-history":[{"count":4,"href":"https:\/\/swissbeautypro.com\/fr\/wp-json\/wp\/v2\/product\/1005\/revisions"}],"predecessor-version":[{"id":2940,"href":"https:\/\/swissbeautypro.com\/fr\/wp-json\/wp\/v2\/product\/1005\/revisions\/2940"}],"wp:featuredmedia":[{"embeddable":true,"href":"https:\/\/swissbeautypro.com\/fr\/wp-json\/wp\/v2\/media\/1006"}],"wp:attachment":[{"href":"https:\/\/swissbeautypro.com\/fr\/wp-json\/wp\/v2\/media?parent=1005"}],"wp:term":[{"taxonomy":"product_cat","embeddable":true,"href":"https:\/\/swissbeautypro.com\/fr\/wp-json\/wp\/v2\/product_cat?post=1005"},{"taxonomy":"product_tag","embeddable":true,"href":"https:\/\/swissbeautypro.com\/fr\/wp-json\/wp\/v2\/product_tag?post=1005"}],"curies":[{"name":"wp","href":"https:\/\/api.w.org\/{rel}","templated":true}]}}