{"id":1011,"date":"2024-04-15T23:21:09","date_gmt":"2024-04-15T23:21:09","guid":{"rendered":"https:\/\/swissbeautypro.com\/?post_type=product&#038;p=1011"},"modified":"2026-01-27T07:47:46","modified_gmt":"2026-01-27T07:47:46","slug":"intensive-aftercare","status":"publish","type":"product","link":"https:\/\/swissbeautypro.com\/fr\/produit\/intensive-aftercare\/","title":{"rendered":"INTENSIVE AFTERCARE"},"content":{"rendered":"<p><span style=\"color: #000000;\"><strong>DESCRIPTION:<\/strong><\/span><\/p>\n<p class=\" translation-block\">Il g\u00e9n\u00e8re un soulagement instantan\u00e9 sur la peau, stimule le processus de gu\u00e9rison. <br>\n\u2022 Effet anti-inflammatoire. <br>\n\u2022 Cela aide \u00e0 r\u00e9duire la rougeur. <br>\n\u2022 Id\u00e9al pour une utilisation apr\u00e8s des traitements intensifs tels que: \u00e9pilation, extractions, laser, \npeeling et dermapen.<\/p>\n<p><span style=\"color: #000000;\"><strong>TYPE DE PEAU \/ PR\u00c9OCCUPATIONS CUTAN\u00c9ES :<\/strong> <\/span><\/p>\n<p>I Id\u00e9al pour les peaux sensibles, rougies et irrit\u00e9es.<\/p>\n<p><span style=\"color: #000000;\"><strong>INGR\u00c9DIENTS ACTIFS :<\/strong><\/span><\/p>\n<p>\u2022 Farine d'avoine biologique.<br \/>\n\u2022 Farine de riz biologique.<br \/>\nExtrait de raisin.<br \/>\nExtrait de brom\u00e9line.<br \/>\nPoudre de fleur de lavande biologique.<\/p>\n<p><span style=\"color: #000000;\"><strong>INGR\u00c9DIENTS:<\/strong><\/span><\/p>\n<p class=\" translation-block\">Extrait de graine de raisin, Bromelain (tige d'ananas) et lavande, alginate de potassium, alginate de \nsodium, poudre de fleur de lavande biologique, farine de grains entiers biologiques, farine de riz \nblanc biologique, glucose, silika, poudre d'\u00e9corce blanc biologique, extrait de graine de raisin \nPhytonadione (vitamine K), extrait Bromelain (ANANAS COMOSUS), sulfate de calcium, \npotassium, magn\u00e9sium, sodium, chlorure, bicarbonate, pyrophosphate de sodium, oxydes de fer.<\/p>\n<p><span style=\"color: #000000;\"><strong>MODE D\u2019EMPLOI :<\/strong><\/span><\/p>\n<p class=\" translation-block\">\u2022 M\u00e9langer 50 ml de produit avec 40 ml d'eau.<br>\n\u2022 Appliquer sur la surface cutan\u00e9e \u00e0 traiter.<br>\n\u2022 Laisser agir 20 minutes et retirer.<\/p>\n<p><span style=\"color: #000000;\"><strong>APPLICAZIONI:<\/strong><\/span><\/p>\n<p>Visage : 17 applications.<br \/>\nViso e collo: 10 applicazioni<\/p>\n<p><span style=\"color: #000000;\"><strong>CONTENU:<\/strong><\/span><\/p>\n<p>500gr<\/p>","protected":false},"excerpt":{"rendered":"<p><span style=\"color: #000000;\">Livraison 2-3 jours ouvrables<\/span><\/p>","protected":false},"featured_media":1012,"comment_status":"open","ping_status":"closed","template":"","meta":[],"product_cat":[115,116,120,122,70,71],"product_tag":[82,77,81,80],"class_list":{"0":"post-1011","1":"product","2":"type-product","3":"status-publish","4":"has-post-thumbnail","6":"product_brand-esthemax","7":"product_cat-irritated-skin","8":"product_cat-led-lamp","9":"product_cat-redness","10":"product_cat-sensitive-skin","11":"product_cat-products","12":"product_cat-hydrojelly-mask","13":"product_tag-irritated-skin","14":"product_tag-led-lamp","15":"product_tag-redness","16":"product_tag-sensitive-skin","18":"first","19":"outofstock","20":"taxable","21":"shipping-taxable","22":"product-type-simple"},"_links":{"self":[{"href":"https:\/\/swissbeautypro.com\/fr\/wp-json\/wp\/v2\/product\/1011","targetHints":{"allow":["GET"]}}],"collection":[{"href":"https:\/\/swissbeautypro.com\/fr\/wp-json\/wp\/v2\/product"}],"about":[{"href":"https:\/\/swissbeautypro.com\/fr\/wp-json\/wp\/v2\/types\/product"}],"replies":[{"embeddable":true,"href":"https:\/\/swissbeautypro.com\/fr\/wp-json\/wp\/v2\/comments?post=1011"}],"version-history":[{"count":5,"href":"https:\/\/swissbeautypro.com\/fr\/wp-json\/wp\/v2\/product\/1011\/revisions"}],"predecessor-version":[{"id":2939,"href":"https:\/\/swissbeautypro.com\/fr\/wp-json\/wp\/v2\/product\/1011\/revisions\/2939"}],"wp:featuredmedia":[{"embeddable":true,"href":"https:\/\/swissbeautypro.com\/fr\/wp-json\/wp\/v2\/media\/1012"}],"wp:attachment":[{"href":"https:\/\/swissbeautypro.com\/fr\/wp-json\/wp\/v2\/media?parent=1011"}],"wp:term":[{"taxonomy":"product_cat","embeddable":true,"href":"https:\/\/swissbeautypro.com\/fr\/wp-json\/wp\/v2\/product_cat?post=1011"},{"taxonomy":"product_tag","embeddable":true,"href":"https:\/\/swissbeautypro.com\/fr\/wp-json\/wp\/v2\/product_tag?post=1011"}],"curies":[{"name":"wp","href":"https:\/\/api.w.org\/{rel}","templated":true}]}}