{"id":1015,"date":"2024-04-15T23:25:24","date_gmt":"2024-04-15T23:25:24","guid":{"rendered":"https:\/\/swissbeautypro.com\/?post_type=product&#038;p=1015"},"modified":"2026-03-29T12:15:31","modified_gmt":"2026-03-29T12:15:31","slug":"led-light-see-through-hydrojelly","status":"publish","type":"product","link":"https:\/\/swissbeautypro.com\/fr\/produit\/led-light-see-through-hydrojelly\/","title":{"rendered":"LED LIGHT SEE THROUGH HYDROJELLY"},"content":{"rendered":"<p><span style=\"color: #000000;\"><strong>DESCRIPTION:<\/strong><\/span><\/p>\n<p class=\" translation-block\">Ce masque est con\u00e7u pour \u00eatre utilis\u00e9 avec des appareils \u00e0 lumi\u00e8re LED. La poudre de th\u00e9 vert \nbiologique est associ\u00e9e \u00e0 la lumi\u00e8re bleue pour apaiser l'inflammation et r\u00e9duire l'apparence des \npores tout en ciblant les bact\u00e9ries avec la lumi\u00e8re LED. La prot\u00e9ine de riz brun biologique est \nassoci\u00e9e \u00e0 la lumi\u00e8re rouge pour am\u00e9liorer l'\u00e9lasticit\u00e9 et rajeunir la peau. Prot\u00e8ge la peau de la \ns\u00e9cheresse et de l'irritation tout en permettant aux ondes lumineuses d'atteindre la peau pendant le \ntraitement \u00e0 la lumi\u00e8re LED.<\/p>\n<p><span style=\"color: #000000;\"><strong>TYPE DE PEAU \/ PR\u00c9OCCUPATIONS CUTAN\u00c9ES :<\/strong> <\/span><\/p>\n<p>Peau s\u00e8che, Traitement par lampe LED, Anti-inflammation<\/p>\n<p><span style=\"color: #000000;\"><strong>INGR\u00c9DIENTS ACTIFS :<\/strong><\/span><\/p>\n<p>Acide Hyaluronique<br \/>\nPoudre de th\u00e9 vert biologique<\/p>\n<p class=\" translation-block\">Masque id\u00e9al pour les traitements de phototh\u00e9rapie aux rayons (UVA et UVB), en fonction des \nl\u00e9sions, des caract\u00e9ristiques et\/ou de l'\u00e9tat de la peau.<\/p>\n<p><span style=\"color: #000000;\"><strong>MODE D\u2019EMPLOI :<\/strong><\/span><\/p>\n<p>M\u00e9langer 50 ml de produit avec 40 ml d'eau.<br \/>\nAppliquer sur la surface de la peau \u00e0 traiter.<br \/>\nLaisser poser pendant 20 minutes, puis retirer<\/p>\n<p><span style=\"color: #000000;\"><strong>APPLICAZIONI:<\/strong><\/span><\/p>\n<p>Visage : 17 applications.<br \/>\nVisage et cou : 10 applications.<\/p>\n<p><strong><span style=\"color: #000000;\">CONTENU:<\/span> <\/strong><\/p>\n<p>500gr<\/p>","protected":false},"excerpt":{"rendered":"<p><span style=\"color: #000000;\">Livraison 2-3 jours ouvrables<\/span><\/p>","protected":false},"featured_media":1017,"comment_status":"open","ping_status":"closed","template":"","meta":[],"product_cat":[113,116,70,71],"product_tag":[73,77],"class_list":{"0":"post-1015","1":"product","2":"type-product","3":"status-publish","4":"has-post-thumbnail","6":"product_brand-esthemax","7":"product_cat-dry-skin","8":"product_cat-led-lamp","9":"product_cat-products","10":"product_cat-hydrojelly-mask","11":"product_tag-dry-skin","12":"product_tag-led-lamp","14":"first","15":"outofstock","16":"taxable","17":"shipping-taxable","18":"product-type-simple"},"_links":{"self":[{"href":"https:\/\/swissbeautypro.com\/fr\/wp-json\/wp\/v2\/product\/1015","targetHints":{"allow":["GET"]}}],"collection":[{"href":"https:\/\/swissbeautypro.com\/fr\/wp-json\/wp\/v2\/product"}],"about":[{"href":"https:\/\/swissbeautypro.com\/fr\/wp-json\/wp\/v2\/types\/product"}],"replies":[{"embeddable":true,"href":"https:\/\/swissbeautypro.com\/fr\/wp-json\/wp\/v2\/comments?post=1015"}],"version-history":[{"count":6,"href":"https:\/\/swissbeautypro.com\/fr\/wp-json\/wp\/v2\/product\/1015\/revisions"}],"predecessor-version":[{"id":2938,"href":"https:\/\/swissbeautypro.com\/fr\/wp-json\/wp\/v2\/product\/1015\/revisions\/2938"}],"wp:featuredmedia":[{"embeddable":true,"href":"https:\/\/swissbeautypro.com\/fr\/wp-json\/wp\/v2\/media\/1017"}],"wp:attachment":[{"href":"https:\/\/swissbeautypro.com\/fr\/wp-json\/wp\/v2\/media?parent=1015"}],"wp:term":[{"taxonomy":"product_cat","embeddable":true,"href":"https:\/\/swissbeautypro.com\/fr\/wp-json\/wp\/v2\/product_cat?post=1015"},{"taxonomy":"product_tag","embeddable":true,"href":"https:\/\/swissbeautypro.com\/fr\/wp-json\/wp\/v2\/product_tag?post=1015"}],"curies":[{"name":"wp","href":"https:\/\/api.w.org\/{rel}","templated":true}]}}