{"id":1019,"date":"2024-04-15T23:33:15","date_gmt":"2024-04-15T23:33:15","guid":{"rendered":"https:\/\/swissbeautypro.com\/?post_type=product&#038;p=1019"},"modified":"2025-12-16T08:11:31","modified_gmt":"2025-12-16T08:11:31","slug":"phyto-nutrients-blast","status":"publish","type":"product","link":"https:\/\/swissbeautypro.com\/fr\/produit\/phyto-nutrients-blast\/","title":{"rendered":"PHYTO-NUTRIENTS BLAST"},"content":{"rendered":"<p><span style=\"color: #000000;\"><strong>DESCRIPTION:<\/strong><\/span><\/p>\n<p class=\" translation-block\">Formul\u00e9 avec du collag\u00e8ne d'origine v\u00e9g\u00e9tale qui donne \u00e0 la peau hydratation et luminosit\u00e9.\nContient du ch\u00e8vrefeuille, une plante aux propri\u00e9t\u00e9s apaisantes qui aide \u00e0 r\u00e9duire l'inflammation \npr\u00e9sente dans les peaux atteintes d'ecz\u00e9ma, de rosac\u00e9e et d'acn\u00e9. Il agit \u00e9galement comme un \nd\u00e9toxifiant naturel qui nettoie la peau et combat les infections bact\u00e9riennes. \nContient du brocoli, un composant \u00e0 forte concentration d'antioxydants tels que la vitamine C et le \nb\u00eata-carot\u00e8ne, qui contribuent \u00e0 prot\u00e9ger la peau des dommages caus\u00e9s par les radicaux libres. Le \nb\u00eata-carot\u00e8ne contient de la vitamine A (r\u00e9tinol), qui inhibe la formation de dim\u00e8res de pyrimidine \ng\u00e9n\u00e9r\u00e9s par l'exposition aux UV, ce qui donne une peau plus brillante et plus jeune. \nContient du th\u00e9 vert, un antioxydant et un astringent naturels. Aide \u00e0 combattre les dommages \ncaus\u00e9s par les radicaux libres et les infections bact\u00e9riennes. Id\u00e9al pour les peaux \u00e0 tendance \nacn\u00e9ique.<\/p>\n<p><span style=\"color: #000000;\"><strong>TYPE DE PEAU \/ PR\u00c9OCCUPATIONS CUTAN\u00c9ES :<\/strong> <\/span><\/p>\n<p>Skins d\u00e9shydrat\u00e9s avec ecz\u00e9ma, rosac\u00e9e ou acn\u00e9.<\/p>\n<p><span style=\"color: #000000;\"><strong>PRINCIPES ACTIFS:<\/strong><\/span><\/p>\n<p>Ch\u00e8vrefeuille<br \/>\nBrocoli organique<br \/>\nTh\u00e9 vert biologique.<\/p>\n<p><span style=\"color: #000000;\"><strong>INGR\u00c9DIENTS:<\/strong> <\/span><\/p>\n<p class=\" translation-block\">Alginate de potassium, algin, extrait de la caprofolium de Lonicera, Oryza Sativa \nPwder, Hyaluronate de sodium, Camellia Sinensis (Th\u00e9 vert) Feuille, Glucose, Salix Alba (Willow) \nExtrait d'\u00e9corce, Brassica OLERACEA ITALICA (brocoli) Extrait, sulfate de calcium, chlorure de \nsodium, Terre de diatom\u00e9e , Sulfate de magn\u00e9sium, frag\u00e8re de chloride de potassium<\/p>\n<p><span style=\"color: #000000;\"><strong>MODE D\u2019EMPLOI :<\/strong><\/span><\/p>\n<p>M\u00e9langer 50 ml du produit avec 40 ml d'eau.<br \/>\n\u2022 Appliquer sur la surface de la peau \u00e0 traiter.<br \/>\n\u2022 Laisser agir 20 minutes et retirer.<\/p>\n<p><span style=\"color: #000000;\"><strong>APPLICAZIONI:<\/strong><\/span><\/p>\n<p>Visage : 17 applications.<br \/>\nVisage et cou : 10 applications.<\/p>\n<p><span style=\"color: #000000;\"><strong>CONTENU:<\/strong><\/span><\/p>\n<p>500gr<\/p>","protected":false},"excerpt":{"rendered":"<p><span style=\"color: #000000;\">Livraison 2-3 jours ouvrables<\/span><\/p>","protected":false},"featured_media":1020,"comment_status":"open","ping_status":"closed","template":"","meta":[],"product_cat":[113,71,70,121,122],"product_tag":[73,89,80],"class_list":{"0":"post-1019","1":"product","2":"type-product","3":"status-publish","4":"has-post-thumbnail","6":"product_brand-esthemax","7":"product_cat-dry-skin","8":"product_cat-hydrojelly-mask","9":"product_cat-products","10":"product_cat-rosacea","11":"product_cat-sensitive-skin","12":"product_tag-dry-skin","13":"product_tag-rosacea","14":"product_tag-sensitive-skin","16":"first","17":"outofstock","18":"taxable","19":"shipping-taxable","20":"product-type-simple"},"_links":{"self":[{"href":"https:\/\/swissbeautypro.com\/fr\/wp-json\/wp\/v2\/product\/1019","targetHints":{"allow":["GET"]}}],"collection":[{"href":"https:\/\/swissbeautypro.com\/fr\/wp-json\/wp\/v2\/product"}],"about":[{"href":"https:\/\/swissbeautypro.com\/fr\/wp-json\/wp\/v2\/types\/product"}],"replies":[{"embeddable":true,"href":"https:\/\/swissbeautypro.com\/fr\/wp-json\/wp\/v2\/comments?post=1019"}],"version-history":[{"count":5,"href":"https:\/\/swissbeautypro.com\/fr\/wp-json\/wp\/v2\/product\/1019\/revisions"}],"predecessor-version":[{"id":2937,"href":"https:\/\/swissbeautypro.com\/fr\/wp-json\/wp\/v2\/product\/1019\/revisions\/2937"}],"wp:featuredmedia":[{"embeddable":true,"href":"https:\/\/swissbeautypro.com\/fr\/wp-json\/wp\/v2\/media\/1020"}],"wp:attachment":[{"href":"https:\/\/swissbeautypro.com\/fr\/wp-json\/wp\/v2\/media?parent=1019"}],"wp:term":[{"taxonomy":"product_cat","embeddable":true,"href":"https:\/\/swissbeautypro.com\/fr\/wp-json\/wp\/v2\/product_cat?post=1019"},{"taxonomy":"product_tag","embeddable":true,"href":"https:\/\/swissbeautypro.com\/fr\/wp-json\/wp\/v2\/product_tag?post=1019"}],"curies":[{"name":"wp","href":"https:\/\/api.w.org\/{rel}","templated":true}]}}