{"id":1024,"date":"2024-04-15T23:38:57","date_gmt":"2024-04-15T23:38:57","guid":{"rendered":"https:\/\/swissbeautypro.com\/?post_type=product&#038;p=1024"},"modified":"2025-12-16T08:11:31","modified_gmt":"2025-12-16T08:11:31","slug":"pure-himalayan-white-tea","status":"publish","type":"product","link":"https:\/\/swissbeautypro.com\/fr\/produit\/pure-himalayan-white-tea\/","title":{"rendered":"PURE HIMALAYAN WHITE TEA"},"content":{"rendered":"<p><span style=\"color: #000000;\"><strong>DESCRIPTION:<\/strong><\/span><\/p>\n<p class=\" translation-block\">\u2022 Il est recommand\u00e9 apr\u00e8s les proc\u00e9dures d'extraction, minimise l'irritation de la peau, des \n\u00e9ruptions, des rougeurs et l'inflammation. <br>\n\u2022 Il r\u00e9gule l'activit\u00e9 des glandes s\u00e9bac\u00e9es et r\u00e9duit les pores ouverts. <br>\n\u2022 Propri\u00e9t\u00e9s d\u00e9toxifiantes<\/p>\n<p><span style=\"color: #000000;\"><strong>TYPE DE PEAU \/ PR\u00c9OCCUPATIONS CUTAN\u00c9ES :<\/strong> <\/span><\/p>\n<p>Id\u00e9al pour les peaux sensibles, les peaux \u00e0 tendance \nacn\u00e9ique, les peaux \u00e0 imperfections, l\u2019ecz\u00e9ma<\/p>\n<p><span style=\"color: #000000;\"><strong>PRINCIPES ACTIFS:<\/strong><\/span><\/p>\n<p class=\" translation-block\">\u2022 Le th\u00e9 blanc: Il est un d\u00e9toxifiant, aide \u00e0 \u00e9liminer les toxines responsables des probl\u00e8mes de \npeau tels que l'acn\u00e9, les rides et le ton in\u00e9gale. Contient cat\u00e9chines, Un composant \u00e0 venir de \nla famille du flavonoides, avec une forte activit\u00e9 anti-oxydante. Les niveaux d'enzymes \ntelles que la superoxyde dismutase (SOD) et catalase, qui prot\u00e8gent la peau contre les \ndommages g\u00e9n\u00e9r\u00e9s par des esp\u00e8ces r\u00e9actives de l'oxyg\u00e8ne (ROS). <br>\n\u2022 Des graines bio du lin froid froid: Contient om\u00e9ga-3 acides gras, qui favorisent le processus \nde gu\u00e9rison. Il a des propri\u00e9t\u00e9s cicatrisantes en raison de son effet anti-inflammatoire. Il aide \n\u00e0 hydrater et traiter l'ecz\u00e9ma sec, avec des d\u00e9mangeaisons ou prurit.<\/p>\n<p><span style=\"color: #000000;\"><strong>INGR\u00c9DIENTS:<\/strong><\/span><\/p>\n<p class=\" translation-block\">Alginate de potassium, Alginate de sodium, farine de grains entiers d' avoine biologique, farine de \nriz blanc biologique, glucose, Silika, * Th\u00e9 blanc poudre d' \u00e9corce de saule blanc biologique, \npoudre, * froide frais\u00e9es organique au sol Flaxsed, sulfate de calcium, potassium, magn\u00e9sium, \nsodium, chlorure, bicarbonate, pyrophosphate de sodium, oxydes de fer, le parfum.<\/p>\n<p><span style=\"color: #000000;\"><strong>MODE D\u2019EMPLOI :<\/strong><\/span><\/p>\n<p>\u2022 M\u00e9langer 50 ml du produit avec 40 ml d'eau.<br \/>\n\u2022 Appliquer sur la surface de la peau \u00e0 traiter.<br \/>\n\u2022 Laisser agir 20 minutes et retirer.<\/p>\n<p><span style=\"color: #000000;\"><strong>APPLICAZIONI:<\/strong><\/span><\/p>\n<p>Visage : 17 applications.<br \/>\nViso e collo: 10 applicazioni<\/p>\n<p><strong><span style=\"color: #000000;\">CONTENU:<\/span> <\/strong><\/p>\n<p>500gr<\/p>","protected":false},"excerpt":{"rendered":"<p><span style=\"color: #000000;\">Livraison 2-3 jours ouvrables<\/span><\/p>","protected":false},"featured_media":1025,"comment_status":"open","ping_status":"closed","template":"","meta":[],"product_cat":[107,111,118,122,70,71],"product_tag":[86,85,88,80],"class_list":{"0":"post-1024","1":"product","2":"type-product","3":"status-publish","4":"has-post-thumbnail","6":"product_brand-esthemax","7":"product_cat-acne","8":"product_cat-antioxidant","9":"product_cat-oily-skin","10":"product_cat-sensitive-skin","11":"product_cat-products","12":"product_cat-hydrojelly-mask","13":"product_tag-acne","14":"product_tag-antioxidant","15":"product_tag-oily-skin","16":"product_tag-sensitive-skin","18":"first","19":"outofstock","20":"taxable","21":"shipping-taxable","22":"product-type-simple"},"_links":{"self":[{"href":"https:\/\/swissbeautypro.com\/fr\/wp-json\/wp\/v2\/product\/1024","targetHints":{"allow":["GET"]}}],"collection":[{"href":"https:\/\/swissbeautypro.com\/fr\/wp-json\/wp\/v2\/product"}],"about":[{"href":"https:\/\/swissbeautypro.com\/fr\/wp-json\/wp\/v2\/types\/product"}],"replies":[{"embeddable":true,"href":"https:\/\/swissbeautypro.com\/fr\/wp-json\/wp\/v2\/comments?post=1024"}],"version-history":[{"count":5,"href":"https:\/\/swissbeautypro.com\/fr\/wp-json\/wp\/v2\/product\/1024\/revisions"}],"predecessor-version":[{"id":2936,"href":"https:\/\/swissbeautypro.com\/fr\/wp-json\/wp\/v2\/product\/1024\/revisions\/2936"}],"wp:featuredmedia":[{"embeddable":true,"href":"https:\/\/swissbeautypro.com\/fr\/wp-json\/wp\/v2\/media\/1025"}],"wp:attachment":[{"href":"https:\/\/swissbeautypro.com\/fr\/wp-json\/wp\/v2\/media?parent=1024"}],"wp:term":[{"taxonomy":"product_cat","embeddable":true,"href":"https:\/\/swissbeautypro.com\/fr\/wp-json\/wp\/v2\/product_cat?post=1024"},{"taxonomy":"product_tag","embeddable":true,"href":"https:\/\/swissbeautypro.com\/fr\/wp-json\/wp\/v2\/product_tag?post=1024"}],"curies":[{"name":"wp","href":"https:\/\/api.w.org\/{rel}","templated":true}]}}