{"id":1029,"date":"2024-04-15T23:45:28","date_gmt":"2024-04-15T23:45:28","guid":{"rendered":"https:\/\/swissbeautypro.com\/?post_type=product&#038;p=1029"},"modified":"2026-04-07T15:07:10","modified_gmt":"2026-04-07T15:07:10","slug":"purifying-actived-charcoal","status":"publish","type":"product","link":"https:\/\/swissbeautypro.com\/fr\/produit\/purifying-actived-charcoal\/","title":{"rendered":"PURIFYING ACTIVED CHARCOAL"},"content":{"rendered":"<p><span style=\"color: #000000;\"><strong>DESCRIPTION:<\/strong><\/span><\/p>\n<p class=\" translation-block\">Its use is effective for the treatment of mild and moderate acne.<br>\r\n\u2022 Treats post-shave wounds, folliculitis, redness and pigmentation.<br>\r\n\u2022 It penetrates deep into the pores removing toxins and preventing clogging.<br>\r\n\u2022 Tea tree and peppermint oil extract pollutants from deep within the skin.<br>\r\n\u2022 Controls sebaceous secretion.<\/p>\n<p><span style=\"color: #000000;\"><strong>TYPE DE PEAU \/ PR\u00c9OCCUPATIONS CUTAN\u00c9ES :<\/strong> <\/span><\/p>\n<p class=\" translation-block\">Peau sensible, Pores obstru\u00e9s, Acn\u00e9 et imperfections, \nRougeurs, Cicatrices, Poils incarn\u00e9s, Peau grasse et Points noirs<\/p>\n<p><span style=\"color: #000000;\"><strong>PRINCIPES ACTIFS:<\/strong><\/span><\/p>\n<p>\u2022 Farine d'avoine biologique.<br \/>\n\u2022 Farine de riz biologique.<br \/>\n\u2022 Du charbon de bois pur.<br \/>\n\u2022 Huile d'arbre \u00e0 th\u00e9.<br \/>\n\u2022 Huile de menthe poivr\u00e9<\/p>\n<p><span style=\"color: #000000;\"><strong>INGR\u00c9DIENTS:<\/strong><\/span><\/p>\n<p class=\" translation-block\">Charbon pur, huile d'arbre \u00e0 th\u00e9 et huile de menthe poivr\u00e9e, alginate de potassium, alginate de \nsodium, poudre de charbon de bambou, farine de grains entiers bio, farine de riz blanc biologique, \nglucose, silika, poudre d'\u00e9corce de saule blanc biologique, hyaluronate de sodium, sulfate de \ncalcium, potassium, magn\u00e9sium , Sodium, chlorure, bicarbonate, pyrophosphate de sodium, arbre \u00e0 \nth\u00e9 (Melaleuca alternifolia) huile, huile de menthe (Mentha-piperita).<\/p>\n<p><span style=\"color: #000000;\"><strong>MODE D\u2019EMPLOI :<\/strong><\/span><\/p>\n<p class=\" translation-block\">\u2022 M\u00e9langer 50 ml de produit avec 40 ml d'eau.<br>\n\u2022 Appliquer sur la surface cutan\u00e9e \u00e0 traiter.<br>\n\u2022 Laisser agir 20 minutes et retirer.<\/p>\n<p><span style=\"color: #000000;\"><strong>APPLICAZIONI:<\/strong><\/span><\/p>\n<p>Visage : 17 applications.<br \/>\nViso e collo: 10 applicazioni<\/p>\n<p><strong><span style=\"color: #000000;\">CONTENU:<\/span> <\/strong><\/p>\n<p>500gr<\/p>","protected":false},"excerpt":{"rendered":"<p><span style=\"color: #000000;\">Livraison 2-3 jours ouvrables<\/span><\/p>","protected":false},"featured_media":1030,"comment_status":"open","ping_status":"closed","template":"","meta":[],"product_cat":[107,112,71,118,70],"product_tag":[86,83,88],"class_list":{"0":"post-1029","1":"product","2":"type-product","3":"status-publish","4":"has-post-thumbnail","6":"product_brand-esthemax","7":"product_cat-acne","8":"product_cat-blemishes","9":"product_cat-hydrojelly-mask","10":"product_cat-oily-skin","11":"product_cat-products","12":"product_tag-acne","13":"product_tag-blemishes","14":"product_tag-oily-skin","16":"first","17":"outofstock","18":"taxable","19":"shipping-taxable","20":"product-type-simple"},"_links":{"self":[{"href":"https:\/\/swissbeautypro.com\/fr\/wp-json\/wp\/v2\/product\/1029","targetHints":{"allow":["GET"]}}],"collection":[{"href":"https:\/\/swissbeautypro.com\/fr\/wp-json\/wp\/v2\/product"}],"about":[{"href":"https:\/\/swissbeautypro.com\/fr\/wp-json\/wp\/v2\/types\/product"}],"replies":[{"embeddable":true,"href":"https:\/\/swissbeautypro.com\/fr\/wp-json\/wp\/v2\/comments?post=1029"}],"version-history":[{"count":4,"href":"https:\/\/swissbeautypro.com\/fr\/wp-json\/wp\/v2\/product\/1029\/revisions"}],"predecessor-version":[{"id":2935,"href":"https:\/\/swissbeautypro.com\/fr\/wp-json\/wp\/v2\/product\/1029\/revisions\/2935"}],"wp:featuredmedia":[{"embeddable":true,"href":"https:\/\/swissbeautypro.com\/fr\/wp-json\/wp\/v2\/media\/1030"}],"wp:attachment":[{"href":"https:\/\/swissbeautypro.com\/fr\/wp-json\/wp\/v2\/media?parent=1029"}],"wp:term":[{"taxonomy":"product_cat","embeddable":true,"href":"https:\/\/swissbeautypro.com\/fr\/wp-json\/wp\/v2\/product_cat?post=1029"},{"taxonomy":"product_tag","embeddable":true,"href":"https:\/\/swissbeautypro.com\/fr\/wp-json\/wp\/v2\/product_tag?post=1029"}],"curies":[{"name":"wp","href":"https:\/\/api.w.org\/{rel}","templated":true}]}}