{"id":1033,"date":"2024-04-15T23:51:36","date_gmt":"2024-04-15T23:51:36","guid":{"rendered":"https:\/\/swissbeautypro.com\/?post_type=product&#038;p=1033"},"modified":"2026-03-01T23:04:10","modified_gmt":"2026-03-01T23:04:10","slug":"radiance-biotin","status":"publish","type":"product","link":"https:\/\/swissbeautypro.com\/fr\/produit\/radiance-biotin\/","title":{"rendered":"RADIANCE BIOTIN"},"content":{"rendered":"<p><span style=\"color: #000000;\"><strong>DESCRIPTION:<\/strong><\/span><\/p>\n<p class=\" translation-block\">La biotine est une vitamine B, connue sous le nom de vitamine B7. La carence en biotine provoque \nune vari\u00e9t\u00e9 de probl\u00e8mes, notamment des rougeurs, des \u00e9ruptions cutan\u00e9es et une peau s\u00e8che. <br>\n\u2022 Effet anti-inflammatoire. <br>\n\u2022 Soulager l'ecz\u00e9ma est donc le plus indiqu\u00e9 pour les patients atteints de la rosac\u00e9e. <br>\n\u2022 Garde la peau hydrat\u00e9e.<\/p>\n<p><span style=\"color: #000000;\"><strong>TYPE DE PEAU \/ PR\u00c9OCCUPATIONS CUTAN\u00c9ES :<\/strong><\/span><\/p>\n<p class=\" translation-block\">Tous types de peau, Peau s\u00e8che, Sensible, D\u00e9shydrat\u00e9e, \nPeau sujette \u00e0 l'acn\u00e9, Rosac\u00e9e, Ecz\u00e9ma.<\/p>\n<p><span style=\"color: #000000;\"><strong>INGR\u00c9DIENTS ACTIFS :<\/strong><\/span><\/p>\n<p>\u2022 Farine d'avoine biologique.<br \/>\nFarine de riz biologique.<br \/>\nBiotine (vitamine B7)<\/p>\n<p><span style=\"color: #000000;\"><strong>INGR\u00c9DIENTS:<\/strong><\/span><\/p>\n<p class=\" translation-block\">Biotine, alginate de potassium, alginate de sodium, farine d'avoine de grains entiers bio, farine de \nriz blanc biologique, glucose, silika, poudre d'\u00e9corce de saule blanc biologique, d-biotine, sulfate de \ncalcium, potassium, magn\u00e9sium, chlorure de sodium, bicarbonate, pyrophosphate de sodium, \noxydes de fer , Verts en oxyde de chrome, parfum.<\/p>\n<p><span style=\"color: #000000;\"><strong>MODE D\u2019EMPLOI :<\/strong><\/span><\/p>\n<p class=\" translation-block\">\u2022 M\u00e9langer 50 ml de produit avec 40 ml d'eau.<br>\n\u2022 Appliquer sur la surface cutan\u00e9e \u00e0 traiter.<br>\n\u2022 Laisser agir 20 minutes et retirer.<\/p>\n<p><span style=\"color: #000000;\"><strong>APPLICAZIONI:<\/strong><\/span><\/p>\n<p>Visage : 17 applications.<br \/>\nViso e collo: 10 applicazioni<\/p>\n<p><span style=\"color: #000000;\"><strong>CONTENU:<\/strong><\/span><\/p>\n<p>500gr<\/p>","protected":false},"excerpt":{"rendered":"<p><span style=\"color: #000000;\">Livraison 2-3 jours ouvrables<\/span><\/p>","protected":false},"featured_media":1034,"comment_status":"open","ping_status":"closed","template":"","meta":[],"product_cat":[113,114,71,70,121,122],"product_tag":[73,74,89,80],"class_list":{"0":"post-1033","1":"product","2":"type-product","3":"status-publish","4":"has-post-thumbnail","6":"product_brand-esthemax","7":"product_cat-dry-skin","8":"product_cat-dull-skin","9":"product_cat-hydrojelly-mask","10":"product_cat-products","11":"product_cat-rosacea","12":"product_cat-sensitive-skin","13":"product_tag-dry-skin","14":"product_tag-dull-skin","15":"product_tag-rosacea","16":"product_tag-sensitive-skin","18":"first","19":"outofstock","20":"taxable","21":"shipping-taxable","22":"product-type-simple"},"_links":{"self":[{"href":"https:\/\/swissbeautypro.com\/fr\/wp-json\/wp\/v2\/product\/1033","targetHints":{"allow":["GET"]}}],"collection":[{"href":"https:\/\/swissbeautypro.com\/fr\/wp-json\/wp\/v2\/product"}],"about":[{"href":"https:\/\/swissbeautypro.com\/fr\/wp-json\/wp\/v2\/types\/product"}],"replies":[{"embeddable":true,"href":"https:\/\/swissbeautypro.com\/fr\/wp-json\/wp\/v2\/comments?post=1033"}],"version-history":[{"count":5,"href":"https:\/\/swissbeautypro.com\/fr\/wp-json\/wp\/v2\/product\/1033\/revisions"}],"predecessor-version":[{"id":2934,"href":"https:\/\/swissbeautypro.com\/fr\/wp-json\/wp\/v2\/product\/1033\/revisions\/2934"}],"wp:featuredmedia":[{"embeddable":true,"href":"https:\/\/swissbeautypro.com\/fr\/wp-json\/wp\/v2\/media\/1034"}],"wp:attachment":[{"href":"https:\/\/swissbeautypro.com\/fr\/wp-json\/wp\/v2\/media?parent=1033"}],"wp:term":[{"taxonomy":"product_cat","embeddable":true,"href":"https:\/\/swissbeautypro.com\/fr\/wp-json\/wp\/v2\/product_cat?post=1033"},{"taxonomy":"product_tag","embeddable":true,"href":"https:\/\/swissbeautypro.com\/fr\/wp-json\/wp\/v2\/product_tag?post=1033"}],"curies":[{"name":"wp","href":"https:\/\/api.w.org\/{rel}","templated":true}]}}