{"id":1037,"date":"2024-04-15T23:58:07","date_gmt":"2024-04-15T23:58:07","guid":{"rendered":"https:\/\/swissbeautypro.com\/?post_type=product&#038;p=1037"},"modified":"2026-02-25T21:14:49","modified_gmt":"2026-02-25T21:14:49","slug":"renewal-boost","status":"publish","type":"product","link":"https:\/\/swissbeautypro.com\/fr\/produit\/renewal-boost\/","title":{"rendered":"RENEWAL BOOST"},"content":{"rendered":"<p><span style=\"color: #000000;\"><strong>DESCRIPTION:<\/strong><\/span><\/p>\n<p class=\" translation-block\">D\u00e9couvrez le vrai sens de Diamond Shine avec cette Hydrojelly\u00ae masque. Son composant principal est la chlorophylle, qui permet la r\u00e9g\u00e9n\u00e9ration et le renouvellement de la peau. <br>\n\u2022 Cela aide le renouvellement et la r\u00e9paration de cellules endommag\u00e9es. <br>\n\u2022 Minimise l'apparence des cicatrices d'acn\u00e9 et lignes d'expression. <br>\n\u2022 Augmenter la production de collag\u00e8ne.<\/p>\n<p><span style=\"color: #000000;\"><strong>TYPE DE PEAU \/ PR\u00c9OCCUPATIONS CUTAN\u00c9ES :<\/strong><\/span><\/p>\n<p class=\" translation-block\">Id\u00e9al pour la peau avec des cicatrices d'acn\u00e9 et une \ntonalit\u00e9 in\u00e9gale de la peau.<\/p>\n<p><span style=\"color: #000000;\"><strong>INGR\u00c9DIENTS ACTIFS :<\/strong><\/span><\/p>\n<p>\u2022 Farine d'avoine biologique.<br \/>\n\u2022 Farine de riz biologique.<br \/>\nAlgues cyanophyc\u00e9es-Spirulina.<br \/>\nPoudre de diamant.<\/p>\n<p><span style=\"color: #000000;\"><strong>INGR\u00c9DIENTS<\/strong><\/span><\/p>\n<p class=\" translation-block\">Aphanizonmenon Flos-Aquae (AFA) (algues bleu-vert) et poudre de poussi\u00e8re de diamants. <br>\n\u2022 AFA: SIDA dans la repousse de cellules <br>\n\u2022 Poudre de poussi\u00e8re de diamants: am\u00e9liorer la couleur de la peau in\u00e9gale, la texture et les \ntaches de soleil <br>\nAlginate de potassium, alginate de sodium, farine d'avoine de grains entiers bio, farine de riz blanc \nbiologique, glucose, silika, bandouli\u00e8re blanc bio poudre d'\u00e9corce, aphanizomenon flos aquae (algue \nbleu -green), poudre de poussi\u00e8re de diamant, sulfate de calcium, mica, potassium, magn\u00e9sium, \nSodium, chlorure, phosphore, bicarbon, pyrophosphate de sodium, parfum.<\/p>\n<p><span style=\"color: #000000;\"><strong>MODE D\u2019EMPLOI :<\/strong><\/span><\/p>\n<p class=\" translation-block\">\u2022 M\u00e9langer 50 ml de produit avec 40 ml d'eau.<br>\n\u2022 Appliquer sur la surface cutan\u00e9e \u00e0 traiter.<br>\n\u2022 Laisser agir 20 minutes et retirer.<\/p>\n<p><span style=\"color: #000000;\"><strong>APPLICAZIONI:<\/strong><\/span><\/p>\n<p>Visage : 17 applications.<br \/>\nViso e collo: 10 applicazioni<\/p>\n<p><strong><span style=\"color: #000000;\">CONTENU:<\/span> <\/strong><\/p>\n<p>500gr<\/p>","protected":false},"excerpt":{"rendered":"<p><span style=\"color: #000000;\">Livraison 2-3 jours ouvrables<\/span><\/p>","protected":false},"featured_media":1038,"comment_status":"open","ping_status":"closed","template":"","meta":[],"product_cat":[108,109,114,116,123,70,71],"product_tag":[90,87,74,77,75],"class_list":{"0":"post-1037","1":"product","2":"type-product","3":"status-publish","4":"has-post-thumbnail","6":"product_brand-esthemax","7":"product_cat-acne-scars","8":"product_cat-all-skin-types","9":"product_cat-dull-skin","10":"product_cat-led-lamp","11":"product_cat-skin-renewal","12":"product_cat-products","13":"product_cat-hydrojelly-mask","14":"product_tag-acne-scars","15":"product_tag-all-skin-types","16":"product_tag-dull-skin","17":"product_tag-led-lamp","18":"product_tag-skin-renewal","20":"first","21":"outofstock","22":"taxable","23":"shipping-taxable","24":"product-type-simple"},"_links":{"self":[{"href":"https:\/\/swissbeautypro.com\/fr\/wp-json\/wp\/v2\/product\/1037","targetHints":{"allow":["GET"]}}],"collection":[{"href":"https:\/\/swissbeautypro.com\/fr\/wp-json\/wp\/v2\/product"}],"about":[{"href":"https:\/\/swissbeautypro.com\/fr\/wp-json\/wp\/v2\/types\/product"}],"replies":[{"embeddable":true,"href":"https:\/\/swissbeautypro.com\/fr\/wp-json\/wp\/v2\/comments?post=1037"}],"version-history":[{"count":5,"href":"https:\/\/swissbeautypro.com\/fr\/wp-json\/wp\/v2\/product\/1037\/revisions"}],"predecessor-version":[{"id":2933,"href":"https:\/\/swissbeautypro.com\/fr\/wp-json\/wp\/v2\/product\/1037\/revisions\/2933"}],"wp:featuredmedia":[{"embeddable":true,"href":"https:\/\/swissbeautypro.com\/fr\/wp-json\/wp\/v2\/media\/1038"}],"wp:attachment":[{"href":"https:\/\/swissbeautypro.com\/fr\/wp-json\/wp\/v2\/media?parent=1037"}],"wp:term":[{"taxonomy":"product_cat","embeddable":true,"href":"https:\/\/swissbeautypro.com\/fr\/wp-json\/wp\/v2\/product_cat?post=1037"},{"taxonomy":"product_tag","embeddable":true,"href":"https:\/\/swissbeautypro.com\/fr\/wp-json\/wp\/v2\/product_tag?post=1037"}],"curies":[{"name":"wp","href":"https:\/\/api.w.org\/{rel}","templated":true}]}}