{"id":1045,"date":"2024-04-16T00:05:28","date_gmt":"2024-04-16T00:05:28","guid":{"rendered":"https:\/\/swissbeautypro.com\/?post_type=product&#038;p=1045"},"modified":"2025-12-15T21:56:33","modified_gmt":"2025-12-15T21:56:33","slug":"rosehip-hop-hydrojelly","status":"publish","type":"product","link":"https:\/\/swissbeautypro.com\/fr\/produit\/rosehip-hop-hydrojelly\/","title":{"rendered":"ROSEHIP HOP HYDROJELLY"},"content":{"rendered":"<p><strong><span style=\"color: #000000;\">DESCRIPTION<\/span>:<\/strong><\/p>\n<p class=\" translation-block\">L'extrait de rose musqu\u00e9e fournit une ultra-hydratation riche en om\u00e9ga-3 et om\u00e9ga-6 (acide \nlinol\u00e9ique). Chez les patients atteints de dermatite atopique, il y a un niveau inf\u00e9rieur de ces acides \ngras. Il contient des niveaux \u00e9lev\u00e9s d'acides gras essentiels qui, associ\u00e9s aux vitamines A, B1, B2, \nB3 et K, lui conf\u00e8rent ses propri\u00e9t\u00e9s r\u00e9g\u00e9n\u00e9ratrices, cicatrisantes et \u00e9mollientes qui adoucissent \nefficacement la peau, am\u00e9liorant progressivement la barri\u00e8re cutan\u00e9e.<\/p>\n<p><span style=\"color: #000000;\"><strong>TYPE DE PEAU \/ PR\u00c9OCCUPATIONS CUTAN\u00c9ES :<\/strong><\/span><\/p>\n<p>: Id\u00e9al pour les dermatites atopiques et\/ou les protocoles \nsur peaux sensibles, r\u00e9actives et irrit\u00e9es. Il peut \u00eatre utilis\u00e9 dans des protocoles \u00e9mollients.<\/p>\n<p><span style=\"color: #000000;\"><strong>INGR\u00c9DIENTS ACTIFS :<\/strong><\/span><\/p>\n<p>\u2022 Cynorrhodon<br \/>\n\u00c9lectrolyte organique<\/p>\n<p><span style=\"color: #000000;\"><strong>MODE D\u2019EMPLOI :<\/strong><\/span><\/p>\n<p class=\" translation-block\">\u2022 M\u00e9langer 50 ml de produit avec 40 ml d'eau.<br>\n\u2022 Appliquer sur la surface cutan\u00e9e \u00e0 traiter.<br>\n\u2022 Laisser agir 20 minutes et retirer.<\/p>\n<p><span style=\"color: #000000;\"><strong>APPLICAZIONI:<\/strong><\/span><\/p>\n<p>Visage : 17 applications.<br \/>\nVisage et cou : 10 applications.<\/p>\n<p><span style=\"color: #000000;\"><strong>CONTENU:<\/strong><\/span> 500gr<\/p>","protected":false},"excerpt":{"rendered":"<p><span style=\"color: #000000;\">Livraison 2-3 jours ouvrables<\/span><\/p>","protected":false},"featured_media":1046,"comment_status":"open","ping_status":"closed","template":"","meta":[],"product_cat":[71,115,116,70,122],"product_tag":[82,77,80],"class_list":{"0":"post-1045","1":"product","2":"type-product","3":"status-publish","4":"has-post-thumbnail","6":"product_brand-esthemax","7":"product_cat-hydrojelly-mask","8":"product_cat-irritated-skin","9":"product_cat-led-lamp","10":"product_cat-products","11":"product_cat-sensitive-skin","12":"product_tag-irritated-skin","13":"product_tag-led-lamp","14":"product_tag-sensitive-skin","16":"first","17":"outofstock","18":"taxable","19":"shipping-taxable","20":"product-type-simple"},"_links":{"self":[{"href":"https:\/\/swissbeautypro.com\/fr\/wp-json\/wp\/v2\/product\/1045","targetHints":{"allow":["GET"]}}],"collection":[{"href":"https:\/\/swissbeautypro.com\/fr\/wp-json\/wp\/v2\/product"}],"about":[{"href":"https:\/\/swissbeautypro.com\/fr\/wp-json\/wp\/v2\/types\/product"}],"replies":[{"embeddable":true,"href":"https:\/\/swissbeautypro.com\/fr\/wp-json\/wp\/v2\/comments?post=1045"}],"version-history":[{"count":7,"href":"https:\/\/swissbeautypro.com\/fr\/wp-json\/wp\/v2\/product\/1045\/revisions"}],"predecessor-version":[{"id":2931,"href":"https:\/\/swissbeautypro.com\/fr\/wp-json\/wp\/v2\/product\/1045\/revisions\/2931"}],"wp:featuredmedia":[{"embeddable":true,"href":"https:\/\/swissbeautypro.com\/fr\/wp-json\/wp\/v2\/media\/1046"}],"wp:attachment":[{"href":"https:\/\/swissbeautypro.com\/fr\/wp-json\/wp\/v2\/media?parent=1045"}],"wp:term":[{"taxonomy":"product_cat","embeddable":true,"href":"https:\/\/swissbeautypro.com\/fr\/wp-json\/wp\/v2\/product_cat?post=1045"},{"taxonomy":"product_tag","embeddable":true,"href":"https:\/\/swissbeautypro.com\/fr\/wp-json\/wp\/v2\/product_tag?post=1045"}],"curies":[{"name":"wp","href":"https:\/\/api.w.org\/{rel}","templated":true}]}}