{"id":1049,"date":"2024-04-16T00:09:09","date_gmt":"2024-04-16T00:09:09","guid":{"rendered":"https:\/\/swissbeautypro.com\/?post_type=product&#038;p=1049"},"modified":"2026-03-11T19:22:58","modified_gmt":"2026-03-11T19:22:58","slug":"skin-warrior-ageless","status":"publish","type":"product","link":"https:\/\/swissbeautypro.com\/fr\/produit\/skin-warrior-ageless\/","title":{"rendered":"SKIN WARRIOR AGELESS"},"content":{"rendered":"<p><span style=\"color: #000000;\"><strong>DESCRIPTION:<\/strong><\/span><\/p>\n<p class=\" translation-block\">Traitez votre peau avec notre formule rafra\u00eechissante infus\u00e9e de ginseng, connu pour ses propri\u00e9t\u00e9s \napaisantes et hydratantes. Il est parfait pour les clients qui subissent une perte de fermet\u00e9 et \nd'\u00e9lasticit\u00e9, de lignes fines et de rides, d'opacit\u00e9 et de texture in\u00e9gale. Les principaux ingr\u00e9dients \ntravaillent ensemble pour renforcer les tissus conjonctifs de la peau et garder la peau avec un \ng\u00e2chis. <br>\n\u2022 Cela aide le renouvellement et la r\u00e9paration de cellules endommag\u00e9es. <br>\n\u2022 Stimule la r\u00e9g\u00e9n\u00e9ration et la production de nouvelles cellules. <br>\n\u2022 Augmenter la production de collag\u00e8ne.<\/p>\n<p><span style=\"color: #000000;\"><strong>TYPE DE PEAU \/ PR\u00c9OCCUPATIONS CUTAN\u00c9ES :<\/strong> <\/span><\/p>\n<p class=\" translation-block\">Id\u00e9al pour les peaux avec des lignes d'expression, perte \nde fermet\u00e9, peaux avec un ton irr\u00e9gulier.<\/p>\n<p><span style=\"color: #000000;\"><strong>INGR\u00c9DIENTS ACTIFS :<\/strong><\/span><\/p>\n<p>Farine d'avoine biologique.<br \/>\nFarine de riz biologique.<br \/>\nFleur de lotus.<br \/>\nGinseng<br \/>\nCoenzyme Q10<\/p>\n<p><strong><span style=\"color: #000000;\">Fleur de lotus<\/span><\/strong><\/p>\n<p class=\" translation-block\">Contient des acides gras, des flavono\u00efdes et des prot\u00e9ines qui aident \u00e0 renforcer les tissus Connectif \net gardez la peau lisse et douce. Il aide \u00e0 augmenter l'\u00e9lasticit\u00e9 et \u00e0 renforcer la structure de la peau. \nContient de la vitamine A. (R\u00e9tinol) qui exfoliez la strate corne. Est riche Dans les antioxydants et \nle potassium.<\/p>\n<p><strong><span style=\"color: #000000;\">Coenzyme Q10.<\/span><\/strong><\/p>\n<p class=\" translation-block\">Aide \u00e0 neutraliser l'action des radicaux libres en inhibant et en minimisant le stress oxydatif \nR\u00e9duit la profondeur des lignes d'expression car elle stimule la synth\u00e8se du nouveau collag\u00e8ne et \n\u00e9lastine.<\/p>\n<p><strong><span style=\"color: #000000;\">Ginseng<\/span><\/strong><\/p>\n<p class=\" translation-block\">It is a medicinal plant with potent rejuvenating effects for skin as it contains many<br>\r\nphytonutrients. Stimulates the proliferation of new cells, its antioxidant effects help to regenerate<br>\r\ndry and mature skin. Improves micro-circulation.<\/p>\n<p><span style=\"color: #000000;\"><strong>INGR\u00c9DIENTS:<\/strong><\/span><\/p>\n<p class=\" translation-block\">Lotus, ginseng &amp; Coq10, alginate de potassium, alginate de sodium, farine d'avoine \u00e0 grains entiers \nbio, glucose de farine de riz blanc biologique, silika, plumules de lotus, poudre d'\u00e9corce blanc \nbiologique, racine de ginseng biologique (panax ginseng ca Mey), coenzyme Q10 (Ubiquinol ), \nHyaluronate de sodium, sulfate de calcium, potassium, magn\u00e9sium, sodium, chlorure, bicarbonate, \npyrophosphate de sodium, parfum.<\/p>\n<p><span style=\"color: #000000;\"><strong>MODE D\u2019EMPLOI :<\/strong><\/span><\/p>\n<p>\u2022 M\u00e9langer 50 ml du produit avec 40 ml d'eau.<br \/>\n\u2022 Appliquer sur la surface de la peau \u00e0 traiter.<br \/>\n\u2022 Laisser agir 20 minutes et retirer.<\/p>\n<p><span style=\"color: #000000;\"><strong>APPLICAZIONI:<\/strong><\/span><\/p>\n<p>Visage : 17 applications.<br \/>\nVisage et cou : 10 applications.<\/p>\n<p><span style=\"color: #000000;\"><strong>CONTENU:<\/strong> <\/span><\/p>\n<p>500gr<\/p>","protected":false},"excerpt":{"rendered":"<p><span style=\"color: #000000;\">Livraison 2-3 jours ouvrables<\/span><\/p>","protected":false},"featured_media":1050,"comment_status":"open","ping_status":"closed","template":"","meta":[],"product_cat":[70,71],"product_tag":[74,76,79],"class_list":{"0":"post-1049","1":"product","2":"type-product","3":"status-publish","4":"has-post-thumbnail","6":"product_brand-esthemax","7":"product_cat-products","8":"product_cat-hydrojelly-mask","9":"product_tag-dull-skin","10":"product_tag-mature-skin","11":"product_tag-wrinkles","13":"first","14":"outofstock","15":"taxable","16":"shipping-taxable","17":"product-type-simple"},"_links":{"self":[{"href":"https:\/\/swissbeautypro.com\/fr\/wp-json\/wp\/v2\/product\/1049","targetHints":{"allow":["GET"]}}],"collection":[{"href":"https:\/\/swissbeautypro.com\/fr\/wp-json\/wp\/v2\/product"}],"about":[{"href":"https:\/\/swissbeautypro.com\/fr\/wp-json\/wp\/v2\/types\/product"}],"replies":[{"embeddable":true,"href":"https:\/\/swissbeautypro.com\/fr\/wp-json\/wp\/v2\/comments?post=1049"}],"version-history":[{"count":5,"href":"https:\/\/swissbeautypro.com\/fr\/wp-json\/wp\/v2\/product\/1049\/revisions"}],"predecessor-version":[{"id":2930,"href":"https:\/\/swissbeautypro.com\/fr\/wp-json\/wp\/v2\/product\/1049\/revisions\/2930"}],"wp:featuredmedia":[{"embeddable":true,"href":"https:\/\/swissbeautypro.com\/fr\/wp-json\/wp\/v2\/media\/1050"}],"wp:attachment":[{"href":"https:\/\/swissbeautypro.com\/fr\/wp-json\/wp\/v2\/media?parent=1049"}],"wp:term":[{"taxonomy":"product_cat","embeddable":true,"href":"https:\/\/swissbeautypro.com\/fr\/wp-json\/wp\/v2\/product_cat?post=1049"},{"taxonomy":"product_tag","embeddable":true,"href":"https:\/\/swissbeautypro.com\/fr\/wp-json\/wp\/v2\/product_tag?post=1049"}],"curies":[{"name":"wp","href":"https:\/\/api.w.org\/{rel}","templated":true}]}}