{"id":1053,"date":"2024-04-16T00:14:58","date_gmt":"2024-04-16T00:14:58","guid":{"rendered":"https:\/\/swissbeautypro.com\/?post_type=product&#038;p=1053"},"modified":"2026-03-29T12:15:31","modified_gmt":"2026-03-29T12:15:31","slug":"spot-diminishing-ala","status":"publish","type":"product","link":"https:\/\/swissbeautypro.com\/fr\/produit\/spot-diminishing-ala\/","title":{"rendered":"SPOT DIMINISHING ALA"},"content":{"rendered":"<p><span style=\"color: #000000;\"><strong>DESCRIPTION:<\/strong><\/span><\/p>\n<p class=\" translation-block\">Combinez ce masque avec une th\u00e9rapie \u00e0 LED bleue et aura un traitement puissant pour l'acn\u00e9. <br>\n\u2022 R\u00e9duit la s\u00e9cr\u00e9tion des graisses des glandes s\u00e9bac\u00e9es et minimise les colonies bact\u00e9riennes. <br>\n\u2022 La lumi\u00e8re LED bleue p\u00e9n\u00e8tre le derme afin de tuer la bact\u00e9rie Propionibacterium acnes. <br>\n\u2022 Effet antiseptique, antifongique et antibact\u00e9rien rendant tr\u00e8s efficace pour le traitement des \nblessures, de l'acn\u00e9 et des infections de la peau. <br>\n*Recommandation <br>\n<b>Pendant le 48 heures plus tard Le patient devrait \u00e9viter l'exposition au soleil et utiliser \nrigoureusement un facteur de protection solaire. <\/b><\/p>\n<p><strong><span style=\"color: #000000;\">TYPE DE PEAU \/ PR\u00c9OCCUPATIONS CUTAN\u00c9ES :<\/span><\/strong><\/p>\n<p class=\" translation-block\">Ideal for skin with acne (papules, cysts and nodules), oily skin,<br>\r\nfolliculitis.<\/p>\n<p><span style=\"color: #000000;\"><strong>INGR\u00c9DIENTS ACTIFS :<\/strong><\/span><\/p>\n<p>\u2022 Farine d'avoine biologique.<br \/>\n\u2022 Farine de riz biologique.<br \/>\nAcide aminol\u00e9vulinique.<br \/>\nHuile d'eucalyptus.<\/p>\n<p><span style=\"color: #000000;\"><strong>INGR\u00c9DIENTS:<\/strong><\/span><\/p>\n<p class=\" translation-block\">Acide 5-aminolovulinique (ALA), huile d'eucalyptus et huile de menthe poivr\u00e9e, alginate de \npotassium, alginate de sodium, 5 acide aminol\u00e9vulinique, farine de grains entiers biologiques, farine \nde riz blanc biologique, glucose, silika, poudre d'\u00e9corce blanc biologique, hyaluronate de sodium, \nsulfate de calcium , Potassium, magn\u00e9sium, sodium, chlorure, bicarbonate, pyrophosphate de \nsodium, huile d'eucalyptus (Eucalyptus globulus), huile de menthe poivr\u00e9e (mentha piperita), \nUltramarines.<\/p>\n<p><span style=\"color: #000000;\"><strong>MODE D\u2019EMPLOI :<\/strong><\/span><\/p>\n<p>\u2022 M\u00e9langer 50 ml du produit avec 40 ml d'eau.<br \/>\n\u2022 Appliquer sur la surface de la peau \u00e0 traiter.<br \/>\nLaisser agir 20 minutes et retirer.<\/p>\n<p><span style=\"color: #000000;\"><strong>APPLICAZIONI:<\/strong><\/span><\/p>\n<p>Visage : 17 applications.<br \/>\nVisage et cou : 10 applications.<\/p>\n<p><span style=\"color: #000000;\"><strong>CONTENU:<\/strong>:<\/span><\/p>\n<p>500gr.<\/p>","protected":false},"excerpt":{"rendered":"<p><span style=\"color: #000000;\">Livraison 2-3 jours ouvrables<\/span><\/p>","protected":false},"featured_media":1057,"comment_status":"open","ping_status":"closed","template":"","meta":[],"product_cat":[107,112,118,70,71],"product_tag":[86,83,88],"class_list":{"0":"post-1053","1":"product","2":"type-product","3":"status-publish","4":"has-post-thumbnail","6":"product_brand-esthemax","7":"product_cat-acne","8":"product_cat-blemishes","9":"product_cat-oily-skin","10":"product_cat-products","11":"product_cat-hydrojelly-mask","12":"product_tag-acne","13":"product_tag-blemishes","14":"product_tag-oily-skin","16":"first","17":"outofstock","18":"taxable","19":"shipping-taxable","20":"product-type-simple"},"_links":{"self":[{"href":"https:\/\/swissbeautypro.com\/fr\/wp-json\/wp\/v2\/product\/1053","targetHints":{"allow":["GET"]}}],"collection":[{"href":"https:\/\/swissbeautypro.com\/fr\/wp-json\/wp\/v2\/product"}],"about":[{"href":"https:\/\/swissbeautypro.com\/fr\/wp-json\/wp\/v2\/types\/product"}],"replies":[{"embeddable":true,"href":"https:\/\/swissbeautypro.com\/fr\/wp-json\/wp\/v2\/comments?post=1053"}],"version-history":[{"count":10,"href":"https:\/\/swissbeautypro.com\/fr\/wp-json\/wp\/v2\/product\/1053\/revisions"}],"predecessor-version":[{"id":2929,"href":"https:\/\/swissbeautypro.com\/fr\/wp-json\/wp\/v2\/product\/1053\/revisions\/2929"}],"wp:featuredmedia":[{"embeddable":true,"href":"https:\/\/swissbeautypro.com\/fr\/wp-json\/wp\/v2\/media\/1057"}],"wp:attachment":[{"href":"https:\/\/swissbeautypro.com\/fr\/wp-json\/wp\/v2\/media?parent=1053"}],"wp:term":[{"taxonomy":"product_cat","embeddable":true,"href":"https:\/\/swissbeautypro.com\/fr\/wp-json\/wp\/v2\/product_cat?post=1053"},{"taxonomy":"product_tag","embeddable":true,"href":"https:\/\/swissbeautypro.com\/fr\/wp-json\/wp\/v2\/product_tag?post=1053"}],"curies":[{"name":"wp","href":"https:\/\/api.w.org\/{rel}","templated":true}]}}