{"id":1065,"date":"2024-04-16T00:20:19","date_gmt":"2024-04-16T00:20:19","guid":{"rendered":"https:\/\/swissbeautypro.com\/?post_type=product&#038;p=1065"},"modified":"2026-02-07T21:12:00","modified_gmt":"2026-02-07T21:12:00","slug":"vampire-plla-infusion","status":"publish","type":"product","link":"https:\/\/swissbeautypro.com\/fr\/produit\/vampire-plla-infusion\/","title":{"rendered":"VAMPIRE PLLA INFUSION"},"content":{"rendered":"<p><span style=\"color: #000000;\"><strong>DESCRIPTION:<\/strong><\/span><\/p>\n<p class=\" translation-block\">Contient une concentration \u00e9lev\u00e9e d'acide polylactique (PLLA) <br>\n\u2022 L'acide pollylactique agit comme un r\u00e9novateur naturel de la peau en augmentant sa densit\u00e9 \net son \u00e9lasticit\u00e9. <br>\n\u2022 Cela contribue \u00e0 augmenter son volume car le manque de contour dans la peau est le premier \nsigne du vieillissement. <br>\n\u2022 La peau sera plus jeune, radieuse et saine<\/p>\n<p><strong><span style=\"color: #000000;\">TYPE DE PEAU \/ PR\u00c9OCCUPATIONS CUTAN\u00c9ES :<\/span><\/strong><\/p>\n<p>Peau avec perte de fermet\u00e9 et d'\u00e9lasticit\u00e9, peau mature.<\/p>\n<p><span style=\"color: #000000;\"><strong>INGR\u00c9DIENTS ACTIFS :<\/strong><\/span><\/p>\n<p>\u2022 Farine d'avoine biologique.<br \/>\n\u2022 Farine de riz biologique.<br \/>\nAcide polylactique<\/p>\n<p><span style=\"color: #000000;\"><strong>INGR\u00c9DIENTS:<\/strong><\/span><\/p>\n<p class=\" translation-block\">Acide poly-l-lactique, alginate de potassium, alginate de sodium, farine d'avoine de grains entiers bio, farine de riz blanc biologique, glucose, silika, poudre d'\u00e9corce blanc biologique, hyaluronate de sodium, biotine (comme D - biotine), sulfate de calcium, potassium, Magn\u00e9sium, sodium, chlorure, bicarbon, pyrophosphate de sodium, acide poly -l-lactique, pyrophosphate de sodium, carmin, parfum.<\/p>\n<p><span style=\"color: #000000;\"><strong>MODE D\u2019EMPLOI :<\/strong><\/span><\/p>\n<p>\u2022 M\u00e9langer 50 ml du produit avec 40 ml d'eau.<br \/>\n\u2022 Appliquer sur la surface de la peau \u00e0 traiter.<br \/>\nLaisser agir 20 minutes et retirer.<\/p>\n<p><span style=\"color: #000000;\"><strong>APPLICAZIONI:<\/strong><\/span><\/p>\n<p>Visage : 17 applications.<br \/>\nVisage et cou : 10 applications.<\/p>\n<p><span style=\"color: #000000;\"><strong>CONTENU:<\/strong>:<\/span><\/p>\n<p>500gr<\/p>","protected":false},"excerpt":{"rendered":"<p><span style=\"color: #000000;\">Livraison 2-3 jours ouvrables<\/span><\/p>","protected":false},"featured_media":1067,"comment_status":"open","ping_status":"closed","template":"","meta":[],"product_cat":[110,117,125,70,71],"product_tag":[72,76,79],"class_list":{"0":"post-1065","1":"product","2":"type-product","3":"status-publish","4":"has-post-thumbnail","6":"product_brand-esthemax","7":"product_cat-anti-ageing","8":"product_cat-mature-skin","9":"product_cat-wrinkles","10":"product_cat-products","11":"product_cat-hydrojelly-mask","12":"product_tag-anti-aging","13":"product_tag-mature-skin","14":"product_tag-wrinkles","16":"first","17":"outofstock","18":"taxable","19":"shipping-taxable","20":"product-type-simple"},"_links":{"self":[{"href":"https:\/\/swissbeautypro.com\/fr\/wp-json\/wp\/v2\/product\/1065","targetHints":{"allow":["GET"]}}],"collection":[{"href":"https:\/\/swissbeautypro.com\/fr\/wp-json\/wp\/v2\/product"}],"about":[{"href":"https:\/\/swissbeautypro.com\/fr\/wp-json\/wp\/v2\/types\/product"}],"replies":[{"embeddable":true,"href":"https:\/\/swissbeautypro.com\/fr\/wp-json\/wp\/v2\/comments?post=1065"}],"version-history":[{"count":6,"href":"https:\/\/swissbeautypro.com\/fr\/wp-json\/wp\/v2\/product\/1065\/revisions"}],"predecessor-version":[{"id":2926,"href":"https:\/\/swissbeautypro.com\/fr\/wp-json\/wp\/v2\/product\/1065\/revisions\/2926"}],"wp:featuredmedia":[{"embeddable":true,"href":"https:\/\/swissbeautypro.com\/fr\/wp-json\/wp\/v2\/media\/1067"}],"wp:attachment":[{"href":"https:\/\/swissbeautypro.com\/fr\/wp-json\/wp\/v2\/media?parent=1065"}],"wp:term":[{"taxonomy":"product_cat","embeddable":true,"href":"https:\/\/swissbeautypro.com\/fr\/wp-json\/wp\/v2\/product_cat?post=1065"},{"taxonomy":"product_tag","embeddable":true,"href":"https:\/\/swissbeautypro.com\/fr\/wp-json\/wp\/v2\/product_tag?post=1065"}],"curies":[{"name":"wp","href":"https:\/\/api.w.org\/{rel}","templated":true}]}}