{"id":1069,"date":"2024-04-16T00:28:38","date_gmt":"2024-04-16T00:28:38","guid":{"rendered":"https:\/\/swissbeautypro.com\/?post_type=product&#038;p=1069"},"modified":"2026-01-17T17:35:55","modified_gmt":"2026-01-17T17:35:55","slug":"youthful-elixir","status":"publish","type":"product","link":"https:\/\/swissbeautypro.com\/fr\/produit\/youthful-elixir\/","title":{"rendered":"YOUTHFUL ELIXIR"},"content":{"rendered":"<p><span style=\"color: #000000;\"><strong>DESCRIPTION:<\/strong><\/span><\/p>\n<p class=\" translation-block\">Youthful Elixir Hydrojelly est notre masque le plus haut de gamme, adapt\u00e9 \u00e0 tous les types de peau. \nSes ingr\u00e9dients actifs sont la truffe et l'or 24k, qui appartiennent aux plus hautes sph\u00e8res des soins \nde la peau car ils agissent de l'int\u00e9rieur vers l'ext\u00e9rieur.  <br>\n\u2022 Il am\u00e9liore le processus de renouvellement naturel de la peau tout en diminuant \nl'hyperpigmentation et les taches. <br>\n\u2022 On sait que l'or est connu pour ses propri\u00e9t\u00e9s incroyables anti-inflammatoires et antivieillissantes favorisant une brillance naturelle et une peau saine. <br>\n\u2022 Il contient des propri\u00e9t\u00e9s anti-inflammatoires et anti-\u00e2ge.<\/p>\n<p><strong><span style=\"color: #000000;\">TYPE DE PEAU \/ PR\u00c9OCCUPATIONS CUTAN\u00c9ES :<\/span> <\/strong><\/p>\n<p>Indiqu\u00e9 pour tous les types de peaux.<\/p>\n<p><span style=\"color: #000000;\"><strong>INGR\u00c9DIENTS ACTIFS :<\/strong><\/span><br \/>\n\u2022 Farine d'avoine biologique.<br \/>\n\u2022 Farine de riz biologique.<br \/>\nDes truffes blanches.<br \/>\nPoudre d'or 24 K.<\/p>\n<p><span style=\"color: #000000;\"><strong>INGR\u00c9DIENTS:<\/strong><\/span><\/p>\n<p class=\" translation-block\">Truffes et or 24k, alginate de potassium, alginate de sodium, farine de riz blanc biologique, mica \nd'or, glucose, silika, poudre d'\u00e9corce de saule blanc biologique, truffes blanches (tubercule \nmagnatum), truffe d'\u00e9t\u00e9 (tubercule aestivum), sulfate de calcium, potassium, magn\u00e9sium, CyLlorure \nde sodium 24K Flake, phosphate de sodium, bicarbonate, pyrophosphate de sodium.<\/p>\n<p><span style=\"color: #000000;\"><strong>MODE D\u2019EMPLOI :<\/strong><\/span><\/p>\n<p>\u2022 M\u00e9langer 50 ml du produit avec 40 ml d'eau.<br \/>\n\u2022 Appliquer sur la surface de la peau \u00e0 traiter.<br \/>\n\u2022 Laisser agir 20 minutes et retirer.<\/p>\n<p><span style=\"color: #000000;\"><strong>APPLICATIONS:<\/strong>:<\/span><\/p>\n<p>Visage : 17 applications.<br \/>\nVisage et cou : 10 applications.<\/p>\n<p><span style=\"color: #000000;\"><strong>CONTENU:<\/strong>:<\/span><\/p>\n<p>500gr<\/p>","protected":false},"excerpt":{"rendered":"<p><span style=\"color: #000000;\">Livraison 2-3 jours ouvrables<\/span><\/p>","protected":false},"featured_media":1070,"comment_status":"open","ping_status":"closed","template":"","meta":[],"product_cat":[110,71,117,119,70,125],"product_tag":[72,76,84,79],"class_list":{"0":"post-1069","1":"product","2":"type-product","3":"status-publish","4":"has-post-thumbnail","6":"product_brand-esthemax","7":"product_cat-anti-ageing","8":"product_cat-hydrojelly-mask","9":"product_cat-mature-skin","10":"product_cat-pigmentation","11":"product_cat-products","12":"product_cat-wrinkles","13":"product_tag-anti-aging","14":"product_tag-mature-skin","15":"product_tag-pigmentation","16":"product_tag-wrinkles","18":"first","19":"outofstock","20":"taxable","21":"shipping-taxable","22":"product-type-simple"},"_links":{"self":[{"href":"https:\/\/swissbeautypro.com\/fr\/wp-json\/wp\/v2\/product\/1069","targetHints":{"allow":["GET"]}}],"collection":[{"href":"https:\/\/swissbeautypro.com\/fr\/wp-json\/wp\/v2\/product"}],"about":[{"href":"https:\/\/swissbeautypro.com\/fr\/wp-json\/wp\/v2\/types\/product"}],"replies":[{"embeddable":true,"href":"https:\/\/swissbeautypro.com\/fr\/wp-json\/wp\/v2\/comments?post=1069"}],"version-history":[{"count":7,"href":"https:\/\/swissbeautypro.com\/fr\/wp-json\/wp\/v2\/product\/1069\/revisions"}],"predecessor-version":[{"id":2925,"href":"https:\/\/swissbeautypro.com\/fr\/wp-json\/wp\/v2\/product\/1069\/revisions\/2925"}],"wp:featuredmedia":[{"embeddable":true,"href":"https:\/\/swissbeautypro.com\/fr\/wp-json\/wp\/v2\/media\/1070"}],"wp:attachment":[{"href":"https:\/\/swissbeautypro.com\/fr\/wp-json\/wp\/v2\/media?parent=1069"}],"wp:term":[{"taxonomy":"product_cat","embeddable":true,"href":"https:\/\/swissbeautypro.com\/fr\/wp-json\/wp\/v2\/product_cat?post=1069"},{"taxonomy":"product_tag","embeddable":true,"href":"https:\/\/swissbeautypro.com\/fr\/wp-json\/wp\/v2\/product_tag?post=1069"}],"curies":[{"name":"wp","href":"https:\/\/api.w.org\/{rel}","templated":true}]}}