{"id":1073,"date":"2024-04-16T01:10:36","date_gmt":"2024-04-16T01:10:36","guid":{"rendered":"https:\/\/swissbeautypro.com\/?post_type=product&#038;p=1073"},"modified":"2025-07-20T17:53:44","modified_gmt":"2025-07-20T17:53:44","slug":"sample-pack-hydrojelly-mask","status":"publish","type":"product","link":"https:\/\/swissbeautypro.com\/fr\/produit\/sample-pack-hydrojelly-mask\/","title":{"rendered":"HYDROJELLY MASK"},"content":{"rendered":"<p><span style=\"color: #000000;\"><strong>DESCRIPTION:<\/strong><\/span><\/p>\n<p class=\" translation-block\">Une nouvelle g\u00e9n\u00e9ration de masques peel-off enrichis d'algues marines pures, d'actifs et d'une \nnouvelle technologie d'\u00e9lectrolytes. <br>\nSa formule se pr\u00e9sente sous forme de poudre et n'est activ\u00e9e qu'avec de l'eau. Lorsque l'eau se \nm\u00e9lange \u00e0 la poudre, elle forme une \"gel\u00e9e\" liquide qui est appliqu\u00e9e sur la zone \u00e0 traiter. Apr\u00e8s \nenviron 15 \u00e0 20 minutes, notre masque Hydrojelly se solidifie, cr\u00e9ant un vide qui propulse tous les \nprincipes actifs b\u00e9n\u00e9fiques dans les pores de la peau, favorisant ainsi leur absorption. Une fois le \nmasque solidifi\u00e9, il peut \u00eatre retir\u00e9 en laissant peu ou pas de r\u00e9sidus. <br>\nNos masques Hydrojelly sont biologiques et contiennent des \u00e9lectrolytes pour aider \u00e0 augmenter la \ncapacit\u00e9 de la peau \u00e0 retenir l'humidit\u00e9 et \u00e0 am\u00e9liorer la sant\u00e9 g\u00e9n\u00e9rale de la peau. Ces masques euxm\u00eames sont un d\u00e9lice et, contrairement \u00e0 la plupart des masques pour le visage, ils peuvent \u00eatre \nappliqu\u00e9s sur les yeux et les l\u00e8vres. <br>\nEn appliquant les masques, on ressent imm\u00e9diatement leurs propri\u00e9t\u00e9s apaisantes et rafra\u00eechissantes, \nlaissant la peau hydrat\u00e9e, lisse et \u00e9clatante.<\/p>\n<p><span style=\"color: #000000;\"><strong>Applications:<\/strong><\/span><\/p>\n<p>- 1 application par sachet.<\/p>\n<p><span style=\"color: #000000;\"><strong>CONTENU<\/strong><\/span><\/p>\n<p>- 15 Hydrojelly-Maske.<\/p>","protected":false},"excerpt":{"rendered":"<p><span style=\"color: #000000;\">Livraison 2-3 jours ouvrables<\/span><\/p>","protected":false},"featured_media":1074,"comment_status":"open","ping_status":"closed","template":"","meta":[],"product_cat":[109,71,70],"product_tag":[87],"class_list":{"0":"post-1073","1":"product","2":"type-product","3":"status-publish","4":"has-post-thumbnail","6":"product_cat-all-skin-types","7":"product_cat-hydrojelly-mask","8":"product_cat-products","9":"product_tag-all-skin-types","11":"first","12":"instock","13":"taxable","14":"shipping-taxable","15":"product-type-simple"},"_links":{"self":[{"href":"https:\/\/swissbeautypro.com\/fr\/wp-json\/wp\/v2\/product\/1073","targetHints":{"allow":["GET"]}}],"collection":[{"href":"https:\/\/swissbeautypro.com\/fr\/wp-json\/wp\/v2\/product"}],"about":[{"href":"https:\/\/swissbeautypro.com\/fr\/wp-json\/wp\/v2\/types\/product"}],"replies":[{"embeddable":true,"href":"https:\/\/swissbeautypro.com\/fr\/wp-json\/wp\/v2\/comments?post=1073"}],"version-history":[{"count":6,"href":"https:\/\/swissbeautypro.com\/fr\/wp-json\/wp\/v2\/product\/1073\/revisions"}],"predecessor-version":[{"id":2927,"href":"https:\/\/swissbeautypro.com\/fr\/wp-json\/wp\/v2\/product\/1073\/revisions\/2927"}],"wp:featuredmedia":[{"embeddable":true,"href":"https:\/\/swissbeautypro.com\/fr\/wp-json\/wp\/v2\/media\/1074"}],"wp:attachment":[{"href":"https:\/\/swissbeautypro.com\/fr\/wp-json\/wp\/v2\/media?parent=1073"}],"wp:term":[{"taxonomy":"product_cat","embeddable":true,"href":"https:\/\/swissbeautypro.com\/fr\/wp-json\/wp\/v2\/product_cat?post=1073"},{"taxonomy":"product_tag","embeddable":true,"href":"https:\/\/swissbeautypro.com\/fr\/wp-json\/wp\/v2\/product_tag?post=1073"}],"curies":[{"name":"wp","href":"https:\/\/api.w.org\/{rel}","templated":true}]}}