{"id":1078,"date":"2024-04-16T01:18:38","date_gmt":"2024-04-16T01:18:38","guid":{"rendered":"https:\/\/swissbeautypro.com\/?post_type=product&#038;p=1078"},"modified":"2026-01-11T18:07:11","modified_gmt":"2026-01-11T18:07:11","slug":"enzyme-powder-includes-measuring-cup","status":"publish","type":"product","link":"https:\/\/swissbeautypro.com\/fr\/produit\/enzyme-powder-includes-measuring-cup\/","title":{"rendered":"ENZYME POWDER  ( Comprend une cuill\u00e8re de mesure )"},"content":{"rendered":"<p><span style=\"color: #000000;\"><strong>DESCRIPTION:<\/strong><\/span><\/p>\n<p class=\" translation-block\">La poudre enzymatique est un nettoyant con\u00e7u pour les peaux sensibles qui permet un purification \nprofonde et douce de la peau gr\u00e2ce \u00e0 une l\u00e9g\u00e8re exfoliation chimique. <br>\nIl utilise une combinaison de deux enzymes actives qui d\u00e9gradent les cellules mortes de la peau et \nautres impuret\u00e9s.<\/p>\n<p><span style=\"color: #000000;\"><strong>INGR\u00c9DIENTS ACTIFS (enzymes)<\/strong><\/span><\/p>\n<p class=\" translation-block\">\u2022 Papaine: C'est une enzyme prot\u00e9olytique extraite de la plante de la papaye. D\u00e9grade les \nprot\u00e9ines inactives dans des fragments plus petits appel\u00e9s peptides et acides amin\u00e9s. Il aide \u00e0 \nr\u00e9duire l'acn\u00e9 par des cellules mortes d\u00e9gradantes qui obstruent des pores, en plus de \npr\u00e9parer la peau \u00e0 absorber les nutriments. <br>\n\u2022 Alantoin: Extrait de l'usine de comfrey. Il poss\u00e8de des propri\u00e9t\u00e9s k\u00e9ratolytiques, des \nhydratants, apaisants et anti-inflammatoires qui prot\u00e8gent et am\u00e9liorent la texture de la peau. \nStimule le renouvellement des cellules \u00e9pidermiques.<\/p>\n<p><span style=\"color: #000000;\"><strong>INGR\u00c9DIENTS:<\/strong><\/span><\/p>\n<p class=\" translation-block\">Zea Mays (ma\u00efs), Amidon, Sodium Cocoyl Iseseth, Sodium Lauroyl Sulfate, Palmitate de sodium, \nGlutamate de sodium Lauroyle, Diglyc\u00e9rine, Aspartate de lauroyle de sodium, dioxyde de titane, \nallanto\u00efne, maltodextrine, papa\u00efne.<\/p>\n<p><strong><span style=\"color: #000000;\">MODE D\u2019EMPLOI :<\/span><\/strong><\/p>\n<p class=\" translation-block\">\u2022 Visage : Ajoutez 1\/2 mesure de poudre d'enzyme et 1\/2 mesure d'eau. <br>\n\u2022 Visage et cou : Ajoutez 1 mesure de poudre d'enzyme et 1 mesure d'eau.<br>\nM\u00e9langer \u00e9nergiquement jusqu'\u00e0 obtenir une consistance \u00e9tincelante. Appliquez sur la peau, \nattendez entre 5 et 10 minutes et nettoyez-la avec une serviette humide ou vous pouvez utiliser un \ndispositif facial ultrasonique pour \u00e9liminer le produit tout en restant mouill\u00e9.<\/p>\n<p><span style=\"color: #000000;\"><strong>APPLICAZIONI:<\/strong><\/span><\/p>\n<p>Visage : 80 applications.<br \/>\nVisage et cou: 40 applications.<\/p>\n<p><strong><span style=\"color: #000000;\">CONTENU:<\/span> <\/strong><\/p>\n<p>225gr<\/p>\n<p>&nbsp;<\/p>\n<h4>Livraison 2-3 jours ouvrables<\/h4>","protected":false},"excerpt":{"rendered":"<p>DESCRIPTION: Enzyme Powder is a cleanser developed for sensitive skin that generates a deep and gentle cleansing of the skin through a light chemical exfoliation. It uses a combination of<\/p>","protected":false},"featured_media":1080,"comment_status":"open","ping_status":"closed","template":"","meta":[],"product_cat":[109,92,70],"product_tag":[87],"class_list":{"0":"post-1078","1":"product","2":"type-product","3":"status-publish","4":"has-post-thumbnail","6":"product_brand-esthemax","7":"product_cat-all-skin-types","8":"product_cat-cleansers","9":"product_cat-products","10":"product_tag-all-skin-types","12":"first","13":"outofstock","14":"taxable","15":"shipping-taxable","16":"product-type-simple"},"_links":{"self":[{"href":"https:\/\/swissbeautypro.com\/fr\/wp-json\/wp\/v2\/product\/1078","targetHints":{"allow":["GET"]}}],"collection":[{"href":"https:\/\/swissbeautypro.com\/fr\/wp-json\/wp\/v2\/product"}],"about":[{"href":"https:\/\/swissbeautypro.com\/fr\/wp-json\/wp\/v2\/types\/product"}],"replies":[{"embeddable":true,"href":"https:\/\/swissbeautypro.com\/fr\/wp-json\/wp\/v2\/comments?post=1078"}],"version-history":[{"count":5,"href":"https:\/\/swissbeautypro.com\/fr\/wp-json\/wp\/v2\/product\/1078\/revisions"}],"predecessor-version":[{"id":3399,"href":"https:\/\/swissbeautypro.com\/fr\/wp-json\/wp\/v2\/product\/1078\/revisions\/3399"}],"wp:featuredmedia":[{"embeddable":true,"href":"https:\/\/swissbeautypro.com\/fr\/wp-json\/wp\/v2\/media\/1080"}],"wp:attachment":[{"href":"https:\/\/swissbeautypro.com\/fr\/wp-json\/wp\/v2\/media?parent=1078"}],"wp:term":[{"taxonomy":"product_cat","embeddable":true,"href":"https:\/\/swissbeautypro.com\/fr\/wp-json\/wp\/v2\/product_cat?post=1078"},{"taxonomy":"product_tag","embeddable":true,"href":"https:\/\/swissbeautypro.com\/fr\/wp-json\/wp\/v2\/product_tag?post=1078"}],"curies":[{"name":"wp","href":"https:\/\/api.w.org\/{rel}","templated":true}]}}