{"id":1086,"date":"2024-04-16T01:21:14","date_gmt":"2024-04-16T01:21:14","guid":{"rendered":"https:\/\/swissbeautypro.com\/?post_type=product&#038;p=1086"},"modified":"2025-10-24T07:56:55","modified_gmt":"2025-10-24T07:56:55","slug":"normal-cleanser","status":"publish","type":"product","link":"https:\/\/swissbeautypro.com\/fr\/produit\/normal-cleanser\/","title":{"rendered":"NORMAL CLEANSER"},"content":{"rendered":"<p><span style=\"color: #000000;\"><strong>DESCRIPTION:<\/strong><\/span><\/p>\n<p class=\" translation-block\">Un nettoyant super doux et cr\u00e9meux avec des ingr\u00e9dients hydratants, id\u00e9al pour les peaux sensibles. \nCe nettoyant \u00e9limine les impuret\u00e9s sans donner \u00e0 la peau une sensation de s\u00e9cheresse ou de \ntiraillement.<\/p>\n<p><span style=\"color: #000000;\"><strong>Ingr\u00e9dients:<\/strong><\/span><\/p>\n<p>- Acide st\u00e9arique<br \/>\n- Vitamine E<br \/>\n- Allanto\u00efne<\/p>\n<p class=\" translation-block\">L'acide st\u00e9arique aide \u00e0 \u00e9liminer les impuret\u00e9s, la sueur et l'exc\u00e8s de s\u00e9bum de la peau. <br>\nLa vitamine E est l'un des antioxydants les plus puissants qui neutralisent l'effet oxydant des \nradicaux libres, les mol\u00e9cules du vieillissement qui endommagent le collag\u00e8ne et provoquent la \ns\u00e9cheresse de la peau et l'apparition de ridules.<br> \nL'allanto\u00efne est extraite de la plante de la consoude. Il poss\u00e8de des propri\u00e9t\u00e9s k\u00e9ratolytiques, \nhydratantes, apaisantes et anti-inflammatoires qui prot\u00e8gent et am\u00e9liorent la texture de la peau. Il \nstimule le renouvellement des cellules de l\u2019\u00e9piderme.<\/p>\n<p><span style=\"color: #000000;\"><strong>MODE D'EMPLOI<\/strong><\/span><\/p>\n<p>- Appliquez la quantit\u00e9 n\u00e9cessaire de nettoyant sur la zone \u00e0 traiter en effectuant des mouvements \ncirculaires.<br \/>\n- Enlever avec de l'eau ou une serviette humide.<\/p>\n<p><span style=\"color: #000000;\"><strong>Ingr\u00e9dients:<\/strong><\/span><\/p>\n<p class=\" translation-block\">Aqua, Paraffinum Liquidum, Isopropyl Palmitate, Dipropylene Glycol, Glyceryl Stearate, \nPolysorbate 60, Cetearyl Alcohol Methylparaben, Phenoxyethanol, Carbomer, Panthenol, \nTriethanolamine, Propylparaben, Allantoin, Disodium EDTA, Parfum, Portulaca Oleracea Extract, \nCarica Papaya Fruit Extract, Butylene glycol, Citric Acid<\/p>\n<p><span style=\"color: #000000;\"><strong>CONTENU:<\/strong> <\/span><\/p>\n<p>1000 ml.<\/p>","protected":false},"excerpt":{"rendered":"<p><span style=\"color: #000000;\">Livraison 2-3 jours ouvrables<\/span><\/p>","protected":false},"featured_media":1087,"comment_status":"open","ping_status":"closed","template":"","meta":[],"product_cat":[109,70,92],"product_tag":[87],"class_list":{"0":"post-1086","1":"product","2":"type-product","3":"status-publish","4":"has-post-thumbnail","6":"product_brand-esthemax","7":"product_cat-all-skin-types","8":"product_cat-products","9":"product_cat-cleansers","10":"product_tag-all-skin-types","12":"first","13":"instock","14":"taxable","15":"shipping-taxable","16":"product-type-simple"},"_links":{"self":[{"href":"https:\/\/swissbeautypro.com\/fr\/wp-json\/wp\/v2\/product\/1086","targetHints":{"allow":["GET"]}}],"collection":[{"href":"https:\/\/swissbeautypro.com\/fr\/wp-json\/wp\/v2\/product"}],"about":[{"href":"https:\/\/swissbeautypro.com\/fr\/wp-json\/wp\/v2\/types\/product"}],"replies":[{"embeddable":true,"href":"https:\/\/swissbeautypro.com\/fr\/wp-json\/wp\/v2\/comments?post=1086"}],"version-history":[{"count":4,"href":"https:\/\/swissbeautypro.com\/fr\/wp-json\/wp\/v2\/product\/1086\/revisions"}],"predecessor-version":[{"id":2924,"href":"https:\/\/swissbeautypro.com\/fr\/wp-json\/wp\/v2\/product\/1086\/revisions\/2924"}],"wp:featuredmedia":[{"embeddable":true,"href":"https:\/\/swissbeautypro.com\/fr\/wp-json\/wp\/v2\/media\/1087"}],"wp:attachment":[{"href":"https:\/\/swissbeautypro.com\/fr\/wp-json\/wp\/v2\/media?parent=1086"}],"wp:term":[{"taxonomy":"product_cat","embeddable":true,"href":"https:\/\/swissbeautypro.com\/fr\/wp-json\/wp\/v2\/product_cat?post=1086"},{"taxonomy":"product_tag","embeddable":true,"href":"https:\/\/swissbeautypro.com\/fr\/wp-json\/wp\/v2\/product_tag?post=1086"}],"curies":[{"name":"wp","href":"https:\/\/api.w.org\/{rel}","templated":true}]}}