{"id":1090,"date":"2024-04-16T01:25:10","date_gmt":"2024-04-16T01:25:10","guid":{"rendered":"https:\/\/swissbeautypro.com\/?post_type=product&#038;p=1090"},"modified":"2026-02-25T20:40:02","modified_gmt":"2026-02-25T20:40:02","slug":"rose-face-mask","status":"publish","type":"product","link":"https:\/\/swissbeautypro.com\/fr\/produit\/rose-face-mask\/","title":{"rendered":"ROSE FACE MASK"},"content":{"rendered":"<p><span style=\"color: #000000;\"><strong>DESCRIPTION:<\/strong><\/span><\/p>\n<p class=\" translation-block\">- R\u00e9duit l'apparence des lignes fines, des rides, des imperfections et des \u00e9ruptions cutan\u00e9es. <br>\n- Hydrate, revitalise, hydrate et tonifie la peau. <br>\n- Maintient l'\u00e9quilibre du pH de la peau et contr\u00f4le \u00e9galement l'exc\u00e8s de s\u00e9bum. <br>\n- R\u00e9duit les rougeurs des peaux irrit\u00e9es, l'acn\u00e9, la dermatite et l\u2019ecz\u00e9ma.<\/p>\n<p><strong><span style=\"color: #000000;\">TYPE DE PEAU \/ PR\u00c9OCCUPATIONS CUTAN\u00c9ES :<\/span> <\/strong>Vieillissement, Peau grasse, Sensible Dermatite et \necz\u00e9ma<\/p>\n<p><span style=\"color: #000000;\"><strong>INGR\u00c9DIENTS<\/strong><\/span><\/p>\n<p class=\" translation-block\">ROSES : Les roses fournissent une vari\u00e9t\u00e9 d'antioxydants, de min\u00e9raux et d'huiles qui aident \u00e0 \napaiser la peau s\u00e8che. Il poss\u00e8de \u00e9galement des propri\u00e9t\u00e9s astringentes, ce qui en fait un excellent \ncombattant de l'acn\u00e9, des rougeurs et des inflammations. \nLes roses regorgent de propri\u00e9t\u00e9s anti-\u00e2ge, ainsi que de vitamines A, C, D et E, qui contribuent \u00e0 \nminimiser l'apparence des rides et ridules, mais aussi \u00e0 \u00e9quilibrer le pH de la peau gr\u00e2ce \u00e0 leurs \npropri\u00e9t\u00e9s antibact\u00e9riennes. \n<br>\nGRENADE : Les grenades regorgent de nutriments b\u00e9n\u00e9fiques et d'antioxydants qui contribuent \u00e0 \nrajeunir la sant\u00e9 de la peau et lui permettent de lutter contre des probl\u00e8mes tels que les ridules, les \nrides, les imperfections, les \u00e9ruptions et les inflammations. \nIl a \u00e9t\u00e9 d\u00e9montr\u00e9 que les antioxydants contribuent \u00e0 r\u00e9duire l'incidence des taches de vieillesse et \ndes rides. On pense que ces effets sont obtenus par une r\u00e9g\u00e9n\u00e9ration cellulaire accrue, c'est-\u00e0-dire la \ncapacit\u00e9 de la peau \u00e0 se d\u00e9barrasser des vieilles cellules \u00e0 la surface.<\/p>\n<p><span style=\"color: #000000;\"><strong>COMMENT UTILISER:<\/strong><\/span><\/p>\n<p class=\" translation-block\">Appliquez le masque uniform\u00e9ment sur la peau apr\u00e8s l'avoir nettoy\u00e9e. <br>\nLaissez le masque agir pendant environ 10 minutes avant de l'essuyer avec une \u00e9ponge ou une serviette humide<\/p>\n<p><span style=\"color: #000000;\"><strong>APPLICATIONS:<\/strong><\/span><\/p>\n<p>Visage : 40 applications.<\/p>\n<p><span style=\"color: #000000;\"><strong>CONTENU:<\/strong> <\/span><\/p>\n<p>225 ml<\/p>","protected":false},"excerpt":{"rendered":"<p><span style=\"color: #000000;\">Livraison 2-3 jours ouvrables<\/span><\/p>","protected":false},"featured_media":1091,"comment_status":"open","ping_status":"closed","template":"","meta":[],"product_cat":[110,93,118,70,122],"product_tag":[94,88,80],"class_list":{"0":"post-1090","1":"product","2":"type-product","3":"status-publish","4":"has-post-thumbnail","6":"product_brand-esthemax","7":"product_cat-anti-ageing","8":"product_cat-cream-face-mask","9":"product_cat-oily-skin","10":"product_cat-products","11":"product_cat-sensitive-skin","12":"product_tag-anti-ageing","13":"product_tag-oily-skin","14":"product_tag-sensitive-skin","16":"first","17":"outofstock","18":"taxable","19":"shipping-taxable","20":"product-type-simple"},"_links":{"self":[{"href":"https:\/\/swissbeautypro.com\/fr\/wp-json\/wp\/v2\/product\/1090","targetHints":{"allow":["GET"]}}],"collection":[{"href":"https:\/\/swissbeautypro.com\/fr\/wp-json\/wp\/v2\/product"}],"about":[{"href":"https:\/\/swissbeautypro.com\/fr\/wp-json\/wp\/v2\/types\/product"}],"replies":[{"embeddable":true,"href":"https:\/\/swissbeautypro.com\/fr\/wp-json\/wp\/v2\/comments?post=1090"}],"version-history":[{"count":8,"href":"https:\/\/swissbeautypro.com\/fr\/wp-json\/wp\/v2\/product\/1090\/revisions"}],"predecessor-version":[{"id":2923,"href":"https:\/\/swissbeautypro.com\/fr\/wp-json\/wp\/v2\/product\/1090\/revisions\/2923"}],"wp:featuredmedia":[{"embeddable":true,"href":"https:\/\/swissbeautypro.com\/fr\/wp-json\/wp\/v2\/media\/1091"}],"wp:attachment":[{"href":"https:\/\/swissbeautypro.com\/fr\/wp-json\/wp\/v2\/media?parent=1090"}],"wp:term":[{"taxonomy":"product_cat","embeddable":true,"href":"https:\/\/swissbeautypro.com\/fr\/wp-json\/wp\/v2\/product_cat?post=1090"},{"taxonomy":"product_tag","embeddable":true,"href":"https:\/\/swissbeautypro.com\/fr\/wp-json\/wp\/v2\/product_tag?post=1090"}],"curies":[{"name":"wp","href":"https:\/\/api.w.org\/{rel}","templated":true}]}}