{"id":1095,"date":"2024-04-16T01:27:34","date_gmt":"2024-04-16T01:27:34","guid":{"rendered":"https:\/\/swissbeautypro.com\/?post_type=product&#038;p=1095"},"modified":"2025-12-01T11:48:02","modified_gmt":"2025-12-01T11:48:02","slug":"green-tea-face-mask","status":"publish","type":"product","link":"https:\/\/swissbeautypro.com\/fr\/produit\/green-tea-face-mask\/","title":{"rendered":"GREEN TEA FACE MASK"},"content":{"rendered":"<p><span style=\"color: #000000;\"><strong>DESCRIPTION:<\/strong><\/span><\/p>\n<p class=\" translation-block\">Le th\u00e9 vert est une plante riche en antioxydants qui offrent une forte protection contre le stress \nenvironnemental, contribuant \u00e0 r\u00e9duire l'inflammation et l'irritation cutan\u00e9e. \nIl contient des polyph\u00e9nols qui contribuent \u00e0 retarder les signes d'apprentissage photo et de chronoapprentissage, en r\u00e9duisant l'hyperpigment cutan\u00e9, les ridules d'expression et les rides. \nIl fournit une hydratation profonde et riche en nutriments sans quitter la peau grasse. L'action de \nclarification douce du th\u00e9 vert aide \u00e0 nettoyer, \u00e0 purifier et \u00e0 \u00e9liminer les toxines cutan\u00e9es.<\/p>\n<p><span style=\"color: #000000;\"><strong>TYPE DE PEAU \/ PR\u00c9OCCUPATIONS CUTAN\u00c9ES :<\/strong><\/span><\/p>\n<p>Peau sensible, Peau grasse, D\u00e9tox, Acn\u00e9, Pigmentation<\/p>\n<p><span style=\"color: #000000;\"><strong>INGR\u00c9DIENTS<\/strong><\/span><\/p>\n<p class=\" translation-block\">Eau, Kaolin, extrait de la feuille de la feuille de Camellia sinensis (1%), extrait racine de \nGlycyrrhiza (liqueur), extrait de racine b\u00eata vulgaris (betterave), extrait de fruits de Malpighia, \ndioxyde de titane, gylc\u00e9rine, alcools de c\u00e8le, mineur alcool, alcool min\u00e9ral, huile min\u00e9rale, st\u00e9rarate \nde glyc\u00e9ryl, triglyc\u00e9ride caprylique \/ caprique, polysorbate 60, acide palmitique, butyl\u00e8ne glycol, \nacide st\u00e9arique, Butyrospermum Parkii (Shea) beurre, dim\u00e9thicone, \u00e9rythritol, brocolia) Extrait de \nfruits, silicate de magn\u00e9sium de sodium, gomme xanthane, bentonite, alianttoine, dipassium \nglycyrhizate, 1,2-hexanediol, talc, caprylyl glycol, illicium verum (anis) extrait de fruits.<\/p>\n<p><span style=\"color: #000000;\"><strong>COMMENT UTILISER:<\/strong><\/span><\/p>\n<p class=\" translation-block\">Appliquez le masque uniform\u00e9ment sur la peau apr\u00e8s l'avoir nettoy\u00e9e. <br>\nLaissez le masque agir pendant environ 10 minutes avant de l'essuyer avec une \u00e9ponge ou une serviette humide<\/p>\n<p><span style=\"color: #000000;\"><strong>APPLICATIONS:<\/strong><\/span><\/p>\n<p>Visage : 40 applications.<\/p>\n<p><span style=\"color: #000000;\"><strong>CONTENU:<\/strong> <\/span><\/p>\n<p>225 ml<\/p>","protected":false},"excerpt":{"rendered":"<p><span style=\"color: #000000;\">Livraison 2-3 jours ouvrables<\/span><\/p>","protected":false},"featured_media":1096,"comment_status":"open","ping_status":"closed","template":"","meta":[],"product_cat":[107,111,93,118,70,122],"product_tag":[86,85,88,80],"class_list":{"0":"post-1095","1":"product","2":"type-product","3":"status-publish","4":"has-post-thumbnail","6":"product_brand-esthemax","7":"product_cat-acne","8":"product_cat-antioxidant","9":"product_cat-cream-face-mask","10":"product_cat-oily-skin","11":"product_cat-products","12":"product_cat-sensitive-skin","13":"product_tag-acne","14":"product_tag-antioxidant","15":"product_tag-oily-skin","16":"product_tag-sensitive-skin","18":"first","19":"instock","20":"taxable","21":"shipping-taxable","22":"product-type-simple"},"_links":{"self":[{"href":"https:\/\/swissbeautypro.com\/fr\/wp-json\/wp\/v2\/product\/1095","targetHints":{"allow":["GET"]}}],"collection":[{"href":"https:\/\/swissbeautypro.com\/fr\/wp-json\/wp\/v2\/product"}],"about":[{"href":"https:\/\/swissbeautypro.com\/fr\/wp-json\/wp\/v2\/types\/product"}],"replies":[{"embeddable":true,"href":"https:\/\/swissbeautypro.com\/fr\/wp-json\/wp\/v2\/comments?post=1095"}],"version-history":[{"count":6,"href":"https:\/\/swissbeautypro.com\/fr\/wp-json\/wp\/v2\/product\/1095\/revisions"}],"predecessor-version":[{"id":2922,"href":"https:\/\/swissbeautypro.com\/fr\/wp-json\/wp\/v2\/product\/1095\/revisions\/2922"}],"wp:featuredmedia":[{"embeddable":true,"href":"https:\/\/swissbeautypro.com\/fr\/wp-json\/wp\/v2\/media\/1096"}],"wp:attachment":[{"href":"https:\/\/swissbeautypro.com\/fr\/wp-json\/wp\/v2\/media?parent=1095"}],"wp:term":[{"taxonomy":"product_cat","embeddable":true,"href":"https:\/\/swissbeautypro.com\/fr\/wp-json\/wp\/v2\/product_cat?post=1095"},{"taxonomy":"product_tag","embeddable":true,"href":"https:\/\/swissbeautypro.com\/fr\/wp-json\/wp\/v2\/product_tag?post=1095"}],"curies":[{"name":"wp","href":"https:\/\/api.w.org\/{rel}","templated":true}]}}