{"id":1098,"date":"2024-04-16T01:30:04","date_gmt":"2024-04-16T01:30:04","guid":{"rendered":"https:\/\/swissbeautypro.com\/?post_type=product&#038;p=1098"},"modified":"2026-03-01T23:04:10","modified_gmt":"2026-03-01T23:04:10","slug":"vitamin-face-mask","status":"publish","type":"product","link":"https:\/\/swissbeautypro.com\/fr\/produit\/vitamin-face-mask\/","title":{"rendered":"VITAMIN FACE MASK"},"content":{"rendered":"<p><span style=\"color: #000000;\"><strong>DESCRIPTION<\/strong>:<\/span><\/p>\n<p class=\" translation-block\">L'alpha arbutine am\u00e9liore le teint irr\u00e9gulier en inhibant l'activit\u00e9 de la tyrosinase pour donner un \nteint uniforme en r\u00e9duisant la production de m\u00e9lanine. L'extrait de pamplemousse a des propri\u00e9t\u00e9s \nr\u00e9paratrices qui aident \u00e0 uniformiser le tonus et \u00e0 stimuler la production de collag\u00e8ne.<\/p>\n<p><strong><span style=\"color: #000000;\">TYPE DE PEAU \/ PR\u00c9OCCUPATIONS CUTAN\u00c9ES :<\/span><\/strong> Peau sensible avec des hyperpigmentations de la peau.<\/p>\n<p><span style=\"color: #000000;\"><strong>INGR\u00c9DIENTS:<\/strong><\/span><\/p>\n<p class=\" translation-block\">Eau, extrait Asatic Centella, extrait de fruits de Citrofortunella microcarpa (1000 ppm, bas\u00e9 sur \n100g), Citrus paradisi (pamplemousse) Extrait de fruits, sodium ascorbyl phosphate, Root de Root \nMultiflorum, Glyle de Sodium Magn\u00e9sium Silicate (Glylecol de Butyl\u00e8ne, Glyle. Anis) Extrait de \nfruits, 1,2-hexanediol, dim\u00e9thicone, BIS-PEG-18 Methyl Ether dim\u00e9thyl silane, Scl\u00e9rotium Gum, \nCaramel, Xanthan Gum, parfum.<\/p>\n<p><span style=\"color: #000000;\"><strong>MODE D\u2019EMPLOI :<\/strong><\/span><\/p>\n<p class=\" translation-block\">Appliquez le masque uniform\u00e9ment sur la peau apr\u00e8s l'avoir nettoy\u00e9e. <br>\nLaissez le masque agir pendant environ 10 minutes avant de l'essuyer avec une \u00e9ponge ou une serviette humide<\/p>\n<p><span style=\"color: #000000;\"><strong>APPLICATIONS:<\/strong><\/span><\/p>\n<p>Visage : 40 applications.<\/p>\n<p><span style=\"color: #000000;\"><strong>CONTENU:<\/strong><\/span><\/p>\n<p>225 ml<\/p>","protected":false},"excerpt":{"rendered":"<p><span style=\"color: #000000;\">Livraison 2-3 jours ouvrables<\/span><\/p>","protected":false},"featured_media":1100,"comment_status":"open","ping_status":"closed","template":"","meta":[],"product_cat":[93,119,70,122,124],"product_tag":[84,80,78],"class_list":{"0":"post-1098","1":"product","2":"type-product","3":"status-publish","4":"has-post-thumbnail","6":"product_brand-esthemax","7":"product_cat-cream-face-mask","8":"product_cat-pigmentation","9":"product_cat-products","10":"product_cat-sensitive-skin","11":"product_cat-sun-damaged-skin","12":"product_tag-pigmentation","13":"product_tag-sensitive-skin","14":"product_tag-sun-damaged-skin","16":"first","17":"instock","18":"taxable","19":"shipping-taxable","20":"product-type-simple"},"_links":{"self":[{"href":"https:\/\/swissbeautypro.com\/fr\/wp-json\/wp\/v2\/product\/1098","targetHints":{"allow":["GET"]}}],"collection":[{"href":"https:\/\/swissbeautypro.com\/fr\/wp-json\/wp\/v2\/product"}],"about":[{"href":"https:\/\/swissbeautypro.com\/fr\/wp-json\/wp\/v2\/types\/product"}],"replies":[{"embeddable":true,"href":"https:\/\/swissbeautypro.com\/fr\/wp-json\/wp\/v2\/comments?post=1098"}],"version-history":[{"count":5,"href":"https:\/\/swissbeautypro.com\/fr\/wp-json\/wp\/v2\/product\/1098\/revisions"}],"predecessor-version":[{"id":2921,"href":"https:\/\/swissbeautypro.com\/fr\/wp-json\/wp\/v2\/product\/1098\/revisions\/2921"}],"wp:featuredmedia":[{"embeddable":true,"href":"https:\/\/swissbeautypro.com\/fr\/wp-json\/wp\/v2\/media\/1100"}],"wp:attachment":[{"href":"https:\/\/swissbeautypro.com\/fr\/wp-json\/wp\/v2\/media?parent=1098"}],"wp:term":[{"taxonomy":"product_cat","embeddable":true,"href":"https:\/\/swissbeautypro.com\/fr\/wp-json\/wp\/v2\/product_cat?post=1098"},{"taxonomy":"product_tag","embeddable":true,"href":"https:\/\/swissbeautypro.com\/fr\/wp-json\/wp\/v2\/product_tag?post=1098"}],"curies":[{"name":"wp","href":"https:\/\/api.w.org\/{rel}","templated":true}]}}