{"id":1106,"date":"2024-04-16T01:35:30","date_gmt":"2024-04-16T01:35:30","guid":{"rendered":"https:\/\/swissbeautypro.com\/?post_type=product&#038;p=1106"},"modified":"2025-08-19T10:02:21","modified_gmt":"2025-08-19T10:02:21","slug":"snow-face-mask","status":"publish","type":"product","link":"https:\/\/swissbeautypro.com\/fr\/produit\/snow-face-mask\/","title":{"rendered":"SNOW FACE MASK"},"content":{"rendered":"<p><span style=\"color: #000000;\"><strong>DESCRIPTION:<\/strong><\/span><\/p>\n<p class=\" translation-block\">Des concentrations \u00e9lev\u00e9es d'acides gras (acide laurique et acide caprique) et de vitamines A, E et \nD, pr\u00e9sentes dans le beurre de karit\u00e9, le miel et l'extrait de noix de coco, procurent une ultrahydratation qui prot\u00e8ge la peau et favorise un aspect soyeux, \u00e9clatant et lisse. \nId\u00e9al pour les peaux sensibles, intol\u00e9rantes, avec ecz\u00e9ma et psoriasis. \nGr\u00e2ce \u00e0 sa texture l\u00e9g\u00e8re, il permet \u00e9galement des massages d'activation et de drainage \nlymphatique.<\/p>\n<p><span style=\"color: #000000;\"><strong>TYPES DE PEAU\/PR\u00c9OCCUPATIONS:<\/strong>:<\/span><\/p>\n<p class=\" translation-block\">IId\u00e9al pour les peaux sensibles, intol\u00e9rantes, avec \necz\u00e9ma et psoriasis. <br>\nGr\u00e2ce \u00e0 sa texture l\u00e9g\u00e8re, il permet \u00e9galement des massages d'activation et de drainage \nlymphatique.<\/p>\n<p><strong><span style=\"color: #000000;\">COMMENT UTILISER:<\/span><\/strong><\/p>\n<p class=\" translation-block\">Appliquez le masque uniform\u00e9ment sur la peau apr\u00e8s l'avoir nettoy\u00e9e. <br>\nLaissez le masque agir pendant environ 10 minutes avant de l'essuyer avec une \u00e9ponge ou une serviette humide<\/p>\n<p><span style=\"color: #000000;\"><strong>APPLICATIONS:<\/strong><\/span><\/p>\n<p>Visage : 40 applications.<\/p>\n<p><span style=\"color: #000000;\"><strong>CONTENU:<\/strong> <\/span><\/p>\n<p>225 ml<\/p>","protected":false},"excerpt":{"rendered":"<p><span style=\"color: #000000;\">Livraison 2-3 jours ouvrables<\/span><\/p>","protected":false},"featured_media":1107,"comment_status":"open","ping_status":"closed","template":"","meta":[],"product_cat":[70,93],"product_tag":[82,89,80],"class_list":{"0":"post-1106","1":"product","2":"type-product","3":"status-publish","4":"has-post-thumbnail","6":"product_brand-esthemax","7":"product_cat-products","8":"product_cat-cream-face-mask","9":"product_tag-irritated-skin","10":"product_tag-rosacea","11":"product_tag-sensitive-skin","13":"first","14":"instock","15":"taxable","16":"shipping-taxable","17":"product-type-simple"},"_links":{"self":[{"href":"https:\/\/swissbeautypro.com\/fr\/wp-json\/wp\/v2\/product\/1106","targetHints":{"allow":["GET"]}}],"collection":[{"href":"https:\/\/swissbeautypro.com\/fr\/wp-json\/wp\/v2\/product"}],"about":[{"href":"https:\/\/swissbeautypro.com\/fr\/wp-json\/wp\/v2\/types\/product"}],"replies":[{"embeddable":true,"href":"https:\/\/swissbeautypro.com\/fr\/wp-json\/wp\/v2\/comments?post=1106"}],"version-history":[{"count":6,"href":"https:\/\/swissbeautypro.com\/fr\/wp-json\/wp\/v2\/product\/1106\/revisions"}],"predecessor-version":[{"id":2920,"href":"https:\/\/swissbeautypro.com\/fr\/wp-json\/wp\/v2\/product\/1106\/revisions\/2920"}],"wp:featuredmedia":[{"embeddable":true,"href":"https:\/\/swissbeautypro.com\/fr\/wp-json\/wp\/v2\/media\/1107"}],"wp:attachment":[{"href":"https:\/\/swissbeautypro.com\/fr\/wp-json\/wp\/v2\/media?parent=1106"}],"wp:term":[{"taxonomy":"product_cat","embeddable":true,"href":"https:\/\/swissbeautypro.com\/fr\/wp-json\/wp\/v2\/product_cat?post=1106"},{"taxonomy":"product_tag","embeddable":true,"href":"https:\/\/swissbeautypro.com\/fr\/wp-json\/wp\/v2\/product_tag?post=1106"}],"curies":[{"name":"wp","href":"https:\/\/api.w.org\/{rel}","templated":true}]}}