{"id":1110,"date":"2024-04-16T01:42:32","date_gmt":"2024-04-16T01:42:32","guid":{"rendered":"https:\/\/swissbeautypro.com\/?post_type=product&#038;p=1110"},"modified":"2026-03-11T19:22:58","modified_gmt":"2026-03-11T19:22:58","slug":"vitamin-c-serum","status":"publish","type":"product","link":"https:\/\/swissbeautypro.com\/fr\/produit\/vitamin-c-serum\/","title":{"rendered":"VITAMIN C SERUM"},"content":{"rendered":"<p><span style=\"color: #000000;\"><strong>DESCRIPTION:<\/strong><\/span><\/p>\n<p class=\" translation-block\">L'acide ascorbique stabilis\u00e9 (vitamine C) est un puissant antioxydant qui cr\u00e9e une barri\u00e8re cutan\u00e9e \nqui prot\u00e8ge la peau des dommages caus\u00e9s par les radicaux libres et les rayons UV. \nIl est id\u00e9al pour contr\u00f4ler et r\u00e9duire l'hyperpigmentation cutan\u00e9e car il contient de la vitamine C \npure encapsul\u00e9e qui est lib\u00e9r\u00e9e progressivement.<\/p>\n<p><span style=\"color: #000000;\"><strong>TYPE DE PEAU \/ PR\u00c9OCCUPATIONS CUTAN\u00c9ES :<\/strong> <\/span><\/p>\n<p class=\" translation-block\">Peau vieillissante, hyperpigmentation, ternissement, \ns\u00e9cheresse. Convient \u00e0 tous les types de peau.<\/p>\n<p><span style=\"color: #000000;\"><strong>CONTENU:<\/strong>:<\/span><br \/>\n100 ml<\/p>\n<p><span style=\"color: #000000;\"><strong>APPLICATIONS:<\/strong><\/span><br \/>\n80 applications<\/p>\n<p><span style=\"color: #000000;\"><strong>HYDROJELLY MASK ASSORTI:<\/strong><\/span><br \/>\n&#8211; Antioxidant Goji, Brightinging Complex, Illuminating Orange<\/p>","protected":false},"excerpt":{"rendered":"<p><span style=\"color: #000000;\">Livraison 2-3 jours ouvrables<\/span><\/p>","protected":false},"featured_media":1111,"comment_status":"open","ping_status":"closed","template":"","meta":[],"product_cat":[109,110,114,119,70,95],"product_tag":[87,72,74,84],"class_list":{"0":"post-1110","1":"product","2":"type-product","3":"status-publish","4":"has-post-thumbnail","6":"product_brand-esthemax","7":"product_cat-all-skin-types","8":"product_cat-anti-ageing","9":"product_cat-dull-skin","10":"product_cat-pigmentation","11":"product_cat-products","12":"product_cat-serums","13":"product_tag-all-skin-types","14":"product_tag-anti-aging","15":"product_tag-dull-skin","16":"product_tag-pigmentation","18":"first","19":"instock","20":"taxable","21":"shipping-taxable","22":"product-type-simple"},"_links":{"self":[{"href":"https:\/\/swissbeautypro.com\/fr\/wp-json\/wp\/v2\/product\/1110","targetHints":{"allow":["GET"]}}],"collection":[{"href":"https:\/\/swissbeautypro.com\/fr\/wp-json\/wp\/v2\/product"}],"about":[{"href":"https:\/\/swissbeautypro.com\/fr\/wp-json\/wp\/v2\/types\/product"}],"replies":[{"embeddable":true,"href":"https:\/\/swissbeautypro.com\/fr\/wp-json\/wp\/v2\/comments?post=1110"}],"version-history":[{"count":6,"href":"https:\/\/swissbeautypro.com\/fr\/wp-json\/wp\/v2\/product\/1110\/revisions"}],"predecessor-version":[{"id":2918,"href":"https:\/\/swissbeautypro.com\/fr\/wp-json\/wp\/v2\/product\/1110\/revisions\/2918"}],"wp:featuredmedia":[{"embeddable":true,"href":"https:\/\/swissbeautypro.com\/fr\/wp-json\/wp\/v2\/media\/1111"}],"wp:attachment":[{"href":"https:\/\/swissbeautypro.com\/fr\/wp-json\/wp\/v2\/media?parent=1110"}],"wp:term":[{"taxonomy":"product_cat","embeddable":true,"href":"https:\/\/swissbeautypro.com\/fr\/wp-json\/wp\/v2\/product_cat?post=1110"},{"taxonomy":"product_tag","embeddable":true,"href":"https:\/\/swissbeautypro.com\/fr\/wp-json\/wp\/v2\/product_tag?post=1110"}],"curies":[{"name":"wp","href":"https:\/\/api.w.org\/{rel}","templated":true}]}}