{"id":1130,"date":"2024-04-16T02:02:31","date_gmt":"2024-04-16T02:02:31","guid":{"rendered":"https:\/\/swissbeautypro.com\/?post_type=product&#038;p=1130"},"modified":"2026-02-25T20:22:34","modified_gmt":"2026-02-25T20:22:34","slug":"o2-20-serum","status":"publish","type":"product","link":"https:\/\/swissbeautypro.com\/fr\/produit\/o2-20-serum\/","title":{"rendered":"O2 20% SERUM"},"content":{"rendered":"<p><span style=\"color: #000000;\"><strong><span style=\"color: #000000;\">DESCRIPTION<\/span>:<\/strong><\/span><\/p>\n<p class=\" translation-block\">L'oxyg\u00e8ne stimule la fonction r\u00e9g\u00e9n\u00e9ratrice naturelle de la peau, la laissant plus lumineuse et plus saine. \nEn augmentant la production de collag\u00e8ne, il procure \u00e0 la peau une sensation de propret\u00e9, de \nfra\u00eecheur et de luminosit\u00e9 pour les peaux vieillies par divers facteurs tels que l'\u00e2ge, le stress ou la \npollution.<\/p>\n<p><span style=\"color: #000000;\"><strong>TYPE DE PEAU \/ PR\u00c9OCCUPATIONS CUTAN\u00c9ES :<\/strong><\/span><\/p>\n<p>Peau stress\u00e9e, Peau terne, Antioxydant<\/p>\n<p><strong><span style=\"color: #000000;\">CONTENU:<\/span>:<\/strong><br \/>\n100ml<\/p>\n<p><span style=\"color: #000000;\"><strong>APPLICATIONS:<\/strong><\/span><br \/>\n80 applications<\/p>\n<p><span style=\"color: #000000;\"><strong>HYDROJELLY MASK ASSORTI:<\/strong><\/span><br \/>\n&#8211; Phyto-Nutrients Blast, Hyaluronic Acid, Super greens Strength<\/p>","protected":false},"excerpt":{"rendered":"<p><span style=\"color: #000000;\">Livraison 2-3 jours ouvrables<\/span><\/p>","protected":false},"featured_media":1131,"comment_status":"open","ping_status":"closed","template":"","meta":[],"product_cat":[111,114,70,95,123],"product_tag":[85,74,75],"class_list":{"0":"post-1130","1":"product","2":"type-product","3":"status-publish","4":"has-post-thumbnail","6":"product_brand-esthemax","7":"product_cat-antioxidant","8":"product_cat-dull-skin","9":"product_cat-products","10":"product_cat-serums","11":"product_cat-skin-renewal","12":"product_tag-antioxidant","13":"product_tag-dull-skin","14":"product_tag-skin-renewal","16":"first","17":"outofstock","18":"taxable","19":"shipping-taxable","20":"product-type-simple"},"_links":{"self":[{"href":"https:\/\/swissbeautypro.com\/fr\/wp-json\/wp\/v2\/product\/1130","targetHints":{"allow":["GET"]}}],"collection":[{"href":"https:\/\/swissbeautypro.com\/fr\/wp-json\/wp\/v2\/product"}],"about":[{"href":"https:\/\/swissbeautypro.com\/fr\/wp-json\/wp\/v2\/types\/product"}],"replies":[{"embeddable":true,"href":"https:\/\/swissbeautypro.com\/fr\/wp-json\/wp\/v2\/comments?post=1130"}],"version-history":[{"count":6,"href":"https:\/\/swissbeautypro.com\/fr\/wp-json\/wp\/v2\/product\/1130\/revisions"}],"predecessor-version":[{"id":2914,"href":"https:\/\/swissbeautypro.com\/fr\/wp-json\/wp\/v2\/product\/1130\/revisions\/2914"}],"wp:featuredmedia":[{"embeddable":true,"href":"https:\/\/swissbeautypro.com\/fr\/wp-json\/wp\/v2\/media\/1131"}],"wp:attachment":[{"href":"https:\/\/swissbeautypro.com\/fr\/wp-json\/wp\/v2\/media?parent=1130"}],"wp:term":[{"taxonomy":"product_cat","embeddable":true,"href":"https:\/\/swissbeautypro.com\/fr\/wp-json\/wp\/v2\/product_cat?post=1130"},{"taxonomy":"product_tag","embeddable":true,"href":"https:\/\/swissbeautypro.com\/fr\/wp-json\/wp\/v2\/product_tag?post=1130"}],"curies":[{"name":"wp","href":"https:\/\/api.w.org\/{rel}","templated":true}]}}