{"id":1134,"date":"2024-04-16T02:05:39","date_gmt":"2024-04-16T02:05:39","guid":{"rendered":"https:\/\/swissbeautypro.com\/?post_type=product&#038;p=1134"},"modified":"2026-01-20T22:04:35","modified_gmt":"2026-01-20T22:04:35","slug":"firming-cure-serum","status":"publish","type":"product","link":"https:\/\/swissbeautypro.com\/fr\/produit\/firming-cure-serum\/","title":{"rendered":"FIRMING CURE SERUM"},"content":{"rendered":"<p><span style=\"color: #000000;\"><strong>DESCRIPTION<\/strong>:<\/span><\/p>\n<p class=\" translation-block\">S\u00e9rum \u00e0 base de bave d'escargot, qui contient une forte concentration de prot\u00e9ines, d'acide \nhyaluronique, d'antioxydants et d'allanto\u00efne, des principes actifs qui favorisent une hydratation \nprofonde et des processus antioxydants, tout en stimulant la production de collag\u00e8ne et d'\u00e9lastine. <br>\nSon application constante contribue \u00e0 rendre la peau plus ferme, plus \u00e9lastique et plus lisse. \nAm\u00e9liore le processus de gu\u00e9rison en stimulant le renouvellement cellulaire et aide \u00e0 \u00e9liminer les \ncicatrices et les marques d'acn\u00e9.<\/p>\n<p><span style=\"color: #000000;\"><strong>TYPES DE PEAU\/PR\u00c9OCCUPATIONS:<\/strong>: <\/span><\/p>\n<p>Peau mature, Anti-\u00e2ge, Cicatrices et marques d\u2019acn\u00e9<\/p>\n<p><span style=\"color: #000000;\"><strong>MODE D'EMPLOI<\/strong> <\/span><\/p>\n<p>Appliquer 1,5 ml sur le visage et le cou jusqu'\u00e0 absorption compl\u00e8te.<\/p>\n<p><span style=\"color: #000000;\"><strong>Ingredients<\/strong>:<\/span><\/p>\n<p class=\" translation-block\">Aqua, Sodium Hyaluronate, Glycerin, Propylene Glycol, Butylene Glycol, Snail \nSecretion Filtrate, Cucumis Sativus Extract, Illicium Verum Fruit Extract, Panthenol, Allantoin, \nTocopheryl Acetate, Xanthan Gum, 1,2-Hexanediol, Caramel, Parfum.<\/p>\n<p><strong><span style=\"color: #000000;\">CONTENU:<\/span>:<\/strong><br \/>\n100ml<br \/>\n<span style=\"color: #000000;\"><strong>APPLICATIONS:<\/strong><\/span><br \/>\n80 applications<\/p>\n<p><span style=\"color: #000000;\"><strong>HYDROJELLY MASK ASSORTI:<\/strong><\/span><br \/>\n-Youthful Elixir, Vampire Pile, Australian Sheep Placenta, Skin Warrior Ageless, Renewal Boost<\/p>","protected":false},"excerpt":{"rendered":"<p><span style=\"color: #000000;\">Livraison 2-3 jours ouvrables<\/span><\/p>","protected":false},"featured_media":1135,"comment_status":"open","ping_status":"closed","template":"","meta":[],"product_cat":[108,110,117,70,95],"product_tag":[90,94,76],"class_list":{"0":"post-1134","1":"product","2":"type-product","3":"status-publish","4":"has-post-thumbnail","6":"product_brand-esthemax","7":"product_cat-acne-scars","8":"product_cat-anti-ageing","9":"product_cat-mature-skin","10":"product_cat-products","11":"product_cat-serums","12":"product_tag-acne-scars","13":"product_tag-anti-ageing","14":"product_tag-mature-skin","16":"first","17":"outofstock","18":"taxable","19":"shipping-taxable","20":"product-type-simple"},"_links":{"self":[{"href":"https:\/\/swissbeautypro.com\/fr\/wp-json\/wp\/v2\/product\/1134","targetHints":{"allow":["GET"]}}],"collection":[{"href":"https:\/\/swissbeautypro.com\/fr\/wp-json\/wp\/v2\/product"}],"about":[{"href":"https:\/\/swissbeautypro.com\/fr\/wp-json\/wp\/v2\/types\/product"}],"replies":[{"embeddable":true,"href":"https:\/\/swissbeautypro.com\/fr\/wp-json\/wp\/v2\/comments?post=1134"}],"version-history":[{"count":4,"href":"https:\/\/swissbeautypro.com\/fr\/wp-json\/wp\/v2\/product\/1134\/revisions"}],"predecessor-version":[{"id":2913,"href":"https:\/\/swissbeautypro.com\/fr\/wp-json\/wp\/v2\/product\/1134\/revisions\/2913"}],"wp:featuredmedia":[{"embeddable":true,"href":"https:\/\/swissbeautypro.com\/fr\/wp-json\/wp\/v2\/media\/1135"}],"wp:attachment":[{"href":"https:\/\/swissbeautypro.com\/fr\/wp-json\/wp\/v2\/media?parent=1134"}],"wp:term":[{"taxonomy":"product_cat","embeddable":true,"href":"https:\/\/swissbeautypro.com\/fr\/wp-json\/wp\/v2\/product_cat?post=1134"},{"taxonomy":"product_tag","embeddable":true,"href":"https:\/\/swissbeautypro.com\/fr\/wp-json\/wp\/v2\/product_tag?post=1134"}],"curies":[{"name":"wp","href":"https:\/\/api.w.org\/{rel}","templated":true}]}}