{"id":1138,"date":"2024-04-16T10:48:40","date_gmt":"2024-04-16T10:48:40","guid":{"rendered":"https:\/\/swissbeautypro.com\/?post_type=product&#038;p=1138"},"modified":"2026-03-11T19:22:58","modified_gmt":"2026-03-11T19:22:58","slug":"caviar-cure-serum","status":"publish","type":"product","link":"https:\/\/swissbeautypro.com\/fr\/produit\/caviar-cure-serum\/","title":{"rendered":"CAVIAR CURE SERUM"},"content":{"rendered":"<p><span style=\"color: #000000;\"><strong>DESCRIPTION: <\/strong><\/span><\/p>\n<p class=\" translation-block\">S\u00e9rum anti-\u00e2ge \u00e0 base de caviar, source de vitamines et de min\u00e9raux qui nourrissent \nconsid\u00e9rablement la peau et aident \u00e0 r\u00e9parer les dommages caus\u00e9s par diff\u00e9rents agents ext\u00e9rieurs, \ncontribuant ainsi \u00e0 obtenir une peau plus forte et plus lumineuse.<br>\nIl contient des acides gras tels que l'om\u00e9ga 3 et l'acide linol\u00e9ique, des phospholipides, des oligo\u00e9l\u00e9ments et des acides amin\u00e9s qui restaurent la barri\u00e8re cutan\u00e9e et stimulent la synth\u00e8se du \ncollag\u00e8ne et de l'\u00e9lastine<\/p>\n<p><span style=\"color: #000000;\"><strong>TYPE DE PEAU \/ PR\u00c9OCCUPATIONS CUTAN\u00c9ES :<\/strong> <\/span><\/p>\n<p>Peau mature, Anti-\u00e2ge, Rides<\/p>\n<p><span style=\"color: #000000;\"><strong>CONTENU:<\/strong>:<\/span><br \/>\n100ml<\/p>\n<p><span style=\"color: #000000;\"><strong>APPLICATIONS:<\/strong><\/span><br \/>\n80 applications<\/p>\n<p><span style=\"color: #000000;\"><strong>HYDROJELLY MASK ASSORTI: <\/strong><\/span><br \/>\n&#8211; Resilience Caviar, Youthful Elixir, Vampire Pile, Australian Sheep Placenta.<\/p>\n<p><span style=\"color: #000000;\"><strong>Ingr\u00e9dients:<\/strong><\/span><\/p>\n<p class=\" translation-block\">Aqua, Sodium Hyaluronate, Glycerin, Propylene Glycol, Butylene Glycol, Caviar Extract, Illicium \nVerum Fruit Extract, Panthenol, Allantoin, Tocopheryl Acetate, Xanthan Gum, 1,2-Hexanediol, \nCharcoal Powder, Parfum.<\/p>","protected":false},"excerpt":{"rendered":"<p><span style=\"color: #000000;\">Livraison 2-3 jours ouvrables<\/span><\/p>","protected":false},"featured_media":1139,"comment_status":"open","ping_status":"closed","template":"","meta":[],"product_cat":[110,117,70,95,125],"product_tag":[94,76,79],"class_list":{"0":"post-1138","1":"product","2":"type-product","3":"status-publish","4":"has-post-thumbnail","6":"product_brand-esthemax","7":"product_cat-anti-ageing","8":"product_cat-mature-skin","9":"product_cat-products","10":"product_cat-serums","11":"product_cat-wrinkles","12":"product_tag-anti-ageing","13":"product_tag-mature-skin","14":"product_tag-wrinkles","16":"first","17":"outofstock","18":"taxable","19":"shipping-taxable","20":"product-type-simple"},"_links":{"self":[{"href":"https:\/\/swissbeautypro.com\/fr\/wp-json\/wp\/v2\/product\/1138","targetHints":{"allow":["GET"]}}],"collection":[{"href":"https:\/\/swissbeautypro.com\/fr\/wp-json\/wp\/v2\/product"}],"about":[{"href":"https:\/\/swissbeautypro.com\/fr\/wp-json\/wp\/v2\/types\/product"}],"replies":[{"embeddable":true,"href":"https:\/\/swissbeautypro.com\/fr\/wp-json\/wp\/v2\/comments?post=1138"}],"version-history":[{"count":5,"href":"https:\/\/swissbeautypro.com\/fr\/wp-json\/wp\/v2\/product\/1138\/revisions"}],"predecessor-version":[{"id":2912,"href":"https:\/\/swissbeautypro.com\/fr\/wp-json\/wp\/v2\/product\/1138\/revisions\/2912"}],"wp:featuredmedia":[{"embeddable":true,"href":"https:\/\/swissbeautypro.com\/fr\/wp-json\/wp\/v2\/media\/1139"}],"wp:attachment":[{"href":"https:\/\/swissbeautypro.com\/fr\/wp-json\/wp\/v2\/media?parent=1138"}],"wp:term":[{"taxonomy":"product_cat","embeddable":true,"href":"https:\/\/swissbeautypro.com\/fr\/wp-json\/wp\/v2\/product_cat?post=1138"},{"taxonomy":"product_tag","embeddable":true,"href":"https:\/\/swissbeautypro.com\/fr\/wp-json\/wp\/v2\/product_tag?post=1138"}],"curies":[{"name":"wp","href":"https:\/\/api.w.org\/{rel}","templated":true}]}}