{"id":1142,"date":"2024-04-16T10:51:58","date_gmt":"2024-04-16T10:51:58","guid":{"rendered":"https:\/\/swissbeautypro.com\/?post_type=product&#038;p=1142"},"modified":"2026-03-11T19:22:58","modified_gmt":"2026-03-11T19:22:58","slug":"collagen-serum","status":"publish","type":"product","link":"https:\/\/swissbeautypro.com\/fr\/produit\/collagen-serum\/","title":{"rendered":"COLLAGEN SERUM"},"content":{"rendered":"<p><span style=\"color: #000000;\"><strong>DESCRIPTION<\/strong><\/span><\/p>\n<p class=\" translation-block\">Contient du collag\u00e8ne hydrolys\u00e9, de l\u2019aloe vera, del\u2019anis, du panth\u00e9nol et de l\u2019allanto\u00efne, \nqui stimulent la synth\u00e8se de l\u2019\u00e9lastine cutan\u00e9e et du nouveau collag\u00e8ne pour renforcer le \ntissu conjonctif de la peau.<\/p>\n<p><span style=\"color: #000000;\"><strong>TYPE DE PEAU \/ PR\u00c9OCCUPATIONS CUTAN\u00c9ES :<\/strong><\/span><\/p>\n<p>Rides, ridules et perte de laxit\u00e9<\/p>\n<p><span style=\"color: #000000;\"><strong>INGREDIENTS ACTIFS :<\/strong><\/span><\/p>\n<p class=\" translation-block\">Collagen, Sodium Hyaluronate &amp; Allantoin <br>\nWater, Sodium Hyaluronate, Glycerin, Propylene Glycol, Butylene Glycol, Hydrolyzed Collagen \n(0.001 %), Aloe Barbadensis Leaf Juice, Illicium Verum (Anise) Fruit Extract, Panthenol, Allantoin, \nTocopheryl Acetate, Xanthan Gum, 1,2-Hexanediol, Yellow6, Red40, Fragrance<\/p>\n<p><span style=\"color: #000000;\"><strong>CONTENU:<\/strong><\/span><br \/>\n100ml<\/p>\n<p><span style=\"color: #000000;\"><strong>APPLICATIONS:<\/strong><\/span><br \/>\n80 applications<\/p>\n<p><span style=\"color: #000000;\"><strong>HYDROJELLY MASK ASSORTI:<\/strong><\/span><br \/>\n&#8211; Resilience Caviar, Youthful Elixir, Vampire Pile, Australian Sheep Placenta.<\/p>","protected":false},"excerpt":{"rendered":"<p><span style=\"color: #000000;\">Livraison 2-3 jours ouvrables<\/span><\/p>","protected":false},"featured_media":1143,"comment_status":"open","ping_status":"closed","template":"","meta":[],"product_cat":[110,125,70,95],"product_tag":[94,79],"class_list":{"0":"post-1142","1":"product","2":"type-product","3":"status-publish","4":"has-post-thumbnail","6":"product_brand-esthemax","7":"product_cat-anti-ageing","8":"product_cat-wrinkles","9":"product_cat-products","10":"product_cat-serums","11":"product_tag-anti-ageing","12":"product_tag-wrinkles","14":"first","15":"outofstock","16":"taxable","17":"shipping-taxable","18":"product-type-simple"},"_links":{"self":[{"href":"https:\/\/swissbeautypro.com\/fr\/wp-json\/wp\/v2\/product\/1142","targetHints":{"allow":["GET"]}}],"collection":[{"href":"https:\/\/swissbeautypro.com\/fr\/wp-json\/wp\/v2\/product"}],"about":[{"href":"https:\/\/swissbeautypro.com\/fr\/wp-json\/wp\/v2\/types\/product"}],"replies":[{"embeddable":true,"href":"https:\/\/swissbeautypro.com\/fr\/wp-json\/wp\/v2\/comments?post=1142"}],"version-history":[{"count":11,"href":"https:\/\/swissbeautypro.com\/fr\/wp-json\/wp\/v2\/product\/1142\/revisions"}],"predecessor-version":[{"id":2816,"href":"https:\/\/swissbeautypro.com\/fr\/wp-json\/wp\/v2\/product\/1142\/revisions\/2816"}],"wp:featuredmedia":[{"embeddable":true,"href":"https:\/\/swissbeautypro.com\/fr\/wp-json\/wp\/v2\/media\/1143"}],"wp:attachment":[{"href":"https:\/\/swissbeautypro.com\/fr\/wp-json\/wp\/v2\/media?parent=1142"}],"wp:term":[{"taxonomy":"product_cat","embeddable":true,"href":"https:\/\/swissbeautypro.com\/fr\/wp-json\/wp\/v2\/product_cat?post=1142"},{"taxonomy":"product_tag","embeddable":true,"href":"https:\/\/swissbeautypro.com\/fr\/wp-json\/wp\/v2\/product_tag?post=1142"}],"curies":[{"name":"wp","href":"https:\/\/api.w.org\/{rel}","templated":true}]}}