{"id":1154,"date":"2024-04-16T11:02:17","date_gmt":"2024-04-16T11:02:17","guid":{"rendered":"https:\/\/swissbeautypro.com\/?post_type=product&#038;p=1154"},"modified":"2026-02-25T20:12:51","modified_gmt":"2026-02-25T20:12:51","slug":"contouring-face-mask","status":"publish","type":"product","link":"https:\/\/swissbeautypro.com\/fr\/produit\/contouring-face-mask\/","title":{"rendered":"CONTOURING FACE MASK"},"content":{"rendered":"<p><span style=\"color: #000000;\"><strong>DESCRIPTION<\/strong><\/span>:<\/p>\n<p>Masque \u00e0 l'argireline \u00e0 effet tenseur imm\u00e9diat.<\/p>\n<p><span style=\"color: #000000;\"><strong>INGR\u00c9DIENTS<\/strong><\/span><\/p>\n<p class=\" translation-block\">Argilerine : connue sous le nom d'hexapeptide 3 et 8. Traite les ridules caus\u00e9es par les mouvements \nmusculaires r\u00e9p\u00e9titifs. Sa fonction est d'affecter la communication nerveuse musculaire, en \nr\u00e9duisant la profondeur des rides d'expression. De m\u00eame, il stimule la production de nouveau \ncollag\u00e8ne, r\u00e9affirmant progressivement la peau. <br> \nAllantoine : Augmente la r\u00e9tention d'eau dans la matrice intracellulaire. Il agit comme un \nk\u00e9ratolytique qui \u00e9limine les cellules mortes, adoucissant ainsi la peau, la rendant plus saine.<\/p>\n<p><span style=\"color: #000000;\"><strong>MODE D\u2019EMPLOI :<\/strong><\/span><\/p>\n<p class=\" translation-block\">1. M\u00e9langer 5 g de poudre et 3 ml d'eau, jusqu'\u00e0 obtention d'une consistance cr\u00e9meuse. <br>\n2. Appliquer le produit vers le haut sur le visage et le cou <br>\n3. Laisser s\u00e9cher pendant 10 \u00e0 15 minutes. <br>\n4. Humidifiez vos doigts avec de l'eau pour rel\u00e2cher la tension g\u00e9n\u00e9r\u00e9e par le masque. Mobilisez <br>\nvos doigts sur le visage avec des mouvements ascendants, g\u00e9n\u00e9rant un effet lifting. <br>\n<b>Bon \u00e0 savoir : c'est le traitement id\u00e9al avant un \u00e9v\u00e9nement important, car il agit imm\u00e8diatement \net dure 48 heures.<\/b><\/p>\n<p class=\" translation-block\"><span style=\"color: #000000;\"><strong>APPLICATIONS<\/strong><\/span><br>\r\n40 applications<\/p>\n<p><span style=\"color: #000000;\"><strong>CONTENU:<\/strong><\/span>:<br \/>\n225 ml<\/p>","protected":false},"excerpt":{"rendered":"<p><span style=\"color: #000000;\">Livraison 2-3 jours ouvrables<\/span><\/p>","protected":false},"featured_media":1155,"comment_status":"open","ping_status":"closed","template":"","meta":[],"product_cat":[110,97,70,125],"product_tag":[72,79],"class_list":{"0":"post-1154","1":"product","2":"type-product","3":"status-publish","4":"has-post-thumbnail","6":"product_brand-esthemax","7":"product_cat-anti-ageing","8":"product_cat-premium-anti-age","9":"product_cat-products","10":"product_cat-wrinkles","11":"product_tag-anti-aging","12":"product_tag-wrinkles","14":"first","15":"outofstock","16":"taxable","17":"shipping-taxable","18":"product-type-simple"},"_links":{"self":[{"href":"https:\/\/swissbeautypro.com\/fr\/wp-json\/wp\/v2\/product\/1154","targetHints":{"allow":["GET"]}}],"collection":[{"href":"https:\/\/swissbeautypro.com\/fr\/wp-json\/wp\/v2\/product"}],"about":[{"href":"https:\/\/swissbeautypro.com\/fr\/wp-json\/wp\/v2\/types\/product"}],"replies":[{"embeddable":true,"href":"https:\/\/swissbeautypro.com\/fr\/wp-json\/wp\/v2\/comments?post=1154"}],"version-history":[{"count":7,"href":"https:\/\/swissbeautypro.com\/fr\/wp-json\/wp\/v2\/product\/1154\/revisions"}],"predecessor-version":[{"id":2907,"href":"https:\/\/swissbeautypro.com\/fr\/wp-json\/wp\/v2\/product\/1154\/revisions\/2907"}],"wp:featuredmedia":[{"embeddable":true,"href":"https:\/\/swissbeautypro.com\/fr\/wp-json\/wp\/v2\/media\/1155"}],"wp:attachment":[{"href":"https:\/\/swissbeautypro.com\/fr\/wp-json\/wp\/v2\/media?parent=1154"}],"wp:term":[{"taxonomy":"product_cat","embeddable":true,"href":"https:\/\/swissbeautypro.com\/fr\/wp-json\/wp\/v2\/product_cat?post=1154"},{"taxonomy":"product_tag","embeddable":true,"href":"https:\/\/swissbeautypro.com\/fr\/wp-json\/wp\/v2\/product_tag?post=1154"}],"curies":[{"name":"wp","href":"https:\/\/api.w.org\/{rel}","templated":true}]}}