{"id":1158,"date":"2024-04-16T11:11:17","date_gmt":"2024-04-16T11:11:17","guid":{"rendered":"https:\/\/swissbeautypro.com\/?post_type=product&#038;p=1158"},"modified":"2025-12-01T22:42:08","modified_gmt":"2025-12-01T22:42:08","slug":"chitossil-thread-lifting-ampoule","status":"publish","type":"product","link":"https:\/\/swissbeautypro.com\/fr\/produit\/chitossil-thread-lifting-ampoule\/","title":{"rendered":"CHITOSSIL\u00ae THREAD LIFTING AMPOULE."},"content":{"rendered":"<p><span style=\"color: #000000;\"><strong>DESCRIPTION:<\/strong><\/span><\/p>\n<p class=\" translation-block\">Esthemax Chitossil\u00ae est une technologie innovante qui rajeunit et raffermit la peau en g\u00e9n\u00e9rant un \neffet lifting, fonctionne avec un activateur brevet\u00e9 pour absorber dans la peau et cr\u00e9er un r\u00e9seau \ndense de fils de chitosane, qui y adh\u00e8rent, cr\u00e9ant un effet raffermissant pour \u00e9liminer la flaccidit\u00e9.<br> \nChitossil\u00ae p\u00e9n\u00e8tre \u00e9galement dans les couches sous-cutan\u00e9es de la peau pour resserrer et tonifier \nles muscles sous-cutan\u00e9s.<\/p>\n<p><span style=\"color: #000000;\"><strong>PRINCIPAUX INGR\u00c9DIENTS<\/strong><\/span><\/p>\n<p>CHITOSAN : Fils de chitosan bior\u00e9sorbables.<br \/>\nSOLUTION : Peptides, Argireline.<\/p>\n<p><span style=\"color: #000000;\"><strong>AVANTAGES<\/strong><\/span><\/p>\n<p>- Effet raffermissant et tenseur<br \/>\n- Rajeunit la peau.<br \/>\n- Traite et att\u00e9nue l'apparence des rides d'expression.<br \/>\n- Traite la flaccidit\u00e9.<\/p>\n<p><span style=\"color: #000000;\"><strong>MODE D'UTILISATION<\/strong><\/span><\/p>\n<p class=\" translation-block\">1. M\u00e9langez l'activateur avec les fils de chitosane. <br>\n2. Agiter la solution m\u00e9lang\u00e9e pendant 30 secondes puis l'appliquer d\u00e9licatement sur la zone \u00e0 \ntraiter. <br>\n3. Laisser agir 15 \u00e0 20 minutes pour que la solution p\u00e9n\u00e8tre dans la peau. <br>\n<b>Il est recommande de ne pas se laver ni de se maquiller (cr\u00e9me SPF uniquement) pendant 24 heures.<\/b><\/p>\n<p><span style=\"color: #000000;\"><strong>CONTENU<\/strong><\/span><br \/>\n5 ampoules de fils<br \/>\n5 ampoules d\u2019activateur<\/p>","protected":false},"excerpt":{"rendered":"<p><span style=\"color: #000000;\">Livraison 2-3 jours ouvrables<\/span><\/p>","protected":false},"featured_media":1163,"comment_status":"open","ping_status":"closed","template":"","meta":[],"product_cat":[110,117,97,70,125],"product_tag":[72,76,79],"class_list":{"0":"post-1158","1":"product","2":"type-product","3":"status-publish","4":"has-post-thumbnail","6":"product_brand-esthemax","7":"product_cat-anti-ageing","8":"product_cat-mature-skin","9":"product_cat-premium-anti-age","10":"product_cat-products","11":"product_cat-wrinkles","12":"product_tag-anti-aging","13":"product_tag-mature-skin","14":"product_tag-wrinkles","16":"first","17":"outofstock","18":"taxable","19":"shipping-taxable","20":"product-type-simple"},"_links":{"self":[{"href":"https:\/\/swissbeautypro.com\/fr\/wp-json\/wp\/v2\/product\/1158","targetHints":{"allow":["GET"]}}],"collection":[{"href":"https:\/\/swissbeautypro.com\/fr\/wp-json\/wp\/v2\/product"}],"about":[{"href":"https:\/\/swissbeautypro.com\/fr\/wp-json\/wp\/v2\/types\/product"}],"replies":[{"embeddable":true,"href":"https:\/\/swissbeautypro.com\/fr\/wp-json\/wp\/v2\/comments?post=1158"}],"version-history":[{"count":6,"href":"https:\/\/swissbeautypro.com\/fr\/wp-json\/wp\/v2\/product\/1158\/revisions"}],"predecessor-version":[{"id":2905,"href":"https:\/\/swissbeautypro.com\/fr\/wp-json\/wp\/v2\/product\/1158\/revisions\/2905"}],"wp:featuredmedia":[{"embeddable":true,"href":"https:\/\/swissbeautypro.com\/fr\/wp-json\/wp\/v2\/media\/1163"}],"wp:attachment":[{"href":"https:\/\/swissbeautypro.com\/fr\/wp-json\/wp\/v2\/media?parent=1158"}],"wp:term":[{"taxonomy":"product_cat","embeddable":true,"href":"https:\/\/swissbeautypro.com\/fr\/wp-json\/wp\/v2\/product_cat?post=1158"},{"taxonomy":"product_tag","embeddable":true,"href":"https:\/\/swissbeautypro.com\/fr\/wp-json\/wp\/v2\/product_tag?post=1158"}],"curies":[{"name":"wp","href":"https:\/\/api.w.org\/{rel}","templated":true}]}}