{"id":1165,"date":"2024-04-16T11:27:54","date_gmt":"2024-04-16T11:27:54","guid":{"rendered":"https:\/\/swissbeautypro.com\/?post_type=product&#038;p=1165"},"modified":"2025-09-23T20:21:06","modified_gmt":"2025-09-23T20:21:06","slug":"egyptian-rose-hydrojelly-mask","status":"publish","type":"product","link":"https:\/\/swissbeautypro.com\/fr\/produit\/egyptian-rose-hydrojelly-mask\/","title":{"rendered":"EGYPTIAN ROSE HYDROJELLY\u2122 MASK"},"content":{"rendered":"<p><span style=\"color: #000000;\"><strong>DESCRIPTION:<\/strong><\/span><\/p>\n<p class=\" translation-block\"><b>Egyptian Rose HydroJelly Mask -<\/b> Eclat et rides fines<br>\nCes masques Hydrojelly en gel\u00e9e sont le compl\u00e9ment parfait \u00e0 votre routine quotidienne ou du \nweek-end ! Chaque kit comprend 2 masques Hydrojelly ainsi que 2 plateaux biod\u00e9gradables, 1 \nspatule et 1 cuill\u00e8re !<br>\nLes p\u00e9tales et les flocons de bourgeons de roses biologiques r\u00e9duisent l'apparence des rides et des \nridules tout en att\u00e9nuant l'hyperpigmentation et les taches de vieillesse. La rose hydrate et illumine \nla peau pour un \u00e9clat subtil<\/p>\n<p><span style=\"color: #000000;\"><strong>CHAQUE BOITE CONTIENT:<\/strong><\/span><\/p>\n<p>\u2022 2 1oz. Egyptian Rose Hydrojelly<br \/>\n\u2022 2 plateaux<br \/>\n\u2022 1 spatule<br \/>\n\u2022 1 cuill\u00e8re<\/p>","protected":false},"excerpt":{"rendered":"<p><span style=\"color: #000000;\">Livraison 2-3 jours ouvrables<\/span><\/p>","protected":false},"featured_media":1425,"comment_status":"open","ping_status":"closed","template":"","meta":[],"product_cat":[109,113,99,125],"product_tag":[87,73,79],"class_list":{"0":"post-1165","1":"product","2":"type-product","3":"status-publish","4":"has-post-thumbnail","6":"product_brand-esthemax","7":"product_cat-all-skin-types","8":"product_cat-dry-skin","9":"product_cat-retail-hydrojelly","10":"product_cat-wrinkles","11":"product_tag-all-skin-types","12":"product_tag-dry-skin","13":"product_tag-wrinkles","15":"first","16":"outofstock","17":"taxable","18":"shipping-taxable","19":"product-type-simple"},"_links":{"self":[{"href":"https:\/\/swissbeautypro.com\/fr\/wp-json\/wp\/v2\/product\/1165","targetHints":{"allow":["GET"]}}],"collection":[{"href":"https:\/\/swissbeautypro.com\/fr\/wp-json\/wp\/v2\/product"}],"about":[{"href":"https:\/\/swissbeautypro.com\/fr\/wp-json\/wp\/v2\/types\/product"}],"replies":[{"embeddable":true,"href":"https:\/\/swissbeautypro.com\/fr\/wp-json\/wp\/v2\/comments?post=1165"}],"version-history":[{"count":5,"href":"https:\/\/swissbeautypro.com\/fr\/wp-json\/wp\/v2\/product\/1165\/revisions"}],"predecessor-version":[{"id":2904,"href":"https:\/\/swissbeautypro.com\/fr\/wp-json\/wp\/v2\/product\/1165\/revisions\/2904"}],"wp:featuredmedia":[{"embeddable":true,"href":"https:\/\/swissbeautypro.com\/fr\/wp-json\/wp\/v2\/media\/1425"}],"wp:attachment":[{"href":"https:\/\/swissbeautypro.com\/fr\/wp-json\/wp\/v2\/media?parent=1165"}],"wp:term":[{"taxonomy":"product_cat","embeddable":true,"href":"https:\/\/swissbeautypro.com\/fr\/wp-json\/wp\/v2\/product_cat?post=1165"},{"taxonomy":"product_tag","embeddable":true,"href":"https:\/\/swissbeautypro.com\/fr\/wp-json\/wp\/v2\/product_tag?post=1165"}],"curies":[{"name":"wp","href":"https:\/\/api.w.org\/{rel}","templated":true}]}}