{"id":1179,"date":"2024-04-16T11:32:17","date_gmt":"2024-04-16T11:32:17","guid":{"rendered":"https:\/\/swissbeautypro.com\/?post_type=product&#038;p=1179"},"modified":"2025-09-23T20:21:06","modified_gmt":"2025-09-23T20:21:06","slug":"goji-hydrojelly-mask","status":"publish","type":"product","link":"https:\/\/swissbeautypro.com\/fr\/produit\/goji-hydrojelly-mask\/","title":{"rendered":"GOJI HYDROJELLY\u2122 MASK"},"content":{"rendered":"<p><span style=\"color: #000000;\"><strong>DESCRIPTION:<\/strong><\/span><\/p>\n<p>Ces masques Hydrojelly sont le compl\u00e9ment parfait de votre routine quotidienne ou de fin de \nsemaine !<\/p>\n<p><strong>Antioxydant Goji<\/strong> - R\u00e9g\u00e9n\u00e9rant et \u00e9clatant<\/p>\n<p class=\" translation-block\">La baie de goji biologique, riche en antioxydants et en vitamine C, aide \u00e0 r\u00e9parer les peaux ab\u00eem\u00e9es \net \u00e0 illuminer le teint. La grenade biologique freine les signes de vieillissement de la peau et \nfavorise le collag\u00e8ne..<\/p>\n<p><span style=\"color: #000000;\"><strong>CHAQUE BOITE CONTIENT:<\/strong><\/span><\/p>\n<p>\u2022 2 1oz. Antioxidant Goji Hydrojelly<br \/>\n\u2022 2 plateaux<br \/>\n\u2022 1 spatule<br \/>\n\u2022 1 cuill\u00e8re<\/p>","protected":false},"excerpt":{"rendered":"<p><span style=\"color: #000000;\">Livraison 2-3 jours ouvrables<\/span><\/p>","protected":false},"featured_media":1427,"comment_status":"open","ping_status":"closed","template":"","meta":[],"product_cat":[110,111,113,70,99],"product_tag":[94,85,73],"class_list":{"0":"post-1179","1":"product","2":"type-product","3":"status-publish","4":"has-post-thumbnail","6":"product_brand-esthemax","7":"product_cat-anti-ageing","8":"product_cat-antioxidant","9":"product_cat-dry-skin","10":"product_cat-products","11":"product_cat-retail-hydrojelly","12":"product_tag-anti-ageing","13":"product_tag-antioxidant","14":"product_tag-dry-skin","16":"first","17":"outofstock","18":"taxable","19":"shipping-taxable","20":"product-type-simple"},"_links":{"self":[{"href":"https:\/\/swissbeautypro.com\/fr\/wp-json\/wp\/v2\/product\/1179","targetHints":{"allow":["GET"]}}],"collection":[{"href":"https:\/\/swissbeautypro.com\/fr\/wp-json\/wp\/v2\/product"}],"about":[{"href":"https:\/\/swissbeautypro.com\/fr\/wp-json\/wp\/v2\/types\/product"}],"replies":[{"embeddable":true,"href":"https:\/\/swissbeautypro.com\/fr\/wp-json\/wp\/v2\/comments?post=1179"}],"version-history":[{"count":6,"href":"https:\/\/swissbeautypro.com\/fr\/wp-json\/wp\/v2\/product\/1179\/revisions"}],"predecessor-version":[{"id":2903,"href":"https:\/\/swissbeautypro.com\/fr\/wp-json\/wp\/v2\/product\/1179\/revisions\/2903"}],"wp:featuredmedia":[{"embeddable":true,"href":"https:\/\/swissbeautypro.com\/fr\/wp-json\/wp\/v2\/media\/1427"}],"wp:attachment":[{"href":"https:\/\/swissbeautypro.com\/fr\/wp-json\/wp\/v2\/media?parent=1179"}],"wp:term":[{"taxonomy":"product_cat","embeddable":true,"href":"https:\/\/swissbeautypro.com\/fr\/wp-json\/wp\/v2\/product_cat?post=1179"},{"taxonomy":"product_tag","embeddable":true,"href":"https:\/\/swissbeautypro.com\/fr\/wp-json\/wp\/v2\/product_tag?post=1179"}],"curies":[{"name":"wp","href":"https:\/\/api.w.org\/{rel}","templated":true}]}}