{"id":1184,"date":"2024-04-16T11:34:20","date_gmt":"2024-04-16T11:34:20","guid":{"rendered":"https:\/\/swissbeautypro.com\/?post_type=product&#038;p=1184"},"modified":"2025-02-24T17:27:35","modified_gmt":"2025-02-24T17:27:35","slug":"hyaluronic-acid-hydrojelly-mask","status":"publish","type":"product","link":"https:\/\/swissbeautypro.com\/fr\/produit\/hyaluronic-acid-hydrojelly-mask\/","title":{"rendered":"HYALURONIC ACID HYDROJELLY\u2122 MASK"},"content":{"rendered":"<p><strong><span style=\"color: #000000;\">DESCRIPTION<\/span>:<\/strong><\/p>\n<p class=\" translation-block\">Ces Hyaluronic Acid Hydrojelly Masks sont le compl\u00e9ment id\u00e9al de votre routine quotidienne ou de \nfin de semaine ! <br>\nR\u00e9tention sup\u00e9rieure de l'humidit\u00e9 - Convient \u00e0 tous les types de peau, sans danger pour les peaux \nsujettes \u00e0 l'acn\u00e9. \u00c9quilibre le PH de la peau pour r\u00e9duire les \u00e9ruptions cutan\u00e9es et att\u00e9nuer les \nridules.<\/p>\n<p><span style=\"color: #000000;\"><strong>CHAQUE BOITE CONTIENT:<\/strong><\/span><\/p>\n<p>\u2022 2 1oz. Hyaluronic Acid Hydrojelly\u2122 Masks<br \/>\n\u2022 2 plateaux<br \/>\n\u2022 1 spatule<br \/>\n\u2022 1 cuill\u00e8re<\/p>","protected":false},"excerpt":{"rendered":"<p><span style=\"color: #000000;\">Livraison 2-3 jours ouvrables<\/span><\/p>","protected":false},"featured_media":1429,"comment_status":"open","ping_status":"closed","template":"","meta":[],"product_cat":[109,113,70,99],"product_tag":[87,73],"class_list":{"0":"post-1184","1":"product","2":"type-product","3":"status-publish","4":"has-post-thumbnail","6":"product_brand-esthemax","7":"product_cat-all-skin-types","8":"product_cat-dry-skin","9":"product_cat-products","10":"product_cat-retail-hydrojelly","11":"product_tag-all-skin-types","12":"product_tag-dry-skin","14":"first","15":"outofstock","16":"taxable","17":"shipping-taxable","18":"product-type-simple"},"_links":{"self":[{"href":"https:\/\/swissbeautypro.com\/fr\/wp-json\/wp\/v2\/product\/1184","targetHints":{"allow":["GET"]}}],"collection":[{"href":"https:\/\/swissbeautypro.com\/fr\/wp-json\/wp\/v2\/product"}],"about":[{"href":"https:\/\/swissbeautypro.com\/fr\/wp-json\/wp\/v2\/types\/product"}],"replies":[{"embeddable":true,"href":"https:\/\/swissbeautypro.com\/fr\/wp-json\/wp\/v2\/comments?post=1184"}],"version-history":[{"count":7,"href":"https:\/\/swissbeautypro.com\/fr\/wp-json\/wp\/v2\/product\/1184\/revisions"}],"predecessor-version":[{"id":2901,"href":"https:\/\/swissbeautypro.com\/fr\/wp-json\/wp\/v2\/product\/1184\/revisions\/2901"}],"wp:featuredmedia":[{"embeddable":true,"href":"https:\/\/swissbeautypro.com\/fr\/wp-json\/wp\/v2\/media\/1429"}],"wp:attachment":[{"href":"https:\/\/swissbeautypro.com\/fr\/wp-json\/wp\/v2\/media?parent=1184"}],"wp:term":[{"taxonomy":"product_cat","embeddable":true,"href":"https:\/\/swissbeautypro.com\/fr\/wp-json\/wp\/v2\/product_cat?post=1184"},{"taxonomy":"product_tag","embeddable":true,"href":"https:\/\/swissbeautypro.com\/fr\/wp-json\/wp\/v2\/product_tag?post=1184"}],"curies":[{"name":"wp","href":"https:\/\/api.w.org\/{rel}","templated":true}]}}