{"id":1190,"date":"2024-04-16T11:37:43","date_gmt":"2024-04-16T11:37:43","guid":{"rendered":"https:\/\/swissbeautypro.com\/?post_type=product&#038;p=1190"},"modified":"2024-09-11T22:56:59","modified_gmt":"2024-09-11T22:56:59","slug":"luminous-24k-gold-hydrojelly-mask","status":"publish","type":"product","link":"https:\/\/swissbeautypro.com\/fr\/produit\/luminous-24k-gold-hydrojelly-mask\/","title":{"rendered":"LUMINOUS 24K GOLD HYDROJELLY\u2122 MASK"},"content":{"rendered":"<p><span style=\"color: #000000;\"><strong>DESCRIPTION:<\/strong><\/span><\/p>\n<p class=\" translation-block\">Luminous 24 k Gold Hydrojelly Mask <br>\nRajeunissement et clart\u00e9. Illumine votre teint tout en renfor\u00e7ant l'\u00e9lasticit\u00e9 de la peau. Convient \u00e0 \ntous les types de peau, mais les peaux endommag\u00e9es par le soleil et les peaux vieillissantes en \nb\u00e9n\u00e9ficieraient. <br>\nCes masques Esthemax\u2122 Hydrojelly sont le compl\u00e9ment parfait de votre routine quotidienne ou de \nfin de semaine ! Chaque kit comprend 2 masques Hydrojelly ainsi que 2 plateaux biod\u00e9gradables, 1 \nspatule et 1 cuill\u00e8re ! <br>\nRajeunissement et clart\u00e9 de la peau, pour tous les types de peau.<\/p>\n<p><span style=\"color: #000000;\"><strong>CHAQUE BOITE CONTIENT:<\/strong><\/span><\/p>\n<p>\u2022 2 1oz. Hyaluronic Acid Hydrojelly<br \/>\n\u2022 2 plateaux<br \/>\n\u2022 1 spatule<br \/>\n\u2022 1 cuill\u00e8re<\/p>","protected":false},"excerpt":{"rendered":"<p><span style=\"color: #000000;\">Livraison 2-3 jours ouvrables<\/span><\/p>","protected":false},"featured_media":2486,"comment_status":"open","ping_status":"closed","template":"","meta":[],"product_cat":[110,117,70,99,125],"product_tag":[94,76,79],"class_list":{"0":"post-1190","1":"product","2":"type-product","3":"status-publish","4":"has-post-thumbnail","6":"product_brand-esthemax","7":"product_cat-anti-ageing","8":"product_cat-mature-skin","9":"product_cat-products","10":"product_cat-retail-hydrojelly","11":"product_cat-wrinkles","12":"product_tag-anti-ageing","13":"product_tag-mature-skin","14":"product_tag-wrinkles","16":"first","17":"outofstock","18":"taxable","19":"shipping-taxable","20":"product-type-simple"},"_links":{"self":[{"href":"https:\/\/swissbeautypro.com\/fr\/wp-json\/wp\/v2\/product\/1190","targetHints":{"allow":["GET"]}}],"collection":[{"href":"https:\/\/swissbeautypro.com\/fr\/wp-json\/wp\/v2\/product"}],"about":[{"href":"https:\/\/swissbeautypro.com\/fr\/wp-json\/wp\/v2\/types\/product"}],"replies":[{"embeddable":true,"href":"https:\/\/swissbeautypro.com\/fr\/wp-json\/wp\/v2\/comments?post=1190"}],"version-history":[{"count":6,"href":"https:\/\/swissbeautypro.com\/fr\/wp-json\/wp\/v2\/product\/1190\/revisions"}],"predecessor-version":[{"id":2900,"href":"https:\/\/swissbeautypro.com\/fr\/wp-json\/wp\/v2\/product\/1190\/revisions\/2900"}],"wp:featuredmedia":[{"embeddable":true,"href":"https:\/\/swissbeautypro.com\/fr\/wp-json\/wp\/v2\/media\/2486"}],"wp:attachment":[{"href":"https:\/\/swissbeautypro.com\/fr\/wp-json\/wp\/v2\/media?parent=1190"}],"wp:term":[{"taxonomy":"product_cat","embeddable":true,"href":"https:\/\/swissbeautypro.com\/fr\/wp-json\/wp\/v2\/product_cat?post=1190"},{"taxonomy":"product_tag","embeddable":true,"href":"https:\/\/swissbeautypro.com\/fr\/wp-json\/wp\/v2\/product_tag?post=1190"}],"curies":[{"name":"wp","href":"https:\/\/api.w.org\/{rel}","templated":true}]}}