{"id":1194,"date":"2024-04-16T11:39:57","date_gmt":"2024-04-16T11:39:57","guid":{"rendered":"https:\/\/swissbeautypro.com\/?post_type=product&#038;p=1194"},"modified":"2024-09-11T22:56:58","modified_gmt":"2024-09-11T22:56:58","slug":"brightening-hydrojelly-mask","status":"publish","type":"product","link":"https:\/\/swissbeautypro.com\/fr\/produit\/brightening-hydrojelly-mask\/","title":{"rendered":"BRIGHTENING HYDROJELLY\u2122 MASK"},"content":{"rendered":"<p><span style=\"color: #000000;\"><strong>DESCRIPTION<\/strong><\/span>:<\/p>\n<p class=\" translation-block\">Esthemax retail Hydrojelly\u2122 masks est le compl\u00e9ment id\u00e9al du programme d'entretien personnalis\u00e9 \n\u00e0 domicile de votre cliente. Le masque en gel\u00e9e rajeunit la peau en lui apportant les nutriments dont \nelle a besoin entre les traitements. <br>\nTeint et pigmentation <br>\n\u00c9claircit la pigmentation et favorise un teint plus uniforme. Illumine la peau et favorise une \nhydratation et un \u00e9quilibre en profondeur.<\/p>\n<p><span style=\"color: #000000;\"><strong>CHAQUE BOITE CONTIENT:<\/strong><\/span><\/p>\n<p class=\" translation-block\">\u2022 2 1oz. Brightening Hydrojelly <br>\n\u2022 2 plateaux <br>\n\u2022 1 spatule <br>\n\u2022 1 cuill\u00e8re<\/p>","protected":false},"excerpt":{"rendered":"<p><span style=\"color: #000000;\">Livraison 2-3 jours ouvrables<\/span><\/p>","protected":false},"featured_media":1430,"comment_status":"open","ping_status":"closed","template":"","meta":[],"product_cat":[110,119,70,99],"product_tag":[94,84],"class_list":{"0":"post-1194","1":"product","2":"type-product","3":"status-publish","4":"has-post-thumbnail","6":"product_brand-esthemax","7":"product_cat-anti-ageing","8":"product_cat-pigmentation","9":"product_cat-products","10":"product_cat-retail-hydrojelly","11":"product_tag-anti-ageing","12":"product_tag-pigmentation","14":"first","15":"outofstock","16":"taxable","17":"shipping-taxable","18":"product-type-simple"},"_links":{"self":[{"href":"https:\/\/swissbeautypro.com\/fr\/wp-json\/wp\/v2\/product\/1194","targetHints":{"allow":["GET"]}}],"collection":[{"href":"https:\/\/swissbeautypro.com\/fr\/wp-json\/wp\/v2\/product"}],"about":[{"href":"https:\/\/swissbeautypro.com\/fr\/wp-json\/wp\/v2\/types\/product"}],"replies":[{"embeddable":true,"href":"https:\/\/swissbeautypro.com\/fr\/wp-json\/wp\/v2\/comments?post=1194"}],"version-history":[{"count":5,"href":"https:\/\/swissbeautypro.com\/fr\/wp-json\/wp\/v2\/product\/1194\/revisions"}],"predecessor-version":[{"id":2899,"href":"https:\/\/swissbeautypro.com\/fr\/wp-json\/wp\/v2\/product\/1194\/revisions\/2899"}],"wp:featuredmedia":[{"embeddable":true,"href":"https:\/\/swissbeautypro.com\/fr\/wp-json\/wp\/v2\/media\/1430"}],"wp:attachment":[{"href":"https:\/\/swissbeautypro.com\/fr\/wp-json\/wp\/v2\/media?parent=1194"}],"wp:term":[{"taxonomy":"product_cat","embeddable":true,"href":"https:\/\/swissbeautypro.com\/fr\/wp-json\/wp\/v2\/product_cat?post=1194"},{"taxonomy":"product_tag","embeddable":true,"href":"https:\/\/swissbeautypro.com\/fr\/wp-json\/wp\/v2\/product_tag?post=1194"}],"curies":[{"name":"wp","href":"https:\/\/api.w.org\/{rel}","templated":true}]}}