{"id":1198,"date":"2024-04-16T11:42:03","date_gmt":"2024-04-16T11:42:03","guid":{"rendered":"https:\/\/swissbeautypro.com\/?post_type=product&#038;p=1198"},"modified":"2025-08-19T10:13:42","modified_gmt":"2025-08-19T10:13:42","slug":"intensive-aftercare-hydrojelly","status":"publish","type":"product","link":"https:\/\/swissbeautypro.com\/fr\/produit\/intensive-aftercare-hydrojelly\/","title":{"rendered":"INTENSIVE AFTERCARE HYDROJELLY"},"content":{"rendered":"<p><span style=\"color: #000000;\"><strong>DESCRIPTION<\/strong>:<\/span><\/p>\n<p class=\" translation-block\">Convient \u00e0 tous les types de peau, anti-inflammatoire, apaise instantan\u00e9ment la peau \nsujette aux imperfections et \u00e0 l'acn\u00e9, r\u00e9duit les gonflements.<\/p>\n<p class=\" translation-block\">- Un anti-inflammatoire efficace pr\u00e9vient les dommages cellulaires caus\u00e9s par les radicaux \nlibres. <br>\n- Naturellement apaisant et aidant \u00e0 r\u00e9duire les rougeurs, il poss\u00e8de des propri\u00e9t\u00e9s \nantimicrobiennes et antioxydantes naturelles et agit comme un pi\u00e9geur naturel de \nradicaux libres. <br>\n- Convient pour une utilisation apr\u00e8s des traitements durs et intenses tels que les \nextractions, le laser, le peeling ou l'\u00e9pilation \u00e0 la cire. <br>\n- Capacit\u00e9 \u00e0 \u00e9liminer la tension nerveuse, \u00e0 soulager la douleur, \u00e0 d\u00e9sinfecter la peau et \u00e0 \ninhiber les bact\u00e9ries \u00e0 l'origine de l'infection initiale. <br>\n- Aide \u00e0 acc\u00e9l\u00e9rer le processus de gu\u00e9rison. <br>\n- Minimise l'irritation de la peau, les \u00e9ruptions cutan\u00e9es, l'inflammation et les rougeurs.<\/p>\n<p><span style=\"color: #000000;\"><strong>CHAQUE BOITE CONTIENT: <\/strong><\/span><\/p>\n<p>\u2022 2 1oz. Brightening Hydrojelly<br \/>\n\u2022 2 plateaux<br \/>\n\u2022 1 spatule<br \/>\n\u2022 1 cuill\u00e8re<\/p>","protected":false},"excerpt":{"rendered":"<p><span style=\"color: #000000;\">Livraison 2-3 jours ouvrables<\/span><\/p>","protected":false},"featured_media":1434,"comment_status":"open","ping_status":"closed","template":"","meta":[],"product_cat":[70,99],"product_tag":[],"class_list":{"0":"post-1198","1":"product","2":"type-product","3":"status-publish","4":"has-post-thumbnail","6":"product_cat-products","7":"product_cat-retail-hydrojelly","9":"first","10":"outofstock","11":"taxable","12":"shipping-taxable","13":"product-type-simple"},"_links":{"self":[{"href":"https:\/\/swissbeautypro.com\/fr\/wp-json\/wp\/v2\/product\/1198","targetHints":{"allow":["GET"]}}],"collection":[{"href":"https:\/\/swissbeautypro.com\/fr\/wp-json\/wp\/v2\/product"}],"about":[{"href":"https:\/\/swissbeautypro.com\/fr\/wp-json\/wp\/v2\/types\/product"}],"replies":[{"embeddable":true,"href":"https:\/\/swissbeautypro.com\/fr\/wp-json\/wp\/v2\/comments?post=1198"}],"version-history":[{"count":4,"href":"https:\/\/swissbeautypro.com\/fr\/wp-json\/wp\/v2\/product\/1198\/revisions"}],"predecessor-version":[{"id":2898,"href":"https:\/\/swissbeautypro.com\/fr\/wp-json\/wp\/v2\/product\/1198\/revisions\/2898"}],"wp:featuredmedia":[{"embeddable":true,"href":"https:\/\/swissbeautypro.com\/fr\/wp-json\/wp\/v2\/media\/1434"}],"wp:attachment":[{"href":"https:\/\/swissbeautypro.com\/fr\/wp-json\/wp\/v2\/media?parent=1198"}],"wp:term":[{"taxonomy":"product_cat","embeddable":true,"href":"https:\/\/swissbeautypro.com\/fr\/wp-json\/wp\/v2\/product_cat?post=1198"},{"taxonomy":"product_tag","embeddable":true,"href":"https:\/\/swissbeautypro.com\/fr\/wp-json\/wp\/v2\/product_tag?post=1198"}],"curies":[{"name":"wp","href":"https:\/\/api.w.org\/{rel}","templated":true}]}}