{"id":1337,"date":"2024-04-23T22:41:41","date_gmt":"2024-04-23T22:41:41","guid":{"rendered":"https:\/\/swissbeautypro.com\/?post_type=product&#038;p=1337"},"modified":"2024-09-11T22:56:56","modified_gmt":"2024-09-11T22:56:56","slug":"cbd-dope-hydrojelly-mask","status":"publish","type":"product","link":"https:\/\/swissbeautypro.com\/fr\/produit\/cbd-dope-hydrojelly-mask\/","title":{"rendered":"CBD DOPE HYDROJELLY MASK"},"content":{"rendered":"<p><strong><span style=\"color: #000000;\">DESCRIPTION:<\/span><\/strong><\/p>\n<p class=\" translation-block\">Il a des propri\u00e9t\u00e9s anti-inflammatoires qui aident \u00e0 la gestion des peaux sensibles avec le psoriasis, \nla rosac\u00e9e et la dermatite atopique. <br>\nR\u00e9gule l'activit\u00e9 des glandes s\u00e9bac\u00e9es. \nR\u00e9duit l'irritation et la s\u00e9cheresse de la peau.<\/p>\n<p><strong><span style=\"color: #000000;\">TYPE DE PEAU \/ PR\u00c9OCCUPATIONS CUTAN\u00c9ES :<\/span> <\/strong><\/p>\n<p>Peaux sensibles, avec acn\u00e9<\/p>\n<p><strong><span style=\"color: #000000;\">PRINCIPES ACTIFS:<\/span><\/strong><\/p>\n<p>Farine d'avoine biologique.<br \/>\nFarine de riz biologique.<br \/>\nCannabidiol<br \/>\n\u2022 Th\u00e9 vert.<br \/>\n\u2022 Poudre d'\u00e9corce de saule blanc biologique.<\/p>\n<p><strong><span style=\"color: #000000;\">INGR\u00c9DIENTS: <\/span><\/strong><\/p>\n<p class=\" translation-block\">Potassium alginate, sodium alginate sulfate, camellia sinensis leaf extract, cannabidiol \u2013 derived<br>\r\nfrom extract or tincture of cannabis, glucose, oryza sativa Powder, silica, salix alba bark powerder,<br>\r\ncentella asatica extract, calcium sulfate, potassium chloride, magnesium chloride, Sodium Chloride, Sodium Phosphate, Sodium<br>\r\nbicarbonate, Disodium pyrophosphate.<\/p>\n<p><strong><span style=\"color: #000000;\">MODE D\u2019EMPLOI :<\/span><\/strong><\/p>\n<p>\u2022 M\u00e9langer 50 ml du produit avec 40 ml d'eau.<br \/>\n\u2022 Appliquer sur la surface de la peau \u00e0 traiter.<br \/>\n\u2022 Laisser agir 20 minutes et retirer.<\/p>\n<p><strong><span style=\"color: #000000;\">APPLICAZIONI:<\/span><\/strong><br \/>\nViso: 17 applicazioni<br \/>\nViso e collo: 10 applicazioni<\/p>\n<p><span style=\"color: #000000;\">CONTENU:<\/span>: 500gr<\/p>","protected":false},"excerpt":{"rendered":"<p><span style=\"color: #000000;\">Livraison 2-3 jours ouvrables<\/span><\/p>","protected":false},"featured_media":1338,"comment_status":"open","ping_status":"closed","template":"","meta":[],"product_cat":[107,71,115,116,70,122],"product_tag":[86,94,82,77,80],"class_list":{"0":"post-1337","1":"product","2":"type-product","3":"status-publish","4":"has-post-thumbnail","6":"product_brand-esthemax","7":"product_cat-acne","8":"product_cat-hydrojelly-mask","9":"product_cat-irritated-skin","10":"product_cat-led-lamp","11":"product_cat-products","12":"product_cat-sensitive-skin","13":"product_tag-acne","14":"product_tag-anti-ageing","15":"product_tag-irritated-skin","16":"product_tag-led-lamp","17":"product_tag-sensitive-skin","19":"first","20":"outofstock","21":"taxable","22":"shipping-taxable","23":"product-type-simple"},"_links":{"self":[{"href":"https:\/\/swissbeautypro.com\/fr\/wp-json\/wp\/v2\/product\/1337","targetHints":{"allow":["GET"]}}],"collection":[{"href":"https:\/\/swissbeautypro.com\/fr\/wp-json\/wp\/v2\/product"}],"about":[{"href":"https:\/\/swissbeautypro.com\/fr\/wp-json\/wp\/v2\/types\/product"}],"replies":[{"embeddable":true,"href":"https:\/\/swissbeautypro.com\/fr\/wp-json\/wp\/v2\/comments?post=1337"}],"version-history":[{"count":6,"href":"https:\/\/swissbeautypro.com\/fr\/wp-json\/wp\/v2\/product\/1337\/revisions"}],"predecessor-version":[{"id":2897,"href":"https:\/\/swissbeautypro.com\/fr\/wp-json\/wp\/v2\/product\/1337\/revisions\/2897"}],"wp:featuredmedia":[{"embeddable":true,"href":"https:\/\/swissbeautypro.com\/fr\/wp-json\/wp\/v2\/media\/1338"}],"wp:attachment":[{"href":"https:\/\/swissbeautypro.com\/fr\/wp-json\/wp\/v2\/media?parent=1337"}],"wp:term":[{"taxonomy":"product_cat","embeddable":true,"href":"https:\/\/swissbeautypro.com\/fr\/wp-json\/wp\/v2\/product_cat?post=1337"},{"taxonomy":"product_tag","embeddable":true,"href":"https:\/\/swissbeautypro.com\/fr\/wp-json\/wp\/v2\/product_tag?post=1337"}],"curies":[{"name":"wp","href":"https:\/\/api.w.org\/{rel}","templated":true}]}}