{"id":1582,"date":"2024-04-30T17:02:49","date_gmt":"2024-04-30T17:02:49","guid":{"rendered":"https:\/\/swissbeautypro.com\/?post_type=product&#038;p=1582"},"modified":"2026-01-20T22:04:35","modified_gmt":"2026-01-20T22:04:35","slug":"hyaluronic-acid","status":"publish","type":"product","link":"https:\/\/swissbeautypro.com\/fr\/produit\/hyaluronic-acid\/","title":{"rendered":"HYALURONIC ACID"},"content":{"rendered":"<p><strong><span style=\"color: #000000;\">DESCRIPTION:<\/span><\/strong><\/p>\n<p>Am\u00e9lioration et maintient la balance des lipides favorisant le r\u00f4le de la barri\u00e8re de la peau pour \nretenir l'eau.<\/p>\n<p class=\" translation-block\">\u2022 P\u00e9n\u00e8tre dans la peau exer\u00e7ant une hydratation intensive. <br>\n\u2022 Restaure le volume d'eau, r\u00e9duisant de mani\u00e8re significative les signes de vieillissement \ncutan\u00e9. <br>\n\u2022 Il favorise la synth\u00e8se du collag\u00e8ne afin de conserver l'\u00e9lastine sur la peau en garantissant sa \nfermet\u00e9.<\/p>\n<p><strong><span style=\"color: #000000;\">TYPE DE PEAU \/ PR\u00c9OCCUPATIONS CUTAN\u00c9ES :<\/span> <\/strong>Tous types de peaux, Peaux d\u00e9shydrat\u00e9es, Peaux \nmatures, Peaux sensibles.<\/p>\n<p><strong><span style=\"color: #000000;\">INGR\u00c9DIENTS ACTIFS :<\/span><\/strong><\/p>\n<p class=\" translation-block\">\u2022 Organic oat flour.<br>\r\n\u2022 Organic rice flour.<br>\r\n\u2022 Hyaluronic acid.<br>\r\n\u2022 Organic Aloe Vera powder.<\/p>\n<p class=\" translation-block\"><b>Note : Ce masque est parfait pour \u00eatre m\u00e9lang\u00e9 avec d'autres masques hydro-gels Esthemax pour obtenir un effet suppl\u00e9mentaire.<\/b><\/p>\n<p><strong><span style=\"color: #000000;\">INGR\u00c9DIENTS: <\/span><\/strong><\/p>\n<p class=\" translation-block\">Bio Aloe Vera &amp; Hyaluronic Acide, alginate de potassium, alginate de sodium, farine d'avoine \u00e0 \ngrains entiers bio, farine de riz blanc biologique, glucose, silika, poudre d'\u00e9corce de saule blanc \nbiologique, hyaluronate de sodium, poudre d'aloe vera biologique, sulfate de calcium, potassium, \nmagn\u00e9sium, sodium , Chlorure, bicarbonate, pyrophosphate de sodium, ultramarine, parfum.<\/p>\n<p><span style=\"color: #000000;\"><strong>MODE D\u2019EMPLOI :<\/strong><\/span><\/p>\n<p class=\" translation-block\">\u2022 M\u00e9langer 50 ml de produit avec 40 ml d'eau.<br>\n\u2022 Appliquer sur la surface cutan\u00e9e \u00e0 traiter.<br>\n\u2022 Laisser agir 20 minutes et retirer.<\/p>\n<p><strong><span style=\"color: #000000;\">APPLICAZIONI:<\/span><\/strong><\/p>\n<p>Visage : 17 applications.<\/p>\n<p>Viso e collo: 10 applicazioni<\/p>\n<p><strong><span style=\"color: #000000;\">CONTENU:<\/span><\/strong><\/p>\n<p>500g<\/p>","protected":false},"excerpt":{"rendered":"<p><span style=\"color: #000000;\">Livraison 2-3 jours ouvrables<\/span><\/p>","protected":false},"featured_media":1583,"comment_status":"open","ping_status":"closed","template":"","meta":[],"product_cat":[109,113,114,71,116,70,120,121,125],"product_tag":[87,73,74,77,81,89,79],"class_list":{"0":"post-1582","1":"product","2":"type-product","3":"status-publish","4":"has-post-thumbnail","6":"product_cat-all-skin-types","7":"product_cat-dry-skin","8":"product_cat-dull-skin","9":"product_cat-hydrojelly-mask","10":"product_cat-led-lamp","11":"product_cat-products","12":"product_cat-redness","13":"product_cat-rosacea","14":"product_cat-wrinkles","15":"product_tag-all-skin-types","16":"product_tag-dry-skin","17":"product_tag-dull-skin","18":"product_tag-led-lamp","19":"product_tag-redness","20":"product_tag-rosacea","21":"product_tag-wrinkles","23":"first","24":"outofstock","25":"taxable","26":"shipping-taxable","27":"product-type-simple"},"_links":{"self":[{"href":"https:\/\/swissbeautypro.com\/fr\/wp-json\/wp\/v2\/product\/1582","targetHints":{"allow":["GET"]}}],"collection":[{"href":"https:\/\/swissbeautypro.com\/fr\/wp-json\/wp\/v2\/product"}],"about":[{"href":"https:\/\/swissbeautypro.com\/fr\/wp-json\/wp\/v2\/types\/product"}],"replies":[{"embeddable":true,"href":"https:\/\/swissbeautypro.com\/fr\/wp-json\/wp\/v2\/comments?post=1582"}],"version-history":[{"count":7,"href":"https:\/\/swissbeautypro.com\/fr\/wp-json\/wp\/v2\/product\/1582\/revisions"}],"predecessor-version":[{"id":2894,"href":"https:\/\/swissbeautypro.com\/fr\/wp-json\/wp\/v2\/product\/1582\/revisions\/2894"}],"wp:featuredmedia":[{"embeddable":true,"href":"https:\/\/swissbeautypro.com\/fr\/wp-json\/wp\/v2\/media\/1583"}],"wp:attachment":[{"href":"https:\/\/swissbeautypro.com\/fr\/wp-json\/wp\/v2\/media?parent=1582"}],"wp:term":[{"taxonomy":"product_cat","embeddable":true,"href":"https:\/\/swissbeautypro.com\/fr\/wp-json\/wp\/v2\/product_cat?post=1582"},{"taxonomy":"product_tag","embeddable":true,"href":"https:\/\/swissbeautypro.com\/fr\/wp-json\/wp\/v2\/product_tag?post=1582"}],"curies":[{"name":"wp","href":"https:\/\/api.w.org\/{rel}","templated":true}]}}