{"id":1641,"date":"2024-05-06T14:39:06","date_gmt":"2024-05-06T14:39:06","guid":{"rendered":"https:\/\/swissbeautypro.com\/?post_type=product&#038;p=1641"},"modified":"2026-02-07T21:12:00","modified_gmt":"2026-02-07T21:12:00","slug":"silk-cocoon-peptide-hydrojelly","status":"publish","type":"product","link":"https:\/\/swissbeautypro.com\/fr\/produit\/silk-cocoon-peptide-hydrojelly\/","title":{"rendered":"SILK COCOON PEPTIDE HYDROJELLY"},"content":{"rendered":"<p><span style=\"color: #000000;\"><strong>DESCRIPTION:<\/strong><\/span><\/p>\n<p class=\" translation-block\">Les peptides de cocon de soie, \u00e9galement connus sous le nom de peptides de soie hydrolys\u00e9s, \nconviennent \u00e0 tous les types de peau car ils sont facilement absorb\u00e9s. Ils agissent rapidement pour \napporter une hydratation \u00e9quilibr\u00e9e, donnant \u00e0 la peau un aspect revitalis\u00e9 et une sensation de \ndouceur comme de la soie. Ces peptides contribuent \u00e0 r\u00e9g\u00e9n\u00e9rer la peau, \u00e0 stimuler la production de \ncollag\u00e8ne et \u00e0 att\u00e9nuer l'apparence des rides et ridules. Les peptides de soie hydrolys\u00e9s jouent un \nr\u00f4le crucial dans la structure solide et \u00e9lastique de la soie, c'est pourquoi ils sont b\u00e9n\u00e9fiques pour \nrenforcer et raffermir la peau.<\/p>\n<p><span style=\"color: #000000;\"><strong>TYPE DE PEAU \/ PR\u00c9OCCUPATIONS CUTAN\u00c9ES :<\/strong><\/span><\/p>\n<p>Peau s\u00e8che, rides et ridules, perte de fermet\u00e9 et \nd'\u00e9lasticit\u00e9<\/p>\n<p><span style=\"color: #000000;\"><strong>INGR\u00c9DIENTS ACTIFS :<\/strong><\/span><\/p>\n<p><span style=\"color: #000000;\">PEPTIDES DE SOIE HYDROLYS\u00c9E<\/span><\/p>\n<p class=\" translation-block\">Les peptides de soie hydrolys\u00e9e sont des prot\u00e9ines naturelles produites par les vers \u00e0 soie. Ces \nprot\u00e9ines contiennent 18 acides amin\u00e9s de soie qui ont la capacit\u00e9 d'interagir avec d'autres prot\u00e9ines \net mol\u00e9cules de la peau. En raison de leur remarquable similitude avec la composition chimique de \nla peau humaine, ces peptides p\u00e9n\u00e8trent facilement dans la peau, offrant des r\u00e9sultats exceptionnels \nen mati\u00e8re de r\u00e9tention de l'humidit\u00e9, de maintien d'un \u00e9quilibre optimal de l'hydratation et de \nstimulation de la production de collag\u00e8ne et des processus de r\u00e9paration. Ces peptides am\u00e9liorent \nnaturellement l'\u00e9lasticit\u00e9 de la peau, favorisent le fonctionnement optimal des cellules cutan\u00e9es et \nservent de mesure pr\u00e9ventive contre les rides, ce qui permet en fin de compte d'obtenir une peau \nplus ferme et plus lisse.<\/p>\n<p><span style=\"color: #000000;\">\u00c9LECTROLYTES BIOLOGIQUES (certifi\u00e9s USDA)<\/span><\/p>\n<p class=\" translation-block\">Les \u00e9lectrolytes organiques de l'eau de coco font des merveilles pour la peau. Ils restaurent \nl'hydratation, pr\u00e9viennent la d\u00e9shydratation en attirant l'eau dans les cellules de la peau et traitent \nefficacement la s\u00e9cheresse, les d\u00e9mangeaisons, les cernes et les ridules. De plus, ils hydratent la \npeau sans la rendre grasse, en pr\u00e9servant son hydratation naturelle et son pH. L'eau de coco contient \n\u00e9galement des cytokines, des prot\u00e9ines naturelles qui favorisent les effets anti-\u00e2ge en soutenant le \ncycle de r\u00e9paration de la peau et en la prot\u00e9geant des dommages caus\u00e9s par le soleil et \nl'environnement.<\/p>\n<p><span style=\"color: #000000;\"><strong>INGR\u00c9DIENTS<\/strong><\/span><\/p>\n<p class=\" translation-block\">Potassium Alginate, Algin, *Oryza Sativa (Rice) Powder, Sodium Hyaluronate, *Cocos Nucifera \n(Coconut) Fruit Powder, Glucose, *Salix Alba (Willow) Bark Extract, Hydrolyzed Silk Peptide, \nCalcium Sulfate, Diatomaceous Earth, Sodium Chloride, Magnesium Sulfate, Potassium Chloride, \nMica, Fragrance. *Certified Organic Ingredients.<\/p>\n<p><strong><span style=\"color: #000000;\">MODE D\u2019EMPLOI :<\/span><\/strong><\/p>\n<p>M\u00e9langer 50 ml de produit avec 40 ml d'eau.<br \/>\nAppliquer sur la surface de la peau \u00e0 traiter.<br \/>\nLaisser poser pendant 20 minutes, puis retirer<\/p>\n<p><strong><span style=\"color: #000000;\">APPLICAZIONI:<\/span><\/strong><\/p>\n<p>Visage : 17 applications.<br \/>\nVisage et cou : 10 applications.<\/p>\n<p><span style=\"color: #000000;\"><strong>AMOUNT: 500gr.<\/strong><\/span><\/p>","protected":false},"excerpt":{"rendered":"<p><span style=\"color: #000000;\">Livraison 2-3 jours ouvrables<\/span><\/p>","protected":false},"featured_media":1643,"comment_status":"open","ping_status":"closed","template":"","meta":[],"product_cat":[109,113,114,71,122],"product_tag":[87,73,74,80],"class_list":{"0":"post-1641","1":"product","2":"type-product","3":"status-publish","4":"has-post-thumbnail","6":"product_brand-esthemax","7":"product_cat-all-skin-types","8":"product_cat-dry-skin","9":"product_cat-dull-skin","10":"product_cat-hydrojelly-mask","11":"product_cat-sensitive-skin","12":"product_tag-all-skin-types","13":"product_tag-dry-skin","14":"product_tag-dull-skin","15":"product_tag-sensitive-skin","17":"first","18":"outofstock","19":"taxable","20":"shipping-taxable","21":"product-type-simple"},"_links":{"self":[{"href":"https:\/\/swissbeautypro.com\/fr\/wp-json\/wp\/v2\/product\/1641","targetHints":{"allow":["GET"]}}],"collection":[{"href":"https:\/\/swissbeautypro.com\/fr\/wp-json\/wp\/v2\/product"}],"about":[{"href":"https:\/\/swissbeautypro.com\/fr\/wp-json\/wp\/v2\/types\/product"}],"replies":[{"embeddable":true,"href":"https:\/\/swissbeautypro.com\/fr\/wp-json\/wp\/v2\/comments?post=1641"}],"version-history":[{"count":6,"href":"https:\/\/swissbeautypro.com\/fr\/wp-json\/wp\/v2\/product\/1641\/revisions"}],"predecessor-version":[{"id":2893,"href":"https:\/\/swissbeautypro.com\/fr\/wp-json\/wp\/v2\/product\/1641\/revisions\/2893"}],"wp:featuredmedia":[{"embeddable":true,"href":"https:\/\/swissbeautypro.com\/fr\/wp-json\/wp\/v2\/media\/1643"}],"wp:attachment":[{"href":"https:\/\/swissbeautypro.com\/fr\/wp-json\/wp\/v2\/media?parent=1641"}],"wp:term":[{"taxonomy":"product_cat","embeddable":true,"href":"https:\/\/swissbeautypro.com\/fr\/wp-json\/wp\/v2\/product_cat?post=1641"},{"taxonomy":"product_tag","embeddable":true,"href":"https:\/\/swissbeautypro.com\/fr\/wp-json\/wp\/v2\/product_tag?post=1641"}],"curies":[{"name":"wp","href":"https:\/\/api.w.org\/{rel}","templated":true}]}}