{"id":1652,"date":"2024-05-06T14:56:15","date_gmt":"2024-05-06T14:56:15","guid":{"rendered":"https:\/\/swissbeautypro.com\/?post_type=product&#038;p=1652"},"modified":"2025-11-24T02:34:15","modified_gmt":"2025-11-24T02:34:15","slug":"high-frequency-cream","status":"publish","type":"product","link":"https:\/\/swissbeautypro.com\/fr\/produit\/high-frequency-cream\/","title":{"rendered":"HIGH FREQUENCY CREAM"},"content":{"rendered":"<p><strong><span style=\"color: #000000;\">DESCRIPTION:<\/span><\/strong><\/p>\n<p class=\" translation-block\">La Cr\u00e8me Haute Fr\u00e9quence contient Collag\u00e8ne hydrolys\u00e9 : Un m\u00e9lange de petits peptides qui se \nd\u00e9composent en fragments beaucoup plus petits qui p\u00e9n\u00e8trent la surface de la peau. Raffermit la \npeau et r\u00e9duit les effets du vieillissement au fur et \u00e0 mesure que le collag\u00e8ne est absorb\u00e9 par la peau. \nAcide hyaluronique : Facteur naturel d'hydratation. Il est capable de p\u00e9n\u00e9trer dans les couches \nsup\u00e9rieures de la peau pour am\u00e9liorer la qualit\u00e9 de la peau et lui apporter des bienfaits lorsqu'il est \nappliqu\u00e9. Il p\u00e9n\u00e8tre dans le derme, renfor\u00e7ant ainsi l'\u00e9lasticit\u00e9 et l'hydratation de la peau. Huile \nd'olive : Pr\u00e9serve la souplesse de la peau et calme m\u00eame les irritations. Soulage l'inconfort et \nl\u2019irritation.<\/p>\n<p><span style=\"color: #000000;\"><strong>TYPE DE PEAU \/ PR\u00c9OCCUPATIONS CUTAN\u00c9ES :<\/strong><\/span><\/p>\n<p class=\" translation-block\">Tous types de peau, Rides et ridules, Fermet\u00e9, Hydrate et rajeunit<\/p>\n<p><strong><span style=\"color: #000000;\">INGR\u00c9DIENTS ACTIFS :<\/span><\/strong><\/p>\n<p>Collag\u00e8ne hydrolys\u00e9, acide hyaluronique, huile d\u2019olive<\/p>\n<p><strong><span style=\"color: #000000;\">INGR\u00c9DIENTS<\/span><\/strong><\/p>\n<p class=\" translation-block\">Mineral oil, Water, Glycerin, Cetyl ethylhexanoate, Petrolatum, Cetyl alcohol, Beeswax, \nMicrocrystalline wax, Olea europaea (olive) fruit oil, Glyceryl stearate, PEG-100 stearate, PEG-40 \nstearate, Polysorbate 60, Dimethicone, Sorbitan sesquioleate, Camellia sinensis leaf extract, Coffea \narabica (coffee) seed extract, Diospyros kaki leaf extract, Theobrama cacao(cocoa) extract, Wine \nextract, Allantoin, Squalane, Hydrolyzed collagen, Tocopheryl acetate, Sodium<\/p>\n<p><span style=\"color: #000000;\"><strong>COMMENT UTILISER:<\/strong><\/span><\/p>\n<p class=\" translation-block\">Formul\u00e9e pour am\u00e9liorer les traitements \u00e0 haute fr\u00e9quence, la cr\u00e8me haute fr\u00e9quence augmente la \nconductivit\u00e9 de la chaleur et r\u00e9duit l'irritation de la peau. C'est \u00e9galement le produit id\u00e9al pour les \nmassages faciaux.<\/p>\n<p><strong><span style=\"color: #000000;\">MONTANT : 1000 ml<\/span><\/strong><\/p>","protected":false},"excerpt":{"rendered":"<p><span style=\"color: #000000;\">Livraison 2-3 jours ouvrables<\/span><\/p>","protected":false},"featured_media":1646,"comment_status":"open","ping_status":"closed","template":"","meta":[],"product_cat":[110,93,113,125],"product_tag":[72,73,79],"class_list":{"0":"post-1652","1":"product","2":"type-product","3":"status-publish","4":"has-post-thumbnail","6":"product_brand-esthemax","7":"product_cat-anti-ageing","8":"product_cat-cream-face-mask","9":"product_cat-dry-skin","10":"product_cat-wrinkles","11":"product_tag-anti-aging","12":"product_tag-dry-skin","13":"product_tag-wrinkles","15":"first","16":"outofstock","17":"downloadable","18":"taxable","19":"shipping-taxable","20":"product-type-simple"},"_links":{"self":[{"href":"https:\/\/swissbeautypro.com\/fr\/wp-json\/wp\/v2\/product\/1652","targetHints":{"allow":["GET"]}}],"collection":[{"href":"https:\/\/swissbeautypro.com\/fr\/wp-json\/wp\/v2\/product"}],"about":[{"href":"https:\/\/swissbeautypro.com\/fr\/wp-json\/wp\/v2\/types\/product"}],"replies":[{"embeddable":true,"href":"https:\/\/swissbeautypro.com\/fr\/wp-json\/wp\/v2\/comments?post=1652"}],"version-history":[{"count":4,"href":"https:\/\/swissbeautypro.com\/fr\/wp-json\/wp\/v2\/product\/1652\/revisions"}],"predecessor-version":[{"id":2891,"href":"https:\/\/swissbeautypro.com\/fr\/wp-json\/wp\/v2\/product\/1652\/revisions\/2891"}],"wp:featuredmedia":[{"embeddable":true,"href":"https:\/\/swissbeautypro.com\/fr\/wp-json\/wp\/v2\/media\/1646"}],"wp:attachment":[{"href":"https:\/\/swissbeautypro.com\/fr\/wp-json\/wp\/v2\/media?parent=1652"}],"wp:term":[{"taxonomy":"product_cat","embeddable":true,"href":"https:\/\/swissbeautypro.com\/fr\/wp-json\/wp\/v2\/product_cat?post=1652"},{"taxonomy":"product_tag","embeddable":true,"href":"https:\/\/swissbeautypro.com\/fr\/wp-json\/wp\/v2\/product_tag?post=1652"}],"curies":[{"name":"wp","href":"https:\/\/api.w.org\/{rel}","templated":true}]}}