{"id":1669,"date":"2024-05-06T15:31:14","date_gmt":"2024-05-06T15:31:14","guid":{"rendered":"https:\/\/swissbeautypro.com\/?post_type=product&#038;p=1669"},"modified":"2024-09-11T22:54:32","modified_gmt":"2024-09-11T22:54:32","slug":"energetic-renovation-protocol","status":"publish","type":"product","link":"https:\/\/swissbeautypro.com\/fr\/produit\/energetic-renovation-protocol\/","title":{"rendered":"PROTOCOLE DE R\u00c9NOVATION \u00c9NERG\u00c9TIQUE"},"content":{"rendered":"<p>\u2022 1 Enzyme Podwer<br \/>\n\u2022 1 snow cream Face Mask<br \/>\n\u2022 1 Chi Energy Infused<br \/>\n\u2022 1 SERUM VITAMIN C<\/p>\n<p><span style=\"color: #000000;\"><strong>\u00c9tape 1:<\/strong> <span style=\"text-decoration: underline;\"><span style=\"color: #993300;\"><a style=\"color: #993300; text-decoration: underline;\" href=\"https:\/\/swissbeautypro.com\/product\/enzyme-powder-includes-measuring-cup\/\">Enzyme Powder<\/a><\/span><\/span><\/span><\/p>\n<p class=\" translation-block\">Cette \u00e9tape est essentielle pour pr\u00e9parer la peau avant tout acte m\u00e9dico-esth\u00e9tique. Il permet de \nnettoyer la peau en profondeur et de dilater les pores pour \u00e9liminer toutes les impuret\u00e9s, y compris \nles cr\u00e8mes et le maquillage. De plus, ses composants enzymatiques effectuent une exfoliation \nsuperficielle de la couche corn\u00e9e en \u00e9liminant les cellules mortes.<\/p>\n<p>Ingr\u00e9dients actifs :<\/p>\n<p>\u2022 Papain<br \/>\n\u2022 Allantoin<\/p>\n<p><span style=\"color: #000000;\"><strong>\u00c9tape 2:<\/strong> <span style=\"text-decoration: underline;\"><span style=\"color: #993300;\"><a style=\"color: #993300; text-decoration: underline;\" href=\"https:\/\/swissbeautypro.com\/product\/snow-face-mask\/\">Snow Cream Face Mask<\/a><\/span><\/span><\/span><\/p>\n<p class=\" translation-block\">Les concentrations \u00e9lev\u00e9es d'acides gras (acide laurique et acide caprique) et de vitamines A, E et \nD, pr\u00e9sentes dans le beurre de karit\u00e9, le miel et l'extrait de noix de coco, procurent une ultrahydratation qui prot\u00e8ge la peau et lui conf\u00e8re un aspect soyeux et \u00e9clatant. Id\u00e9ale pour les peaux sensibles et intol\u00e9rantes, l'ecz\u00e9ma et le psoriasis. <br>\nGr\u00e2ce \u00e0 sa texture l\u00e9g\u00e8re, elle permet \u00e9galement des massages activateurs sur les diff\u00e9rents \nprincipes actifs et un drainage lymphatique.<\/p>\n<p><strong><span style=\"color: #000000;\">\u00c9tape 3<\/span><\/strong> <span style=\"color: #993300;\"><a style=\"color: #993300; text-decoration: underline;\" href=\"https:\/\/swissbeautypro.com\/product\/chi-energy-infused\/\">Chi Energy Infused Hydrojelly Mask<\/a><\/span><\/p>\n<p>Masque \u00e0 effet anti-inflammatoire et analg\u00e9sique. Il a des propri\u00e9t\u00e9s d\u00e9sensibilisantes, \nhypoallerg\u00e9niques et anti-irritantes. Les cristaux de quartz agissent ensemble comme des \nconducteurs d'\u00e9nergie et des r\u00e9novateurs.<\/p>\n<p>Ingr\u00e9dients actifs :<\/p>\n<p class=\" translation-block\">\u2022 Cannabis (THC free)<br>\r\n\u2022 Portulaca oleracea extract<br>\r\n\u2022 Green tea leaf<br>\r\n\u2022 Centella asiatica extract<br>\r\n\u2022 Green chromium oxide<\/p>\n<p><strong><span style=\"color: #000000;\">\u00c9tape 4<\/span><\/strong> <span style=\"color: #993300;\"><a style=\"color: #993300; text-decoration: underline;\" href=\"https:\/\/swissbeautypro.com\/?post_type=product&amp;p=1669&amp;preview=true\">Vitamin C cure serum<\/a><\/span><\/p>\n<p>S\u00e9rum \u00e0 base de vitamine C, id\u00e9al pour sceller le traitement antioxydant.<\/p>\n<p><span style=\"color: #000000;\"><strong>Comment appliquer:<\/strong><\/span><\/p>\n<p><span style=\"color: #000000;\"><strong>\u00c9tape 1:<\/strong><\/span><\/p>\n<p class=\" translation-block\">\u2022 M\u00e9langez 2,5 g de poudre d'enzyme (1\/2 tasse \u00e0 mesurer) avec 5 ml d'eau (tasse \u00e0 mesurer pleine).<br>\n\u2022 M\u00e9langez pendant 1 minute jusqu'\u00e0 obtenir une mousse.<br>\n\u2022 Appliquer sur tout le visage \u00e0 l'aide d'un pinceau \u00e9ventail et masser.<br>\n\u2022 Laisser poser 7 minutes.<br>\n\u2022 Retirez le produit avec un chiffon humide ou une gaze.<br>\n* Pour les peaux sensibles, laisser agir 5 minutes et retirer.<\/p>\n<p><span style=\"color: #000000;\"><strong>\u00c9tape 2:<\/strong><\/span><\/p>\n<p class=\" translation-block\">\u2022 Appliquez la quantit\u00e9 souhait\u00e9e de Snow Cream Face Mask sur la zone \u00e0 traiter.<br>\n\u2022 Massez la cr\u00e8me avec des mouvements circulaires et laissez agir 5 \u00e0 7 minutes.<br>\n\u2022 Retirez l'exc\u00e9dent avec un chiffon ou une spatule.<br>\n\u2022 Essuyez le visage avec un chiffon humide.<\/p>\n<p><strong><span style=\"color: #000000;\">\u00c9tape 3<\/span><\/strong><\/p>\n<p class=\" translation-block\">\u2022 M\u00e9langer 50 g de Chi Energy Infused Hydrojelly Mask avec 40 ml d'eau, jusqu'\u00e0 l'obtention \nd'une consistance de gel. <br>\n\u2022 Appliquer sur la surface de la peau \u00e0 traiter, en \u00e9talant le m\u00e9lange uniform\u00e9ment. Veillez \u00e0 \nlaisser une couche \u00e9paisse sur les bords ext\u00e9rieurs du masque. <br>\n\u2022 Laisser agir pendant 15 \u00e0 20 minutes. <br>\n\u2022 Soulevez les bords et retirez le masque en un seul geste.<\/p>\n<p><span style=\"color: #000000;\"><strong>\u00c9tape 4<\/strong><\/span><\/p>\n<p class=\" translation-block\">\u2022 Appliquez 3 \u00e0 4 gouttes du S\u00e9rum Vitamin C Cure sur la zone trait\u00e9e et massez jusqu'\u00e0 absorption \ncompl\u00e8te.<\/p>","protected":false},"excerpt":{"rendered":"<p><span style=\"color: #000000;\">Livraison 2-3 jours ouvrables<\/span><\/p>","protected":false},"featured_media":1664,"comment_status":"open","ping_status":"closed","template":"","meta":[],"product_cat":[127],"product_tag":[],"class_list":{"0":"post-1669","1":"product","2":"type-product","3":"status-publish","4":"has-post-thumbnail","6":"product_cat-energetic-renovation","8":"first","9":"outofstock","10":"taxable","11":"shipping-taxable","12":"product-type-simple"},"_links":{"self":[{"href":"https:\/\/swissbeautypro.com\/fr\/wp-json\/wp\/v2\/product\/1669","targetHints":{"allow":["GET"]}}],"collection":[{"href":"https:\/\/swissbeautypro.com\/fr\/wp-json\/wp\/v2\/product"}],"about":[{"href":"https:\/\/swissbeautypro.com\/fr\/wp-json\/wp\/v2\/types\/product"}],"replies":[{"embeddable":true,"href":"https:\/\/swissbeautypro.com\/fr\/wp-json\/wp\/v2\/comments?post=1669"}],"version-history":[{"count":6,"href":"https:\/\/swissbeautypro.com\/fr\/wp-json\/wp\/v2\/product\/1669\/revisions"}],"predecessor-version":[{"id":2888,"href":"https:\/\/swissbeautypro.com\/fr\/wp-json\/wp\/v2\/product\/1669\/revisions\/2888"}],"wp:featuredmedia":[{"embeddable":true,"href":"https:\/\/swissbeautypro.com\/fr\/wp-json\/wp\/v2\/media\/1664"}],"wp:attachment":[{"href":"https:\/\/swissbeautypro.com\/fr\/wp-json\/wp\/v2\/media?parent=1669"}],"wp:term":[{"taxonomy":"product_cat","embeddable":true,"href":"https:\/\/swissbeautypro.com\/fr\/wp-json\/wp\/v2\/product_cat?post=1669"},{"taxonomy":"product_tag","embeddable":true,"href":"https:\/\/swissbeautypro.com\/fr\/wp-json\/wp\/v2\/product_tag?post=1669"}],"curies":[{"name":"wp","href":"https:\/\/api.w.org\/{rel}","templated":true}]}}