{"id":1671,"date":"2024-05-06T15:39:14","date_gmt":"2024-05-06T15:39:14","guid":{"rendered":"https:\/\/swissbeautypro.com\/?post_type=product&#038;p=1671"},"modified":"2024-09-11T22:54:31","modified_gmt":"2024-09-11T22:54:31","slug":"acne-bactericidal-therapy-protocol","status":"publish","type":"product","link":"https:\/\/swissbeautypro.com\/fr\/produit\/acne-bactericidal-therapy-protocol\/","title":{"rendered":"PROTOCOLE DE TH\u00c9RAPIE BACT\u00c9RICIDE CONTRE L\u2019ACN\u00c9"},"content":{"rendered":"<p><span style=\"color: #000000;\"><strong>DESCRIPTION: <\/strong><\/span><\/p>\n<p class=\" translation-block\">Le protocole acn\u00e9 est indiqu\u00e9 pour le traitement de l'acn\u00e9 active par l'utilisation de la phototh\u00e9rapie \net d'un photosensibilisateur (acide aminol\u00e9vulinique). Il g\u00e9n\u00e8re un effet bact\u00e9riostatique et \nbact\u00e9ricide, en plus d'aider \u00e0 r\u00e9guler l'activit\u00e9 des glandes s\u00e9bac\u00e9es.<\/p>\n<p>Ce protocole comprend :<\/p>\n<p>\u2022 1 Enzyme powder<br \/>\n\u2022 1 Green Tea Cream face mask<br \/>\n\u2022 1 Cure Serum ALA-13<br \/>\n\u2022 1 Spot Diminishing ALA Hydrojelly Mask<\/p>\n<p><span style=\"color: #000000;\"><strong>\u00c9tape 1:<\/strong> <span style=\"color: #993300;\"><a style=\"color: #993300; text-decoration: underline;\" href=\"https:\/\/swissbeautypro.com\/product\/enzyme-powder-includes-measuring-cup\/\">Enzyme Powder<\/a><\/span><\/span><\/p>\n<p class=\" translation-block\">Cette \u00e9tape est essentielle pour pr\u00e9parer la peau avant tout acte m\u00e9dico-esth\u00e9tique. Il permet de \nnettoyer la peau en profondeur et de dilater les pores pour \u00e9liminer toutes les impuret\u00e9s, y compris \nles cr\u00e8mes et le maquillage. De plus, ses composants enzymatiques effectuent une exfoliation \nsuperficielle de la couche corn\u00e9e en \u00e9liminant les cellules mortes.<\/p>\n<p>Ingr\u00e9dients actifs :<\/p>\n<p>\u2022 Papain<br \/>\n\u2022 Allantoin<\/p>\n<p><span style=\"color: #000000;\"><strong>\u00c9tape 2:<\/strong> <span style=\"text-decoration: underline; color: #993300;\"><a style=\"color: #993300; text-decoration: underline;\" href=\"https:\/\/swissbeautypro.com\/product\/enzyme-powder-includes-measuring-cup\/\">Green Tea Face Mask<\/a><\/span><\/span><\/p>\n<p class=\" translation-block\">Contient des extraits de th\u00e9ier (camellia sinensis), de kaolin et de r\u00e9glisse, principes actifs id\u00e9aux \npour \u00e9liminer les toxines, purifier et r\u00e9duire l'exc\u00e8s de s\u00e9bum des peaux mixtes ou acn\u00e9iques.<\/p>\n<p><strong><span style=\"color: #000000;\">\u00c9tape 3<\/span><\/strong> <span style=\"text-decoration: underline;\"><span style=\"color: #993300;\"><a style=\"color: #993300; text-decoration: underline;\" href=\"https:\/\/swissbeautypro.com\/product\/ala-13-serum\/\">Cure serum Ala-13<\/a><\/span><\/span> and <span style=\"text-decoration: underline;\"><span style=\"color: #993300;\"><a style=\"color: #993300; text-decoration: underline;\" href=\"https:\/\/swissbeautypro.com\/product\/spot-diminishing-ala\/\">Spot Diminishing Hydrojelly Mask<\/a><\/span><\/span><\/p>\n<p class=\" translation-block\">S\u00e9rum \u00e0 base d'acide aminol\u00e9vulinique, qui agit comme un agent photosensibilisant lorsqu'il est \nactiv\u00e9 par la lumi\u00e8re LED bleue. Il p\u00e9n\u00e8tre directement dans les follicules o\u00f9 s'\u00e9tablissent les \ncolonies bact\u00e9riennes, \u00e9liminant efficacement Propinebacterium acnes. Associ\u00e9 \u00e0 des principes \nactifs m\u00e9dicinaux tels que la centella asiatica, l'acide oxalique et le brom\u00e9lia, il acc\u00e9l\u00e8re le \nprocessus de gu\u00e9rison, prot\u00e9geant la peau d'\u00e9ventuelles irritations.<\/p>\n<p><strong><span style=\"color: #000000;\">Comment appliquer:<\/span><\/strong><\/p>\n<p><strong><span style=\"color: #000000;\">\u00c9tape 1:<\/span><\/strong><\/p>\n<p class=\" translation-block\">\u2022 M\u00e9langez 2,5 g de poudre d'enzyme (1\/2 tasse \u00e0 mesurer) avec 5 ml d'eau (tasse \u00e0 mesurer pleine).<br>\n\u2022 M\u00e9langez pendant 1 minute jusqu'\u00e0 obtenir une mousse.<br>\n\u2022 Appliquer sur tout le visage \u00e0 l'aide d'un pinceau \u00e9ventail et masser.<br>\n\u2022 Laisser poser 7 minutes.<br>\n\u2022 Retirez le produit avec un chiffon humide ou une gaze.<br>\n* Pour les peaux sensibles, laisser agir 5 minutes et retirer.<\/p>\n<p><span style=\"color: #000000;\"><strong>\u00c9tape 2:<\/strong><\/span><\/p>\n<p class=\" translation-block\">\u2022 Appliquez la quantit\u00e9 souhait\u00e9e de masque facial au th\u00e9 vert sur la zone \u00e0 traiter.<br>\n\u2022 Laisser agir 5 \u00e0 7 minutes.<br>\n\u2022 Retirez l'exc\u00e9dent avec un chiffon ou une spatule.<br>\n\u2022 Essuyez le visage avec un chiffon humide.<\/p>\n<p><span style=\"color: #000000;\"><strong>\u00c9tape 3<\/strong><\/span><\/p>\n<p>Appliquez 3 \u00e0 4 gouttes du Cure serum Ala-13 sur la zone trait\u00e9e et massez jusqu'\u00e0 absorption \ncompl\u00e8te<\/p>\n<p><strong><span style=\"color: #000000;\">\u00c9tape 4<\/span><\/strong><\/p>\n<p class=\" translation-block\">\u2022 M\u00e9langer 50 g de Spot Diminishing Ala Hydrojelly Mask avec 40 ml d'eau jusqu'\u00e0 \nl'obtention d'une consistance de gel. <br>\n\u2022 Appliquer sur la surface de la peau \u00e0 traiter, en \u00e9talant le m\u00e9lange uniform\u00e9ment. Veillez \u00e0 \nlaisser une couche \u00e9paisse sur les bords ext\u00e9rieurs du masque. <br>\n\u2022 Laissez agir pendant 15 \u00e0 20 minutes. Si vous disposez d'une lampe LED, vous pouvez \nl'utiliser en m\u00eame temps que la lumi\u00e8re bleue pour renforcer l'effet bact\u00e9ricide. <br>\n\u2022 Soulevez les bords et retirez le masque en une seule fois.<\/p>","protected":false},"excerpt":{"rendered":"<p><span style=\"color: #000000;\">Livraison 2-3 jours ouvrables<\/span><\/p>","protected":false},"featured_media":1661,"comment_status":"open","ping_status":"closed","template":"","meta":[],"product_cat":[128],"product_tag":[],"class_list":{"0":"post-1671","1":"product","2":"type-product","3":"status-publish","4":"has-post-thumbnail","6":"product_cat-acne-bactericidal-therapy","8":"first","9":"outofstock","10":"taxable","11":"shipping-taxable","12":"product-type-simple"},"_links":{"self":[{"href":"https:\/\/swissbeautypro.com\/fr\/wp-json\/wp\/v2\/product\/1671","targetHints":{"allow":["GET"]}}],"collection":[{"href":"https:\/\/swissbeautypro.com\/fr\/wp-json\/wp\/v2\/product"}],"about":[{"href":"https:\/\/swissbeautypro.com\/fr\/wp-json\/wp\/v2\/types\/product"}],"replies":[{"embeddable":true,"href":"https:\/\/swissbeautypro.com\/fr\/wp-json\/wp\/v2\/comments?post=1671"}],"version-history":[{"count":6,"href":"https:\/\/swissbeautypro.com\/fr\/wp-json\/wp\/v2\/product\/1671\/revisions"}],"predecessor-version":[{"id":2887,"href":"https:\/\/swissbeautypro.com\/fr\/wp-json\/wp\/v2\/product\/1671\/revisions\/2887"}],"wp:featuredmedia":[{"embeddable":true,"href":"https:\/\/swissbeautypro.com\/fr\/wp-json\/wp\/v2\/media\/1661"}],"wp:attachment":[{"href":"https:\/\/swissbeautypro.com\/fr\/wp-json\/wp\/v2\/media?parent=1671"}],"wp:term":[{"taxonomy":"product_cat","embeddable":true,"href":"https:\/\/swissbeautypro.com\/fr\/wp-json\/wp\/v2\/product_cat?post=1671"},{"taxonomy":"product_tag","embeddable":true,"href":"https:\/\/swissbeautypro.com\/fr\/wp-json\/wp\/v2\/product_tag?post=1671"}],"curies":[{"name":"wp","href":"https:\/\/api.w.org\/{rel}","templated":true}]}}