{"id":1674,"date":"2024-05-06T15:45:58","date_gmt":"2024-05-06T15:45:58","guid":{"rendered":"https:\/\/swissbeautypro.com\/?post_type=product&#038;p=1674"},"modified":"2024-09-11T22:54:30","modified_gmt":"2024-09-11T22:54:30","slug":"detoxifying-and-seboregulating-protocol","status":"publish","type":"product","link":"https:\/\/swissbeautypro.com\/fr\/produit\/detoxifying-and-seboregulating-protocol\/","title":{"rendered":"PROTOCOLE D\u00c9TOXIFIANT ET S\u00c9BOR\u00c9GULATEUR"},"content":{"rendered":"<p>&#8211; 1 Enzyme powder<br \/>\n&#8211; 1 Vitamin Cream Face Mask<br \/>\n&#8211; 1 Super Greens Strength Hydrojelly Mask or Purifying Actived Charcoal<br \/>\n&#8211; 1 O2 Cure serum<\/p>\n<p><span style=\"color: #000000;\"><strong>\u00c9tape 1:<\/strong><\/span><span style=\"color: #993300;\"><a style=\"color: #993300; text-decoration: underline;\" href=\"https:\/\/swissbeautypro.com\/product\/enzyme-powder-includes-measuring-cup\/\">Enzyme Powder<\/a><\/span><\/p>\n<p class=\" translation-block\">Cette \u00e9tape est essentielle pour pr\u00e9parer la peau avant tout acte m\u00e9dico-esth\u00e9tique. Il permet de \nnettoyer la peau en profondeur et de dilater les pores pour \u00e9liminer toutes les impuret\u00e9s, y compris \nles cr\u00e8mes et le maquillage. De plus, ses composants enzymatiques effectuent une exfoliation \nsuperficielle de la couche corn\u00e9e en \u00e9liminant les cellules mortes.<\/p>\n<p><span style=\"color: #000000;\"><strong>Ingr\u00e9dients actifs :<\/strong><\/span><\/p>\n<p>\u2022 Papain<br \/>\n\u2022 Allantoin<\/p>\n<p><span style=\"color: #000000;\"><strong>\u00c9tape 2:<\/strong> <span style=\"text-decoration: underline; color: #993300;\"><a style=\"color: #993300; text-decoration: underline;\" href=\"https:\/\/swissbeautypro.com\/product\/vitamin-face-mask\/\">Vitamin Cream Face Mask<\/a><\/span><\/span><\/p>\n<p class=\" translation-block\">Le m\u00e9canisme d'action de l'alpha arbutine est d'inhiber l'activit\u00e9 de la tyrosinase, ce qui ralentit le \nprocessus de pigmentation en \u00e9liminant progressivement l'hyperpigmentation de la peau. Associ\u00e9 au \npamplemousse, un fruit riche en vitamines C, B2, B3, potassium, calcium, fer, phosphore, \nmagn\u00e9sium et min\u00e9raux, l'alpha arbutine \u00e9claircit, adoucit et donne un effet \u00e9clatant \u00e0 la peau.<\/p>\n<p class=\" translation-block\">Ingr\u00e9dients actifs: <br>\n\u2022 Arbutine <br>\n\u2022 Pamplemousse<\/p>\n<p><span style=\"color: #000000;\"><strong>\u00c9tape 3<\/strong> <span style=\"color: #993300;\"><a style=\"color: #993300; text-decoration: underline;\" href=\"https:\/\/swissbeautypro.com\/product\/super-greens-strength\/\">Super Greens Strength Hydrojelly<\/a><\/span><\/span> Mask or <span style=\"color: #993300;\"><a style=\"color: #993300; text-decoration: underline;\" href=\"https:\/\/swissbeautypro.com\/product\/purifying-actived-charcoal\/\">Purifying Activated Charcoal<\/a><\/span><\/p>\n<p class=\" translation-block\">Super Greens Strength est riche en micronutriments, flavono\u00efdes et phyto-nutriments qui restaurent \nle pH de la peau et permettent la synth\u00e8se de nouvelles prot\u00e9ines. Il r\u00e9duit les impuret\u00e9s de la peau \ngr\u00e2ce \u00e0 son effet Detox.<\/p>\n<p><span style=\"color: #000000;\">Ingr\u00e9dients actifs :<\/span><\/p>\n<p class=\" translation-block\">\u2022 Organic powder of Kale, Spinach, Alfal- fa, Spirulina, Moringa, Olive, Acerola, Olive,<br>\r\nBarley, Psyllium and Baobad.<br>\r\n\u2022 Willow bark<br>\r\n\u2022 Kiwi seeds<\/p>\n<p>Ou<\/p>\n<p class=\" translation-block\">Purifying Activated Charcoal Mask traite les plaies post-rasage, la folliculite, les rougeurs et la \npigmentation. C'est un masque purifiant qui nettoie en profondeur. Il est efficace pour les \ntraitements l\u00e9gers de l'acn\u00e9.<\/p>\n<p class=\" translation-block\">Active ingredients:<br>\r\n\u2022 Pure charcoal<br>\r\n\u2022 Tea tree extract<br>\r\n\u2022 Essential extract of peppermint leaves<\/p>\n<p><strong><span style=\"color: #000000;\">\u00c9tape 4<\/span> <\/strong><span style=\"text-decoration: underline;\"><span style=\"color: #993300;\"><a style=\"color: #993300; text-decoration: underline;\" href=\"https:\/\/swissbeautypro.com\/product\/o2-20-serum\/\">O2 Cure Serum<\/a><\/span><\/span><\/p>\n<p class=\" translation-block\">La concentration en oxyg\u00e8ne est de 20 %. Associ\u00e9e au romarin et \u00e0 la grenade de l'Himalaya, elle \nrevitalise les peaux ternes dues \u00e0 divers facteurs tels que l'\u00e2ge, le stress ou la pollution, en leur \napportant des propri\u00e9t\u00e9s astringentes, antiseptiques, nettoyantes et \u00e9mollientes.<\/p>\n<p><span style=\"color: #000000;\"><strong>Comment appliquer:<\/strong><\/span><\/p>\n<p><strong><span style=\"color: #000000;\">\u00c9tape 1:<\/span><\/strong><\/p>\n<p class=\" translation-block\">\u2022 M\u00e9langez 2,5 g de poudre d'enzyme (1\/2 m\u00e8tre) avec 5 ml d'eau (compteur complet).<br>\n\u2022 M\u00e9langez pendant 1 minute jusqu'\u00e0 obtenir une mousse.<br>\n\u2022 Appliquer sur tout le visage avec un pinceau \u00e9ventail et masser.<br>\n\u2022 Laisser poser 7 minutes.<br>\n\u2022 Retirez le produit avec un chiffon humide ou une gaze.<br>\n* Sur peau sensible, laisser agir 5 minutes et retirer.<\/p>\n<p><span style=\"color: #000000;\"><strong>\u00c9tape 2:<\/strong><\/span><\/p>\n<p class=\" translation-block\">\u2022 Appliquez la quantit\u00e9 souhait\u00e9e de Masque Cr\u00e8me Vitamin\u00e9 sur la zone \u00e0 traiter.<br>\n\u2022 Massez la cr\u00e8me avec des mouvements circulaires et laissez agir 5 \u00e0 7 minutes.<br>\n\u2022 Retirez l'exc\u00e9dent avec un chiffon ou une spatule.<br>\n\u2022 Essuyez le visage avec un chiffon humide.<\/p>\n<p><span style=\"color: #000000;\"><strong>\u00c9tape 3<\/strong><\/span><\/p>\n<p class=\" translation-block\">\u2022 M\u00e9langer 50 g de Super Greens Strength Hydrojelly Mask ou Purifying Activated Charcoal \nHydrojelly Mask avec 40 ml d'eau, jusqu'\u00e0 l'obtention d'une consistance de gel. <br>\n\u2022 Appliquer sur la surface de la peau \u00e0 traiter, en \u00e9talant le m\u00e9lange uniform\u00e9ment. Veillez \u00e0 \nlaisser une couche \u00e9paisse sur les bords ext\u00e9rieurs du masque. <br>\n\u2022 Laisser agir pendant 15 \u00e0 20 minutes. <br>\n\u2022 Soulevez les bords et retirez le masque en un seul geste.<\/p>\n<p><span style=\"color: #000000;\"><strong>\u00c9tape 4<\/strong><\/span><\/p>\n<p>Appliquez 3 \u00e0 4 gouttes du O2 Cure Serum sur la zone trait\u00e9e et massez jusqu'\u00e0 absorption \ncompl\u00e8te.<\/p>","protected":false},"excerpt":{"rendered":"<p><span style=\"color: #000000;\">Livraison 2-3 jours ouvrables<\/span><\/p>","protected":false},"featured_media":1663,"comment_status":"closed","ping_status":"closed","template":"","meta":[],"product_cat":[129],"product_tag":[],"class_list":{"0":"post-1674","1":"product","2":"type-product","3":"status-publish","4":"has-post-thumbnail","6":"product_cat-detoxifying-and-seboregulating","8":"first","9":"outofstock","10":"taxable","11":"shipping-taxable","12":"product-type-simple"},"_links":{"self":[{"href":"https:\/\/swissbeautypro.com\/fr\/wp-json\/wp\/v2\/product\/1674","targetHints":{"allow":["GET"]}}],"collection":[{"href":"https:\/\/swissbeautypro.com\/fr\/wp-json\/wp\/v2\/product"}],"about":[{"href":"https:\/\/swissbeautypro.com\/fr\/wp-json\/wp\/v2\/types\/product"}],"replies":[{"embeddable":true,"href":"https:\/\/swissbeautypro.com\/fr\/wp-json\/wp\/v2\/comments?post=1674"}],"version-history":[{"count":6,"href":"https:\/\/swissbeautypro.com\/fr\/wp-json\/wp\/v2\/product\/1674\/revisions"}],"predecessor-version":[{"id":2886,"href":"https:\/\/swissbeautypro.com\/fr\/wp-json\/wp\/v2\/product\/1674\/revisions\/2886"}],"wp:featuredmedia":[{"embeddable":true,"href":"https:\/\/swissbeautypro.com\/fr\/wp-json\/wp\/v2\/media\/1663"}],"wp:attachment":[{"href":"https:\/\/swissbeautypro.com\/fr\/wp-json\/wp\/v2\/media?parent=1674"}],"wp:term":[{"taxonomy":"product_cat","embeddable":true,"href":"https:\/\/swissbeautypro.com\/fr\/wp-json\/wp\/v2\/product_cat?post=1674"},{"taxonomy":"product_tag","embeddable":true,"href":"https:\/\/swissbeautypro.com\/fr\/wp-json\/wp\/v2\/product_tag?post=1674"}],"curies":[{"name":"wp","href":"https:\/\/api.w.org\/{rel}","templated":true}]}}