{"id":1683,"date":"2024-05-06T16:10:58","date_gmt":"2024-05-06T16:10:58","guid":{"rendered":"https:\/\/swissbeautypro.com\/?post_type=product&#038;p=1683"},"modified":"2024-09-11T22:54:27","modified_gmt":"2024-09-11T22:54:27","slug":"post-acne-scars-protocol","status":"publish","type":"product","link":"https:\/\/swissbeautypro.com\/fr\/produit\/post-acne-scars-protocol\/","title":{"rendered":"PROTOCOLE POST-CICATRICES D'ACN\u00c9"},"content":{"rendered":"<p>\u2022 1 Enzyme Powder<br \/>\n\u2022 1 Snow Face Mask<br \/>\n\u2022 1 Serum Nano EGF (Factores de crecimiento)<br \/>\n\u2022 1 Renewal Boost Hydrojelly Mask<\/p>\n<p><span style=\"color: #000000;\"><strong>\u00c9tape 1:<\/strong> <span style=\"text-decoration: underline; color: #993300;\"><a style=\"color: #993300; text-decoration: underline;\" href=\"https:\/\/swissbeautypro.com\/product\/enzyme-powder-includes-measuring-cup\/\">Enzyme Powder<\/a><\/span><\/span><\/p>\n<p class=\" translation-block\">Cette \u00e9tape est essentielle pour pr\u00e9parer la peau avant tout acte m\u00e9dico-esth\u00e9tique. Il permet de \nnettoyer la peau en profondeur et de dilater les pores pour \u00e9liminer toutes les impuret\u00e9s, y compris \nles cr\u00e8mes et le maquillage. De plus, ses composants enzymatiques effectuent une exfoliation \nsuperficielle de la couche corn\u00e9e en \u00e9liminant les cellules mortes.<\/p>\n<p class=\" translation-block\">Active ingredients:<br>\r\n\u2022 Papain<br>\r\n\u2022 Allantoin<\/p>\n<p><span style=\"color: #000000;\"><strong>\u00c9tape 2:<\/strong> <span style=\"color: #993300;\"><a style=\"color: #993300; text-decoration: underline;\" href=\"https:\/\/swissbeautypro.com\/product\/snow-face-mask\/\">Snow Cream Face Mask<\/a><\/span><\/span><\/p>\n<p class=\" translation-block\">Les concentrations \u00e9lev\u00e9es d'acides gras (acide laurique et acide caprique) et de vitamines A, E et \nD, pr\u00e9sentes dans le beurre de karit\u00e9, le miel et l'extrait de noix de coco, procurent une ultrahydratation qui prot\u00e8ge la peau et lui conf\u00e8re un aspect soyeux et \u00e9clatant. Id\u00e9ale pour les peaux sensibles et intol\u00e9rantes, l'ecz\u00e9ma et le psoriasis.<\/p>\n<p class=\" translation-block\">Gr\u00e2ce \u00e0 sa texture l\u00e9g\u00e8re, elle permet \u00e9galement des massages activateurs sur les diff\u00e9rents \nprincipes actifs et un drainage lymphatique.<\/p>\n<p><strong><span style=\"color: #000000;\">\u00c9tape 3<\/span><\/strong> <span style=\"text-decoration: underline;\"><span style=\"color: #993300;\"><a style=\"color: #993300; text-decoration: underline;\" href=\"https:\/\/swissbeautypro.com\/product\/renewal-boost\/\">Renewal Boost Hydrojelly Mask<\/a><\/span><\/span><\/p>\n<p class=\" translation-block\">Masque id\u00e9al pour le traitement des cicatrices post-acn\u00e9iques, l'exfoliation et le renouvellement de la peau et comme traitement anticellulite. Favorise le renouvellement et la r\u00e9paration des cellules \nendommag\u00e9es. Minimise l'apparence des cicatrices d'acn\u00e9.<\/p>\n<p>Ingr\u00e9dients actifs :<\/p>\n<p class=\" translation-block\">\u2013 Cyanophyceae algae<br>\r\n\u2013 Spirulina<br>\r\n\u2013 Diamond Powder<\/p>\n<p><span style=\"color: #000000;\"><strong>\u00c9tape 4<\/strong> Nano EGF Cure Serum (Factores de crecimiento)<\/span><\/p>\n<p class=\" translation-block\">Les facteurs de croissance permettent le remodelage extracellulaire de la matrice cutan\u00e9e. Ils ont un \npouvoir mitog\u00e8ne sur une grande vari\u00e9t\u00e9 de cellules \u00e9pith\u00e9liales et de fibroblastes. Ils stimulent la \ndivision des k\u00e9ratinocytes et la r\u00e9g\u00e9n\u00e9ration de l'\u00e9piderme.<\/p>\n<p><strong><span style=\"color: #000000;\">Comment appliquer:<\/span><\/strong><\/p>\n<p><span style=\"color: #000000;\"><strong>\u00c9tape 1:<\/strong><\/span><\/p>\n<p class=\" translation-block\">\u2022 M\u00e9langez 2,5 g de poudre d'enzyme (1\/2 m\u00e8tre) avec 5 ml d'eau (compteur complet).<br>\n\u2022 M\u00e9langez pendant 1 minute jusqu'\u00e0 obtenir une mousse.<br>\n\u2022 Appliquer sur tout le visage avec un pinceau \u00e9ventail et masser.<br>\n\u2022 Laisser poser 7 minutes.<br>\n\u2022 Retirez le produit avec un chiffon humide ou une gaze.<br>\n* Sur peau sensible, laisser agir 5 minutes et retirer.<\/p>\n<p><strong><span style=\"color: #000000;\">\u00c9tape 2:<\/span><\/strong><\/p>\n<p class=\" translation-block\">\u2022 Appliquez la quantit\u00e9 souhait\u00e9e de Snow Cream Face Mask sur la zone \u00e0 traiter.<br>\n\u2022 Massez la cr\u00e8me en mouvements circulaires et laissez agir 5 \u00e0 7 minutes.<br>\n\u2022 Retirez l'exc\u00e9dent avec un chiffon ou une spatule.<br>\n\u2022 Essuyez le visage avec un chiffon humide.<\/p>\n<p><strong><span style=\"color: #000000;\">\u00c9tape 3<\/span><\/strong><\/p>\n<p class=\" translation-block\">\u2022 M\u00e9langer 50 g de Renewal Boost Hydrojelly Mask avec 40 ml d'eau, jusqu'\u00e0 l'obtention \nd'une consistance de gel. <br>\n\u2022 Appliquer sur la surface de la peau \u00e0 traiter, en \u00e9talant le m\u00e9lange uniform\u00e9ment. Veillez \u00e0 \nlaisser une couche \u00e9paisse sur les bords ext\u00e9rieurs du masque. <br>\n\u2022 Laisser agir pendant 15 \u00e0 20 minutes. <br>\n\u2022 Soulevez les bords et retirez le masque en un seul geste<\/p>\n<p><strong><span style=\"color: #000000;\">\u00c9tape 4<\/span><\/strong><\/p>\n<p class=\" translation-block\">\u2022 Appliquez 3 \u00e0 4 gouttes du Nano EGF Cure Serum sur la zone trait\u00e9e et massez jusqu'\u00e0 absorption \ncompl\u00e8te.<\/p>","protected":false},"excerpt":{"rendered":"<p><span style=\"color: #000000;\">Livraison 2-3 jours ouvrables<\/span><\/p>","protected":false},"featured_media":1658,"comment_status":"open","ping_status":"closed","template":"","meta":[],"product_cat":[132],"product_tag":[],"class_list":{"0":"post-1683","1":"product","2":"type-product","3":"status-publish","4":"has-post-thumbnail","6":"product_cat-post-acne-scars","8":"first","9":"outofstock","10":"taxable","11":"shipping-taxable","12":"product-type-simple"},"_links":{"self":[{"href":"https:\/\/swissbeautypro.com\/fr\/wp-json\/wp\/v2\/product\/1683","targetHints":{"allow":["GET"]}}],"collection":[{"href":"https:\/\/swissbeautypro.com\/fr\/wp-json\/wp\/v2\/product"}],"about":[{"href":"https:\/\/swissbeautypro.com\/fr\/wp-json\/wp\/v2\/types\/product"}],"replies":[{"embeddable":true,"href":"https:\/\/swissbeautypro.com\/fr\/wp-json\/wp\/v2\/comments?post=1683"}],"version-history":[{"count":8,"href":"https:\/\/swissbeautypro.com\/fr\/wp-json\/wp\/v2\/product\/1683\/revisions"}],"predecessor-version":[{"id":2883,"href":"https:\/\/swissbeautypro.com\/fr\/wp-json\/wp\/v2\/product\/1683\/revisions\/2883"}],"wp:featuredmedia":[{"embeddable":true,"href":"https:\/\/swissbeautypro.com\/fr\/wp-json\/wp\/v2\/media\/1658"}],"wp:attachment":[{"href":"https:\/\/swissbeautypro.com\/fr\/wp-json\/wp\/v2\/media?parent=1683"}],"wp:term":[{"taxonomy":"product_cat","embeddable":true,"href":"https:\/\/swissbeautypro.com\/fr\/wp-json\/wp\/v2\/product_cat?post=1683"},{"taxonomy":"product_tag","embeddable":true,"href":"https:\/\/swissbeautypro.com\/fr\/wp-json\/wp\/v2\/product_tag?post=1683"}],"curies":[{"name":"wp","href":"https:\/\/api.w.org\/{rel}","templated":true}]}}