{"id":1687,"date":"2024-05-06T16:21:30","date_gmt":"2024-05-06T16:21:30","guid":{"rendered":"https:\/\/swissbeautypro.com\/?post_type=product&#038;p=1687"},"modified":"2024-09-11T22:54:26","modified_gmt":"2024-09-11T22:54:26","slug":"brightening-shining-roses-protocol","status":"publish","type":"product","link":"https:\/\/swissbeautypro.com\/fr\/produit\/brightening-shining-roses-protocol\/","title":{"rendered":"PROTOCOLE DES ROSES LUMINEUSES ET BRILLANTES"},"content":{"rendered":"<p>\u2022 1 Enzyme Powder<br \/>\n\u2022 1 Rose Face Mask<br \/>\n\u2022 1 Egyptian Rose Hydrojelly Mask<br \/>\n\u2022 1 Serum Vitamin C<\/p>\n<p><span style=\"color: #000000;\"><strong>\u00c9tape 1: <\/strong><span style=\"text-decoration: underline;\"><span style=\"color: #993300;\"><a style=\"color: #993300; text-decoration: underline;\" href=\"https:\/\/swissbeautypro.com\/product\/enzyme-powder-includes-measuring-cup\/\">Enzyme Powder<\/a><\/span><\/span><\/span><\/p>\n<p class=\" translation-block\">Cette \u00e9tape est essentielle pour pr\u00e9parer la peau avant tout acte m\u00e9dico-esth\u00e9tique. Il permet de \nnettoyer la peau en profondeur et de dilater les pores pour \u00e9liminer toutes les impuret\u00e9s, y compris \nles cr\u00e8mes et le maquillage. De plus, ses composants enzymatiques effectuent une exfoliation \nsuperficielle de la couche corn\u00e9e en \u00e9liminant les cellules mortes.<\/p>\n<p class=\" translation-block\">Active ingredients:<br>\r\n\u2022 Papain<br>\r\n\u2022 Allantoin<\/p>\n<p><span style=\"color: #000000;\"><strong>\u00c9tape 2: <\/strong><span style=\"text-decoration: underline; color: #993300;\"><a style=\"color: #993300; text-decoration: underline;\" href=\"https:\/\/swissbeautypro.com\/product\/rose-face-mask\/\">Rose Cream Face Mask<\/a><\/span><\/span><\/p>\n<p class=\" translation-block\">Contient des bourgeons de rose, de l'eau de rose de Damas, de la rosa gallica, du th\u00e9ier (camellia \nsinensis), de la grenade biologique et du basilic japonais ; riche en antioxydants et en vitamines A, \nC, D et E, qui hydratent, revitalisent et \u00e9claircissent la peau, att\u00e9nuant les ridules et les rougeurs.<\/p>\n<p><span style=\"color: #000000;\"><strong>\u00c9tape 3 <\/strong><span style=\"color: #993300;\"><a style=\"color: #993300; text-decoration: underline;\" href=\"https:\/\/swissbeautypro.com\/product\/egyptian-rose\/\">Egyptian Rose Hydrojelly Mask<\/a><\/span><\/span><\/p>\n<p class=\" translation-block\">Contient huit types de p\u00e9tales de rose, riches en vitamine C pour leur action antioxydante. Hydrate, \nillumine, d\u00e9pigmente et prot\u00e8ge la peau de la d\u00e9shydratation et de la pollution.<\/p>\n<p class=\" translation-block\">Active ingredients:<br>\r\n\u2022 Organic powder of petal buds and buds of Egyptian roses.<\/p>\n<p><strong><span style=\"color: #000000;\">\u00c9tape 4 <\/span><\/strong><span style=\"text-decoration: underline;\"><span style=\"color: #993300;\"><a style=\"color: #993300; text-decoration: underline;\" href=\"https:\/\/swissbeautypro.com\/product\/vitamin-c-serum\/\">Vitamin C Cure Serum<\/a><\/span><\/span><\/p>\n<p>S\u00e9rum \u00e0 base de vitamine C, id\u00e9al pour sceller le traitement antioxydant.<\/p>\n<p><strong>Comment appliquer:<\/strong><\/p>\n<p><strong><span style=\"color: #000000;\">\u00c9tape 1:<\/span><\/strong><\/p>\n<p class=\" translation-block\">\u2022 M\u00e9langez 2,5 g de poudre d'enzyme (1\/2 m\u00e8tre) avec 5 ml d'eau (compteur complet).<br>\n\u2022 M\u00e9langez pendant 1 minute jusqu'\u00e0 obtenir une mousse.<br>\n\u2022 Appliquer sur tout le visage avec un pinceau \u00e9ventail et masser.<br>\n\u2022 Laisser poser 7 minutes.<br>\n\u2022 Retirez le produit avec un chiffon humide ou une gaze.<br>\n* Sur peau sensible, laisser agir 5 minutes et retirer.<\/p>\n<p><strong><span style=\"color: #000000;\">\u00c9tape 2:<\/span><\/strong><\/p>\n<p class=\" translation-block\">\u2022 Appliquez la quantit\u00e9 souhait\u00e9e de Masque Visage Cr\u00e8me \u00e0 la Rose sur la zone \u00e0 traiter.<br>\n\u2022 Massez la cr\u00e8me avec des mouvements circulaires et laissez agir 5 \u00e0 7 minutes.<br>\n\u2022 Retirez l'exc\u00e9dent avec un chiffon ou une spatule.<br>\n\u2022 Essuyez le visage avec un chiffon humide.<\/p>\n<p><span style=\"color: #000000;\"><strong>\u00c9tape 3<\/strong><\/span><\/p>\n<p class=\" translation-block\">\u2022 M\u00e9langer 50 g de Egyptian Rose Hydrojelly Mask avec 40 ml d'eau, jusqu'\u00e0 l'obtention \nd'une consistance de gel. <br>\n\u2022 Appliquer sur la surface de la peau \u00e0 traiter, en \u00e9talant le m\u00e9lange uniform\u00e9ment. Veillez \u00e0 \nlaisser une couche \u00e9paisse sur les bords ext\u00e9rieurs du masque. <br>\n\u2022 Laisser agir pendant 15 \u00e0 20 minutes.<br> \n\u2022 Soulevez les bords et retirez le masque en un seul geste.<\/p>\n<p><strong><span style=\"color: #000000;\">\u00c9tape 4<\/span><\/strong><\/p>\n<p class=\" translation-block\">- Appliquez 3 \u00e0 4 gouttes du S\u00e9rum Cure \u00e0 l'Acide Hyaluronique sur la zone trait\u00e9e et massez \njusqu'\u00e0 absorption compl\u00e8te.<\/p>","protected":false},"excerpt":{"rendered":"<p><span style=\"color: #000000;\">Livraison 2-3 jours ouvrables<\/span><\/p>","protected":false},"featured_media":1662,"comment_status":"open","ping_status":"closed","template":"","meta":[],"product_cat":[133],"product_tag":[],"class_list":{"0":"post-1687","1":"product","2":"type-product","3":"status-publish","4":"has-post-thumbnail","6":"product_cat-brightening-shining-roses","8":"first","9":"outofstock","10":"taxable","11":"shipping-taxable","12":"product-type-simple"},"_links":{"self":[{"href":"https:\/\/swissbeautypro.com\/fr\/wp-json\/wp\/v2\/product\/1687","targetHints":{"allow":["GET"]}}],"collection":[{"href":"https:\/\/swissbeautypro.com\/fr\/wp-json\/wp\/v2\/product"}],"about":[{"href":"https:\/\/swissbeautypro.com\/fr\/wp-json\/wp\/v2\/types\/product"}],"replies":[{"embeddable":true,"href":"https:\/\/swissbeautypro.com\/fr\/wp-json\/wp\/v2\/comments?post=1687"}],"version-history":[{"count":8,"href":"https:\/\/swissbeautypro.com\/fr\/wp-json\/wp\/v2\/product\/1687\/revisions"}],"predecessor-version":[{"id":2882,"href":"https:\/\/swissbeautypro.com\/fr\/wp-json\/wp\/v2\/product\/1687\/revisions\/2882"}],"wp:featuredmedia":[{"embeddable":true,"href":"https:\/\/swissbeautypro.com\/fr\/wp-json\/wp\/v2\/media\/1662"}],"wp:attachment":[{"href":"https:\/\/swissbeautypro.com\/fr\/wp-json\/wp\/v2\/media?parent=1687"}],"wp:term":[{"taxonomy":"product_cat","embeddable":true,"href":"https:\/\/swissbeautypro.com\/fr\/wp-json\/wp\/v2\/product_cat?post=1687"},{"taxonomy":"product_tag","embeddable":true,"href":"https:\/\/swissbeautypro.com\/fr\/wp-json\/wp\/v2\/product_tag?post=1687"}],"curies":[{"name":"wp","href":"https:\/\/api.w.org\/{rel}","templated":true}]}}