{"id":1700,"date":"2024-05-06T16:58:56","date_gmt":"2024-05-06T16:58:56","guid":{"rendered":"https:\/\/swissbeautypro.com\/?post_type=product&#038;p=1700"},"modified":"2024-09-11T22:54:23","modified_gmt":"2024-09-11T22:54:23","slug":"post-hyperchromia-treatment-protocol","status":"publish","type":"product","link":"https:\/\/swissbeautypro.com\/fr\/produit\/post-hyperchromia-treatment-protocol\/","title":{"rendered":"PROTOCOLE DE TRAITEMENT POST HYPERCHROMIE"},"content":{"rendered":"<p>Convient aux peaux sensibles<br \/>\n\u2022 1 Enzyme Powder<br \/>\n\u2022 1 Vitamin Face Mask<br \/>\n\u2022 1 Discoloration Alpha Alburtin Hydrojelly Mask<br \/>\n\u2022 Vitamin C Serum<\/p>\n<p><strong><span style=\"color: #000000;\">\u00c9tape 1:<\/span><\/strong> <span style=\"color: #993300;\"><a style=\"color: #993300; text-decoration: underline;\" href=\"https:\/\/swissbeautypro.com\/product\/enzyme-powder-includes-measuring-cup\/\">Enzyme<\/a> <a style=\"color: #993300; text-decoration: underline;\" href=\"https:\/\/swissbeautypro.com\/product\/enzyme-powder-includes-measuring-cup\/\">Powder<\/a><\/span><\/p>\n<p class=\" translation-block\">Cette \u00e9tape est essentielle pour pr\u00e9parer la peau avant tout acte m\u00e9dico-esth\u00e9tique. Il permet de \nnettoyer la peau en profondeur et de dilater les pores pour \u00e9liminer toutes les impuret\u00e9s, y compris \nles cr\u00e8mes et le maquillage. De plus, ses composants enzymatiques effectuent une exfoliation \nsuperficielle de la couche corn\u00e9e en \u00e9liminant les cellules mortes.<\/p>\n<p class=\" translation-block\">Active ingredients:<br>\r\n\u2022 Papain<br>\r\n\u2022 Allantoin<\/p>\n<p><span style=\"color: #000000;\"><strong>\u00c9tape 2: <\/strong><span style=\"text-decoration: underline;\"><span style=\"color: #993300;\"><a style=\"color: #993300; text-decoration: underline;\" href=\"https:\/\/swissbeautypro.com\/product\/vitamin-face-mask\/\">Vitamin Cream Face Mask<\/a><\/span><\/span><\/span><\/p>\n<p class=\" translation-block\">Le m\u00e9canisme d'action de l'alpha arbutine est d'inhiber l'activit\u00e9 de la tyrosinase, ce qui ralentit le \nprocessus de pigmentation en \u00e9liminant progressivement l'hyperpigmentation de la peau. Associ\u00e9 au \npamplemousse, un fruit riche en vitamines C, B2, B3, potassium, calcium, fer, phosphore, \nmagn\u00e9sium et min\u00e9raux, l'alpha arbutine \u00e9claircit, adoucit et donne un effet \u00e9clatant \u00e0 la peau.<\/p>\n<p>Ingr\u00e9dients actifs :<\/p>\n<p class=\" translation-block\">\u2022 Arbutine <br>\n\u2022 Pamplemousse<\/p>\n<p><strong><span style=\"color: #000000;\">\u00c9tape 3<\/span><\/strong> <span style=\"color: #993300;\"><a style=\"color: #993300; text-decoration: underline;\" href=\"https:\/\/swissbeautypro.com\/product\/discoloration-alpha-arbutin-hydrojelly\/\">Discolouration Alpha Alburtin Hydrojelly Mask<\/a><\/span><\/p>\n<p class=\" translation-block\">Id\u00e9al pour le traitement de l'hyperpigmentation cutan\u00e9e sur les peaux sensibles sans augmenter la \nsensibilit\u00e9 de la peau, en contrant les effets irritants ou allergisants sur les m\u00e9lanocytes. Le \nglutathion prot\u00e8ge les cellules de l'oxydation, combat les radicaux libres et inhibe la synth\u00e8se de la \nm\u00e9lanine. <br>\n\u2022 Alpha arbutin\n<br>\n\u2022 Glutathione<\/p>\n<p><span style=\"color: #000000;\"><strong>\u00a0\u00c9tape 4<\/strong> <span style=\"color: #993300;\"><a style=\"color: #993300; text-decoration: underline;\" href=\"https:\/\/swissbeautypro.com\/product\/vitamin-c-serum\/\">Vitamin C Cure Serum<\/a><\/span><\/span><\/p>\n<p>S\u00e9rum \u00e0 base de vitamine C, id\u00e9al pour sceller le traitement antioxydant.<\/p>\n<p><strong><span style=\"color: #000000;\">Comment appliquer:<\/span><\/strong><\/p>\n<p><strong><span style=\"color: #000000;\">\u00c9tape 1:<\/span><\/strong><\/p>\n<p class=\" translation-block\">\u2022 M\u00e9langez 2,5 g de poudre d'enzyme (1\/2 m\u00e8tre) avec 5 ml d'eau (compteur complet).<br>\n\u2022 M\u00e9langez pendant 1 minute jusqu'\u00e0 obtenir une mousse.<br>\n\u2022 Appliquer sur tout le visage avec un pinceau \u00e9ventail et masser.<br>\n\u2022 Laisser poser 7 minutes.<br>\n\u2022 Retirez le produit avec un chiffon humide ou une gaze.<br>\n\u2022 * Sur peau sensible, laisser agir 5 minutes et retirer.<\/p>\n<p><strong><span style=\"color: #000000;\">\u00c9tape 2:<\/span><\/strong><\/p>\n<p class=\" translation-block\">\u2022 Appliquer la quantit\u00e9 souhait\u00e9e de Vitamin Face Mask sur la zone \u00e0 traiter. <br>\n\u2022 Masser la cr\u00e8me en effectuant des mouvements circulaires et laisser agir pendant 5 \u00e0 7 \nminutes. <br>\n\u2022 Retirer l'exc\u00e9dent \u00e0 l'aide d'un chiffon ou d'une spatule. <br>\n\u2022 Essuyer le visage avec un chiffon humide.<\/p>\n<p><strong><span style=\"color: #000000;\">\u00c9tape 3<\/span><\/strong><\/p>\n<p class=\" translation-block\">\u2022 M\u00e9langer 50 g de Antioxidant Goji Hydrojelly Mask ou de Illuminating Orange Hydrojelly \nMask avec 40 ml d'eau, jusqu'\u00e0 l'obtention d'une consistance de gel. <br>\n\u2022 Appliquer sur la surface de la peau \u00e0 traiter, en \u00e9talant le m\u00e9lange uniform\u00e9ment. Veillez \u00e0 \nlaisser une couche \u00e9paisse sur les bords ext\u00e9rieurs du masque. <br>\n\u2022 Laisser agir pendant 15 \u00e0 20 minutes. <br>\n\u2022 Soulevez les bords et retirez le masque en un seul geste.<\/p>\n<p><strong><span style=\"color: #000000;\">\u00c9tape 4<\/span><\/strong><\/p>\n<p class=\" translation-block\">Appliquez 3 \u00e0 4 gouttes du S\u00e9rum Vitamine C Cure sur la zone trait\u00e9e et massez jusqu'\u00e0 \nabsorption compl\u00e8te.<\/p>","protected":false},"excerpt":{"rendered":"<p><span style=\"color: #000000;\">Livraison 2-3 jours ouvrables<\/span><\/p>","protected":false},"featured_media":1659,"comment_status":"open","ping_status":"closed","template":"","meta":[],"product_cat":[136],"product_tag":[],"class_list":{"0":"post-1700","1":"product","2":"type-product","3":"status-publish","4":"has-post-thumbnail","6":"product_cat-post-hyperchromia-treatment","8":"first","9":"outofstock","10":"taxable","11":"shipping-taxable","12":"product-type-simple"},"_links":{"self":[{"href":"https:\/\/swissbeautypro.com\/fr\/wp-json\/wp\/v2\/product\/1700","targetHints":{"allow":["GET"]}}],"collection":[{"href":"https:\/\/swissbeautypro.com\/fr\/wp-json\/wp\/v2\/product"}],"about":[{"href":"https:\/\/swissbeautypro.com\/fr\/wp-json\/wp\/v2\/types\/product"}],"replies":[{"embeddable":true,"href":"https:\/\/swissbeautypro.com\/fr\/wp-json\/wp\/v2\/comments?post=1700"}],"version-history":[{"count":6,"href":"https:\/\/swissbeautypro.com\/fr\/wp-json\/wp\/v2\/product\/1700\/revisions"}],"predecessor-version":[{"id":2878,"href":"https:\/\/swissbeautypro.com\/fr\/wp-json\/wp\/v2\/product\/1700\/revisions\/2878"}],"wp:featuredmedia":[{"embeddable":true,"href":"https:\/\/swissbeautypro.com\/fr\/wp-json\/wp\/v2\/media\/1659"}],"wp:attachment":[{"href":"https:\/\/swissbeautypro.com\/fr\/wp-json\/wp\/v2\/media?parent=1700"}],"wp:term":[{"taxonomy":"product_cat","embeddable":true,"href":"https:\/\/swissbeautypro.com\/fr\/wp-json\/wp\/v2\/product_cat?post=1700"},{"taxonomy":"product_tag","embeddable":true,"href":"https:\/\/swissbeautypro.com\/fr\/wp-json\/wp\/v2\/product_tag?post=1700"}],"curies":[{"name":"wp","href":"https:\/\/api.w.org\/{rel}","templated":true}]}}